{"id":731,"date":"2026-04-20T07:48:56","date_gmt":"2026-04-20T07:48:56","guid":{"rendered":"https:\/\/www.romantichoteltorino.com\/informazioni-generali-hotel\/"},"modified":"2026-04-22T12:24:01","modified_gmt":"2026-04-22T12:24:01","slug":"informations-generales-sur-lhotel","status":"publish","type":"page","link":"https:\/\/www.romantichoteltorino.com\/fr\/informations-generales-sur-lhotel\/","title":{"rendered":"Informations G\u00e9n\u00e9rales Sur L&rsquo;h\u00f4tel"},"content":{"rendered":"<p>Nous vous remercions d\u2019avoir choisi le <em><strong>Romantic Hotel Furno<\/strong><\/em>. Nous vous souhaitons la bienvenue et vous assurons que notre personnel sera \u00e0 votre enti\u00e8re disposition pour r\u00e9pondre \u00e0 tous vos besoins et demandes.<\/p>\n<p>Afin de rendre votre s\u00e9jour le plus agr\u00e9able possible, veuillez prendre connaissance des informations suivantes.<\/p>\n<p><strong>SERVICES H\u00d4TELIERS<\/strong><\/p>\n<p>L\u2019h\u00f4tel dispose de 33 chambres. Elles sont \u00e9quip\u00e9es d\u2019une salle de bains, d\u2019un s\u00e8che-cheveux, de la t\u00e9l\u00e9vision par satellite, d\u2019un minibar, d\u2019un t\u00e9l\u00e9phone avec connexion PC, de la climatisation, et certaines disposent d\u2019une chemin\u00e9e et d\u2019une baignoire d\u2019hydromassage.<br \/>\nLe restaurant comprend deux salles avec chemin\u00e9e ainsi que l\u2019ancienne \u00e9curie avec vo\u00fbte en briques, un bar et un hall avec chemin\u00e9e, des espaces ext\u00e9rieurs pour le d\u00e9jeuner et le d\u00eener \u00e9galement au bord de la piscine, une salle de r\u00e9union avec vid\u00e9oprojecteur, connexions PC, Wi-Fi, syst\u00e8me audio et parking gratuit non surveill\u00e9.<\/p>\n<p><strong>R\u00c9CEPTION<\/strong><\/p>\n<p>Nous rappelons \u00e0 nos clients que la r\u00e9ception est ouverte de 6h30 \u00e0 minuit. Pour les d\u00e9parts anticip\u00e9s, veuillez r\u00e9gler votre note avant la fermeture du soir. Pour les arriv\u00e9es apr\u00e8s minuit, veuillez demander un pass \u00e0 la r\u00e9ception. Pour toute urgence ou besoin, veuillez appeler le 600 ou le +39 3355829919 depuis votre chambre.<\/p>\n<p><strong>CHAMBRES NON-FUMEURS<\/strong><\/p>\n<p>Les clients sont tenus de respecter la r\u00e9glementation relative au tabagisme dans les lieux publics.<\/p>\n<p><strong>CL\u00c9S DE CHAMBRE<\/strong><\/p>\n<p>\u00c0 votre arriv\u00e9e \u00e0 la r\u00e9ception, vos cl\u00e9s de chambre vous seront remises. Le trousseau contient les cl\u00e9s d\u2019acc\u00e8s ainsi qu\u2019un \u201cjack noir\u201d, \u00e0 ins\u00e9rer dans la prise murale pour activer l\u2019\u00e9lectricit\u00e9.<\/p>\n<p><strong>D\u00c9PART<\/strong><\/p>\n<p>L\u2019heure de d\u00e9part est fix\u00e9e \u00e0 11h00 le jour du d\u00e9part. Pour toute demande concernant les horaires, veuillez contacter la r\u00e9ception.<\/p>\n","protected":false},"excerpt":{"rendered":"<p>Nous vous remercions d\u2019avoir choisi le Romantic Hotel Furno. Nous vous souhaitons la bienvenue et vous assurons que notre personnel sera \u00e0 votre enti\u00e8re disposition pour r\u00e9pondre \u00e0 tous vos besoins et demandes. Afin de rendre votre s\u00e9jour le plus agr\u00e9able possible, veuillez prendre connaissance des informations suivantes. SERVICES H\u00d4TELIERS L\u2019h\u00f4tel dispose de 33 chambres. [&hellip;]<\/p>\n","protected":false},"author":25,"featured_media":0,"parent":0,"menu_order":0,"comment_status":"closed","ping_status":"closed","template":"template-default-2.php","meta":{"footnotes":""},"class_list":["post-731","page","type-page","status-publish","hentry"],"yoast_head":"<!-- This site is optimized with the Yoast SEO plugin v26.9 - https:\/\/yoast.com\/product\/yoast-seo-wordpress\/ -->\n<title>Informations G\u00e9n\u00e9rales Sur L&#039;h\u00f4tel ~ Romantic Hotel Furno ~<\/title>\n<meta name=\"description\" content=\"Nous vous remercions d\u2019avoir choisi le Romantic Hotel Furno. Nous vous souhaitons la bienvenue et vous assurons que notre personnel sera \u00e0 votre enti\u00e8re disposition pour r\u00e9pondre \u00e0 tous vos besoins et demandes.  Afin de rendre votre s\u00e9jour le plus agr\u00e9able possible, veuillez prendre connaissance des informations suivantes.  SERVICES H\u00d4TELIERS  L\u2019h\u00f4tel dispose de 33 chambres\" \/>\n<meta name=\"robots\" content=\"noindex, nofollow\" \/>\n<meta property=\"og:locale\" content=\"fr_FR\" \/>\n<meta property=\"og:type\" content=\"article\" \/>\n<meta property=\"og:title\" content=\"Informations G\u00e9n\u00e9rales Sur L&#039;h\u00f4tel ~ Romantic Hotel Furno ~\" \/>\n<meta property=\"og:description\" content=\"Nous vous remercions d\u2019avoir choisi le Romantic Hotel Furno. Nous vous souhaitons la bienvenue et vous assurons que notre personnel sera \u00e0 votre enti\u00e8re disposition pour r\u00e9pondre \u00e0 tous vos besoins et demandes.  Afin de rendre votre s\u00e9jour le plus agr\u00e9able possible, veuillez prendre connaissance des informations suivantes.  SERVICES H\u00d4TELIERS  L\u2019h\u00f4tel dispose de 33 chambres\" \/>\n<meta property=\"og:url\" content=\"https:\/\/www.romantichoteltorino.com\/fr\/informations-generales-sur-lhotel\/\" \/>\n<meta property=\"og:site_name\" content=\"Romantic Hotel Furno\" \/>\n<meta property=\"article:publisher\" content=\"https:\/\/www.facebook.com\/people\/Romantic-Hotel-Furno\/100063757070053\/\" \/>\n<meta property=\"article:modified_time\" content=\"2026-04-22T12:24:01+00:00\" \/>\n<meta property=\"og:image\" content=\"https:\/\/www.romantichoteltorino.com\/wp-content\/uploads\/sites\/10\/2025\/11\/hotel-furno-hotel.jpg\" \/>\n\t<meta property=\"og:image:width\" content=\"2069\" \/>\n\t<meta property=\"og:image:height\" content=\"1200\" \/>\n\t<meta property=\"og:image:type\" content=\"image\/jpeg\" \/>\n<meta name=\"twitter:card\" content=\"summary_large_image\" \/>\n<meta name=\"twitter:label1\" content=\"Est. reading time\" \/>\n\t<meta name=\"twitter:data1\" content=\"2 minutes\" \/>\n<script type=\"application\/ld+json\" class=\"yoast-schema-graph\">{\"@context\":\"https:\/\/schema.org\",\"@graph\":[{\"@type\":\"WebPage\",\"@id\":\"https:\/\/www.romantichoteltorino.com\/fr\/informations-generales-sur-lhotel\/\",\"url\":\"https:\/\/www.romantichoteltorino.com\/fr\/informations-generales-sur-lhotel\/\",\"name\":\"Informations G\u00e9n\u00e9rales Sur L'h\u00f4tel ~ Romantic Hotel Furno ~\",\"isPartOf\":{\"@id\":\"https:\/\/www.romantichoteltorino.com\/fr\/#website\"},\"datePublished\":\"2026-04-20T07:48:56+00:00\",\"dateModified\":\"2026-04-22T12:24:01+00:00\",\"description\":\"Nous vous remercions d\u2019avoir choisi le Romantic Hotel Furno. Nous vous souhaitons la bienvenue et vous assurons que notre personnel sera \u00e0 votre enti\u00e8re disposition pour r\u00e9pondre \u00e0 tous vos besoins et demandes. Afin de rendre votre s\u00e9jour le plus agr\u00e9able possible, veuillez prendre connaissance des informations suivantes. SERVICES H\u00d4TELIERS L\u2019h\u00f4tel dispose de 33 chambres\",\"breadcrumb\":{\"@id\":\"https:\/\/www.romantichoteltorino.com\/fr\/informations-generales-sur-lhotel\/#breadcrumb\"},\"inLanguage\":\"fr-FR\",\"potentialAction\":[{\"@type\":\"ReadAction\",\"target\":[\"https:\/\/www.romantichoteltorino.com\/fr\/informations-generales-sur-lhotel\/\"]}]},{\"@type\":\"BreadcrumbList\",\"@id\":\"https:\/\/www.romantichoteltorino.com\/fr\/informations-generales-sur-lhotel\/#breadcrumb\",\"itemListElement\":[{\"@type\":\"ListItem\",\"position\":1,\"name\":\"Home\",\"item\":\"https:\/\/www.romantichoteltorino.com\/fr\/\"},{\"@type\":\"ListItem\",\"position\":2,\"name\":\"Informations G\u00e9n\u00e9rales Sur L&#8217;h\u00f4tel\"}]},{\"@type\":\"WebSite\",\"@id\":\"https:\/\/www.romantichoteltorino.com\/fr\/#website\",\"url\":\"https:\/\/www.romantichoteltorino.com\/fr\/\",\"name\":\"Romantic Hotel Furno\",\"description\":\"\",\"publisher\":{\"@id\":\"https:\/\/www.romantichoteltorino.com\/fr\/#organization\"},\"potentialAction\":[{\"@type\":\"SearchAction\",\"target\":{\"@type\":\"EntryPoint\",\"urlTemplate\":\"https:\/\/www.romantichoteltorino.com\/fr\/?s={search_term_string}\"},\"query-input\":{\"@type\":\"PropertyValueSpecification\",\"valueRequired\":true,\"valueName\":\"search_term_string\"}}],\"inLanguage\":\"fr-FR\"},{\"@type\":\"Organization\",\"@id\":\"https:\/\/www.romantichoteltorino.com\/fr\/#organization\",\"name\":\"Romantic Hotel Furno\",\"alternateName\":\"Romantic Hotel Furno\",\"url\":\"https:\/\/www.romantichoteltorino.com\/fr\/\",\"logo\":{\"@type\":\"ImageObject\",\"inLanguage\":\"fr-FR\",\"@id\":\"https:\/\/www.romantichoteltorino.com\/fr\/#\/schema\/logo\/image\/\",\"url\":\"https:\/\/www.romantichoteltorino.com\/wp-content\/uploads\/sites\/10\/2025\/10\/logo_romantic_hotel_furno.png\",\"contentUrl\":\"https:\/\/www.romantichoteltorino.com\/wp-content\/uploads\/sites\/10\/2025\/10\/logo_romantic_hotel_furno.png\",\"width\":810,\"height\":424,\"caption\":\"Romantic Hotel Furno\"},\"image\":{\"@id\":\"https:\/\/www.romantichoteltorino.com\/fr\/#\/schema\/logo\/image\/\"},\"sameAs\":[\"https:\/\/www.facebook.com\/people\/Romantic-Hotel-Furno\/100063757070053\/\",\"https:\/\/www.youtube.com\/watch?v=DTL29GtdEoo\",\"https:\/\/www.tripadvisor.co.uk\/Hotel_Review-g657831-d563544-Reviews-Romantic_Hotel_Furno-San_Francesco_al_Campo_Province_of_Turin_Piedmont.html\",\"https:\/\/x.com\/#!\/search\/realtime\/romantik hotel furno\"]}]}<\/script>\n<!-- \/ Yoast SEO plugin. -->","yoast_head_json":{"title":"Informations G\u00e9n\u00e9rales Sur L'h\u00f4tel ~ Romantic Hotel Furno ~","description":"Nous vous remercions d\u2019avoir choisi le Romantic Hotel Furno. Nous vous souhaitons la bienvenue et vous assurons que notre personnel sera \u00e0 votre enti\u00e8re disposition pour r\u00e9pondre \u00e0 tous vos besoins et demandes.  Afin de rendre votre s\u00e9jour le plus agr\u00e9able possible, veuillez prendre connaissance des informations suivantes.  SERVICES H\u00d4TELIERS  L\u2019h\u00f4tel dispose de 33 chambres","robots":{"index":"noindex","follow":"nofollow"},"og_locale":"fr_FR","og_type":"article","og_title":"Informations G\u00e9n\u00e9rales Sur L'h\u00f4tel ~ Romantic Hotel Furno ~","og_description":"Nous vous remercions d\u2019avoir choisi le Romantic Hotel Furno. Nous vous souhaitons la bienvenue et vous assurons que notre personnel sera \u00e0 votre enti\u00e8re disposition pour r\u00e9pondre \u00e0 tous vos besoins et demandes.  Afin de rendre votre s\u00e9jour le plus agr\u00e9able possible, veuillez prendre connaissance des informations suivantes.  SERVICES H\u00d4TELIERS  L\u2019h\u00f4tel dispose de 33 chambres","og_url":"https:\/\/www.romantichoteltorino.com\/fr\/informations-generales-sur-lhotel\/","og_site_name":"Romantic Hotel Furno","article_publisher":"https:\/\/www.facebook.com\/people\/Romantic-Hotel-Furno\/100063757070053\/","article_modified_time":"2026-04-22T12:24:01+00:00","og_image":[{"width":2069,"height":1200,"url":"https:\/\/www.romantichoteltorino.com\/wp-content\/uploads\/sites\/10\/2025\/11\/hotel-furno-hotel.jpg","type":"image\/jpeg"}],"twitter_card":"summary_large_image","twitter_misc":{"Est. reading time":"2 minutes"},"schema":{"@context":"https:\/\/schema.org","@graph":[{"@type":"WebPage","@id":"https:\/\/www.romantichoteltorino.com\/fr\/informations-generales-sur-lhotel\/","url":"https:\/\/www.romantichoteltorino.com\/fr\/informations-generales-sur-lhotel\/","name":"Informations G\u00e9n\u00e9rales Sur L'h\u00f4tel ~ Romantic Hotel Furno ~","isPartOf":{"@id":"https:\/\/www.romantichoteltorino.com\/fr\/#website"},"datePublished":"2026-04-20T07:48:56+00:00","dateModified":"2026-04-22T12:24:01+00:00","description":"Nous vous remercions d\u2019avoir choisi le Romantic Hotel Furno. Nous vous souhaitons la bienvenue et vous assurons que notre personnel sera \u00e0 votre enti\u00e8re disposition pour r\u00e9pondre \u00e0 tous vos besoins et demandes. Afin de rendre votre s\u00e9jour le plus agr\u00e9able possible, veuillez prendre connaissance des informations suivantes. SERVICES H\u00d4TELIERS L\u2019h\u00f4tel dispose de 33 chambres","breadcrumb":{"@id":"https:\/\/www.romantichoteltorino.com\/fr\/informations-generales-sur-lhotel\/#breadcrumb"},"inLanguage":"fr-FR","potentialAction":[{"@type":"ReadAction","target":["https:\/\/www.romantichoteltorino.com\/fr\/informations-generales-sur-lhotel\/"]}]},{"@type":"BreadcrumbList","@id":"https:\/\/www.romantichoteltorino.com\/fr\/informations-generales-sur-lhotel\/#breadcrumb","itemListElement":[{"@type":"ListItem","position":1,"name":"Home","item":"https:\/\/www.romantichoteltorino.com\/fr\/"},{"@type":"ListItem","position":2,"name":"Informations G\u00e9n\u00e9rales Sur L&#8217;h\u00f4tel"}]},{"@type":"WebSite","@id":"https:\/\/www.romantichoteltorino.com\/fr\/#website","url":"https:\/\/www.romantichoteltorino.com\/fr\/","name":"Romantic Hotel Furno","description":"","publisher":{"@id":"https:\/\/www.romantichoteltorino.com\/fr\/#organization"},"potentialAction":[{"@type":"SearchAction","target":{"@type":"EntryPoint","urlTemplate":"https:\/\/www.romantichoteltorino.com\/fr\/?s={search_term_string}"},"query-input":{"@type":"PropertyValueSpecification","valueRequired":true,"valueName":"search_term_string"}}],"inLanguage":"fr-FR"},{"@type":"Organization","@id":"https:\/\/www.romantichoteltorino.com\/fr\/#organization","name":"Romantic Hotel Furno","alternateName":"Romantic Hotel Furno","url":"https:\/\/www.romantichoteltorino.com\/fr\/","logo":{"@type":"ImageObject","inLanguage":"fr-FR","@id":"https:\/\/www.romantichoteltorino.com\/fr\/#\/schema\/logo\/image\/","url":"https:\/\/www.romantichoteltorino.com\/wp-content\/uploads\/sites\/10\/2025\/10\/logo_romantic_hotel_furno.png","contentUrl":"https:\/\/www.romantichoteltorino.com\/wp-content\/uploads\/sites\/10\/2025\/10\/logo_romantic_hotel_furno.png","width":810,"height":424,"caption":"Romantic Hotel Furno"},"image":{"@id":"https:\/\/www.romantichoteltorino.com\/fr\/#\/schema\/logo\/image\/"},"sameAs":["https:\/\/www.facebook.com\/people\/Romantic-Hotel-Furno\/100063757070053\/","https:\/\/www.youtube.com\/watch?v=DTL29GtdEoo","https:\/\/www.tripadvisor.co.uk\/Hotel_Review-g657831-d563544-Reviews-Romantic_Hotel_Furno-San_Francesco_al_Campo_Province_of_Turin_Piedmont.html","https:\/\/x.com\/#!\/search\/realtime\/romantik hotel furno"]}]}},"acf":[],"_links":{"self":[{"href":"https:\/\/www.romantichoteltorino.com\/fr\/wp-json\/wp\/v2\/pages\/731","targetHints":{"allow":["GET"]}}],"collection":[{"href":"https:\/\/www.romantichoteltorino.com\/fr\/wp-json\/wp\/v2\/pages"}],"about":[{"href":"https:\/\/www.romantichoteltorino.com\/fr\/wp-json\/wp\/v2\/types\/page"}],"author":[{"embeddable":true,"href":"https:\/\/www.romantichoteltorino.com\/fr\/wp-json\/wp\/v2\/users\/25"}],"replies":[{"embeddable":true,"href":"https:\/\/www.romantichoteltorino.com\/fr\/wp-json\/wp\/v2\/comments?post=731"}],"version-history":[{"count":0,"href":"https:\/\/www.romantichoteltorino.com\/fr\/wp-json\/wp\/v2\/pages\/731\/revisions"}],"wp:attachment":[{"href":"https:\/\/www.romantichoteltorino.com\/fr\/wp-json\/wp\/v2\/media?parent=731"}],"curies":[{"name":"wp","href":"https:\/\/api.w.org\/{rel}","templated":true}]}}