{"id":303,"date":"2025-10-09T10:16:30","date_gmt":"2025-10-09T10:16:30","guid":{"rendered":"https:\/\/romantichotelfurno.ms3.decms.eu\/?page_id=303"},"modified":"2025-11-11T15:39:35","modified_gmt":"2025-11-11T15:39:35","slug":"service-de-taxi-gratuit","status":"publish","type":"page","link":"https:\/\/www.romantichoteltorino.com\/fr\/service-de-taxi-gratuit\/","title":{"rendered":"Service de taxi gratuit"},"content":{"rendered":"<p>Le Romantic Hotel Furno est heureux d&rsquo;offrir un transfert a\u00e9roport gratuit (itin\u00e9raire A\u00c9ROPORT-H\u00d4TEL) \u00e0 tous ses clients ayant confirm\u00e9 leur r\u00e9servation par e-mail ou via notre site web.<\/p>\n<p>Ce service est assur\u00e9 par notre v\u00e9hicule agr\u00e9\u00e9 et est soumis \u00e0 confirmation de notre part, sous r\u00e9serve de disponibilit\u00e9.<\/p>\n<ol>\n<li>Remplissez le formulaire de demande et recevez la confirmation \u00e9crite de notre part;<\/li>\n<li>Une fois arriv\u00e9 \u00e0 l\u2019a\u00e9roport, montez au premier \u00e9tage, c\u00f4t\u00e9 DEPART;<\/li>\n<li>Une fois mont\u00e9 au premier \u00e9tage, sortez de l\u2019a\u00e9rogare et composez un des deux num\u00e9ros de t\u00e9l\u00e9phone :<br \/>\n<a href=\"tel:+393355829919\"><strong>+39 335 58 29 919<\/strong><\/a>\u00a0\/\u00a0<a href=\"tel:+390119274900\"><strong>+39 011 927 49 00<\/strong><\/a> pour ainsi communiquer votre pr\u00e9sence \u00e0 l\u2019ext\u00e9rieur de l\u2019a\u00e9rogare;<\/li>\n<li>Vous n\u2019avez alors plus qu\u2019\u00e0 attendre quelques instants avant l\u2019arriv\u00e9 de notre voiture.<\/li>\n<\/ol>\n","protected":false},"excerpt":{"rendered":"<p>Le Romantic Hotel Furno est heureux d&rsquo;offrir un transfert a\u00e9roport gratuit (itin\u00e9raire A\u00c9ROPORT-H\u00d4TEL) \u00e0 tous ses clients ayant confirm\u00e9 leur r\u00e9servation par e-mail ou via notre site web. Ce service est assur\u00e9 par notre v\u00e9hicule agr\u00e9\u00e9 et est soumis \u00e0 confirmation de notre part, sous r\u00e9serve de disponibilit\u00e9. Remplissez le formulaire de demande et recevez [&hellip;]<\/p>\n","protected":false},"author":6,"featured_media":0,"parent":0,"menu_order":100,"comment_status":"closed","ping_status":"closed","template":"template-taxi-sevice.php","meta":{"footnotes":""},"class_list":["post-303","page","type-page","status-publish","hentry"],"yoast_head":"<!-- This site is optimized with the Yoast SEO plugin v26.9 - https:\/\/yoast.com\/product\/yoast-seo-wordpress\/ -->\n<title>Service de taxi gratuit ~ Romantic Hotel Furno ~<\/title>\n<meta name=\"description\" content=\"Le Romantic Hotel Furno est heureux d&#039;offrir un transfert a\u00e9roport gratuit (itin\u00e9raire A\u00c9ROPORT-H\u00d4TEL) \u00e0 tous ses clients ayant confirm\u00e9 leur r\u00e9servation par e-mail ou via notre site web.  Ce service est assur\u00e9 par notre v\u00e9hicule agr\u00e9\u00e9 et est soumis \u00e0 confirmation de notre part, sous r\u00e9serve de disponibilit\u00e9.   Remplissez le formulaire de demande et recevez la confirmation \u00e9crite de notre part;  Une fois arriv\u00e9 \u00e0 l\u2019a\u00e9roport, montez au premier \u00e9tage, c\u00f4t\u00e9 DEPART;  Une fois mont\u00e9 au premier \u00e9tage, sortez de l\u2019a\u00e9rogare et composez un des deux num\u00e9ros de t\u00e9l\u00e9phone : +39 335 58 29 919\u00a0\/\u00a0+39 011 927 49 00 pour ainsi communiquer votre pr\u00e9sence \u00e0 l\u2019ext\u00e9rieur de l\u2019a\u00e9rogare;  Vous n\u2019avez alors plus qu\u2019\u00e0 attendre quelques instants avant l\u2019arriv\u00e9 de notre voiture. .\" \/>\n<meta name=\"robots\" content=\"index, follow, max-snippet:-1, max-image-preview:large, max-video-preview:-1\" \/>\n<link rel=\"canonical\" href=\"https:\/\/www.romantichoteltorino.com\/fr\/service-de-taxi-gratuit\/\" \/>\n<meta property=\"og:locale\" content=\"fr_FR\" \/>\n<meta property=\"og:type\" content=\"article\" \/>\n<meta property=\"og:title\" content=\"Service de taxi gratuit ~ Romantic Hotel Furno ~\" \/>\n<meta property=\"og:description\" content=\"Le Romantic Hotel Furno est heureux d&#039;offrir un transfert a\u00e9roport gratuit (itin\u00e9raire A\u00c9ROPORT-H\u00d4TEL) \u00e0 tous ses clients ayant confirm\u00e9 leur r\u00e9servation par e-mail ou via notre site web.  Ce service est assur\u00e9 par notre v\u00e9hicule agr\u00e9\u00e9 et est soumis \u00e0 confirmation de notre part, sous r\u00e9serve de disponibilit\u00e9.   Remplissez le formulaire de demande et recevez la confirmation \u00e9crite de notre part;  Une fois arriv\u00e9 \u00e0 l\u2019a\u00e9roport, montez au premier \u00e9tage, c\u00f4t\u00e9 DEPART;  Une fois mont\u00e9 au premier \u00e9tage, sortez de l\u2019a\u00e9rogare et composez un des deux num\u00e9ros de t\u00e9l\u00e9phone : +39 335 58 29 919\u00a0\/\u00a0+39 011 927 49 00 pour ainsi communiquer votre pr\u00e9sence \u00e0 l\u2019ext\u00e9rieur de l\u2019a\u00e9rogare;  Vous n\u2019avez alors plus qu\u2019\u00e0 attendre quelques instants avant l\u2019arriv\u00e9 de notre voiture. .\" \/>\n<meta property=\"og:url\" content=\"https:\/\/www.romantichoteltorino.com\/fr\/service-de-taxi-gratuit\/\" \/>\n<meta property=\"og:site_name\" content=\"Romantic Hotel Furno\" \/>\n<meta property=\"article:publisher\" content=\"https:\/\/www.facebook.com\/people\/Romantic-Hotel-Furno\/100063757070053\/\" \/>\n<meta property=\"article:modified_time\" content=\"2025-11-11T15:39:35+00:00\" \/>\n<meta property=\"og:image\" content=\"https:\/\/www.romantichoteltorino.com\/wp-content\/uploads\/sites\/10\/2025\/11\/hotel-furno-hotel.jpg\" \/>\n\t<meta property=\"og:image:width\" content=\"2069\" \/>\n\t<meta property=\"og:image:height\" content=\"1200\" \/>\n\t<meta property=\"og:image:type\" content=\"image\/jpeg\" \/>\n<meta name=\"twitter:card\" content=\"summary_large_image\" \/>\n<meta name=\"twitter:label1\" content=\"Est. reading time\" \/>\n\t<meta name=\"twitter:data1\" content=\"1 minute\" \/>\n<script type=\"application\/ld+json\" class=\"yoast-schema-graph\">{\"@context\":\"https:\/\/schema.org\",\"@graph\":[{\"@type\":\"WebPage\",\"@id\":\"https:\/\/www.romantichoteltorino.com\/fr\/service-de-taxi-gratuit\/\",\"url\":\"https:\/\/www.romantichoteltorino.com\/fr\/service-de-taxi-gratuit\/\",\"name\":\"Service de taxi gratuit ~ Romantic Hotel Furno ~\",\"isPartOf\":{\"@id\":\"https:\/\/www.romantichoteltorino.com\/fr\/#website\"},\"datePublished\":\"2025-10-09T10:16:30+00:00\",\"dateModified\":\"2025-11-11T15:39:35+00:00\",\"description\":\"Le Romantic Hotel Furno est heureux d'offrir un transfert a\u00e9roport gratuit (itin\u00e9raire A\u00c9ROPORT-H\u00d4TEL) \u00e0 tous ses clients ayant confirm\u00e9 leur r\u00e9servation par e-mail ou via notre site web. Ce service est assur\u00e9 par notre v\u00e9hicule agr\u00e9\u00e9 et est soumis \u00e0 confirmation de notre part, sous r\u00e9serve de disponibilit\u00e9. \u2022 Remplissez le formulaire de demande et recevez la confirmation \u00e9crite de notre part; \u2022 Une fois arriv\u00e9 \u00e0 l\u2019a\u00e9roport, montez au premier \u00e9tage, c\u00f4t\u00e9 DEPART; \u2022 Une fois mont\u00e9 au premier \u00e9tage, sortez de l\u2019a\u00e9rogare et composez un des deux num\u00e9ros de t\u00e9l\u00e9phone : +39 335 58 29 919\u00a0\/\u00a0+39 011 927 49 00 pour ainsi communiquer votre pr\u00e9sence \u00e0 l\u2019ext\u00e9rieur de l\u2019a\u00e9rogare; \u2022 Vous n\u2019avez alors plus qu\u2019\u00e0 attendre quelques instants avant l\u2019arriv\u00e9 de notre voiture. .\",\"breadcrumb\":{\"@id\":\"https:\/\/www.romantichoteltorino.com\/fr\/service-de-taxi-gratuit\/#breadcrumb\"},\"inLanguage\":\"fr-FR\",\"potentialAction\":[{\"@type\":\"ReadAction\",\"target\":[\"https:\/\/www.romantichoteltorino.com\/fr\/service-de-taxi-gratuit\/\"]}]},{\"@type\":\"BreadcrumbList\",\"@id\":\"https:\/\/www.romantichoteltorino.com\/fr\/service-de-taxi-gratuit\/#breadcrumb\",\"itemListElement\":[{\"@type\":\"ListItem\",\"position\":1,\"name\":\"Home\",\"item\":\"https:\/\/www.romantichoteltorino.com\/fr\/\"},{\"@type\":\"ListItem\",\"position\":2,\"name\":\"Service de taxi gratuit\"}]},{\"@type\":\"WebSite\",\"@id\":\"https:\/\/www.romantichoteltorino.com\/fr\/#website\",\"url\":\"https:\/\/www.romantichoteltorino.com\/fr\/\",\"name\":\"Romantic Hotel Furno\",\"description\":\"\",\"publisher\":{\"@id\":\"https:\/\/www.romantichoteltorino.com\/fr\/#organization\"},\"potentialAction\":[{\"@type\":\"SearchAction\",\"target\":{\"@type\":\"EntryPoint\",\"urlTemplate\":\"https:\/\/www.romantichoteltorino.com\/fr\/?s={search_term_string}\"},\"query-input\":{\"@type\":\"PropertyValueSpecification\",\"valueRequired\":true,\"valueName\":\"search_term_string\"}}],\"inLanguage\":\"fr-FR\"},{\"@type\":\"Organization\",\"@id\":\"https:\/\/www.romantichoteltorino.com\/fr\/#organization\",\"name\":\"Romantic Hotel Furno\",\"alternateName\":\"Romantic Hotel Furno\",\"url\":\"https:\/\/www.romantichoteltorino.com\/fr\/\",\"logo\":{\"@type\":\"ImageObject\",\"inLanguage\":\"fr-FR\",\"@id\":\"https:\/\/www.romantichoteltorino.com\/fr\/#\/schema\/logo\/image\/\",\"url\":\"https:\/\/www.romantichoteltorino.com\/wp-content\/uploads\/sites\/10\/2025\/10\/logo_romantic_hotel_furno.png\",\"contentUrl\":\"https:\/\/www.romantichoteltorino.com\/wp-content\/uploads\/sites\/10\/2025\/10\/logo_romantic_hotel_furno.png\",\"width\":810,\"height\":424,\"caption\":\"Romantic Hotel Furno\"},\"image\":{\"@id\":\"https:\/\/www.romantichoteltorino.com\/fr\/#\/schema\/logo\/image\/\"},\"sameAs\":[\"https:\/\/www.facebook.com\/people\/Romantic-Hotel-Furno\/100063757070053\/\",\"https:\/\/www.youtube.com\/watch?v=DTL29GtdEoo\",\"https:\/\/www.tripadvisor.co.uk\/Hotel_Review-g657831-d563544-Reviews-Romantic_Hotel_Furno-San_Francesco_al_Campo_Province_of_Turin_Piedmont.html\",\"https:\/\/x.com\/#!\/search\/realtime\/romantik hotel furno\"]}]}<\/script>\n<!-- \/ Yoast SEO plugin. -->","yoast_head_json":{"title":"Service de taxi gratuit ~ Romantic Hotel Furno ~","description":"Le Romantic Hotel Furno est heureux d'offrir un transfert a\u00e9roport gratuit (itin\u00e9raire A\u00c9ROPORT-H\u00d4TEL) \u00e0 tous ses clients ayant confirm\u00e9 leur r\u00e9servation par e-mail ou via notre site web.  Ce service est assur\u00e9 par notre v\u00e9hicule agr\u00e9\u00e9 et est soumis \u00e0 confirmation de notre part, sous r\u00e9serve de disponibilit\u00e9.   Remplissez le formulaire de demande et recevez la confirmation \u00e9crite de notre part;  Une fois arriv\u00e9 \u00e0 l\u2019a\u00e9roport, montez au premier \u00e9tage, c\u00f4t\u00e9 DEPART;  Une fois mont\u00e9 au premier \u00e9tage, sortez de l\u2019a\u00e9rogare et composez un des deux num\u00e9ros de t\u00e9l\u00e9phone : +39 335 58 29 919\u00a0\/\u00a0+39 011 927 49 00 pour ainsi communiquer votre pr\u00e9sence \u00e0 l\u2019ext\u00e9rieur de l\u2019a\u00e9rogare;  Vous n\u2019avez alors plus qu\u2019\u00e0 attendre quelques instants avant l\u2019arriv\u00e9 de notre voiture. .","robots":{"index":"index","follow":"follow","max-snippet":"max-snippet:-1","max-image-preview":"max-image-preview:large","max-video-preview":"max-video-preview:-1"},"canonical":"https:\/\/www.romantichoteltorino.com\/fr\/service-de-taxi-gratuit\/","og_locale":"fr_FR","og_type":"article","og_title":"Service de taxi gratuit ~ Romantic Hotel Furno ~","og_description":"Le Romantic Hotel Furno est heureux d'offrir un transfert a\u00e9roport gratuit (itin\u00e9raire A\u00c9ROPORT-H\u00d4TEL) \u00e0 tous ses clients ayant confirm\u00e9 leur r\u00e9servation par e-mail ou via notre site web.  Ce service est assur\u00e9 par notre v\u00e9hicule agr\u00e9\u00e9 et est soumis \u00e0 confirmation de notre part, sous r\u00e9serve de disponibilit\u00e9.   Remplissez le formulaire de demande et recevez la confirmation \u00e9crite de notre part;  Une fois arriv\u00e9 \u00e0 l\u2019a\u00e9roport, montez au premier \u00e9tage, c\u00f4t\u00e9 DEPART;  Une fois mont\u00e9 au premier \u00e9tage, sortez de l\u2019a\u00e9rogare et composez un des deux num\u00e9ros de t\u00e9l\u00e9phone : +39 335 58 29 919\u00a0\/\u00a0+39 011 927 49 00 pour ainsi communiquer votre pr\u00e9sence \u00e0 l\u2019ext\u00e9rieur de l\u2019a\u00e9rogare;  Vous n\u2019avez alors plus qu\u2019\u00e0 attendre quelques instants avant l\u2019arriv\u00e9 de notre voiture. .","og_url":"https:\/\/www.romantichoteltorino.com\/fr\/service-de-taxi-gratuit\/","og_site_name":"Romantic Hotel Furno","article_publisher":"https:\/\/www.facebook.com\/people\/Romantic-Hotel-Furno\/100063757070053\/","article_modified_time":"2025-11-11T15:39:35+00:00","og_image":[{"width":2069,"height":1200,"url":"https:\/\/www.romantichoteltorino.com\/wp-content\/uploads\/sites\/10\/2025\/11\/hotel-furno-hotel.jpg","type":"image\/jpeg"}],"twitter_card":"summary_large_image","twitter_misc":{"Est. reading time":"1 minute"},"schema":{"@context":"https:\/\/schema.org","@graph":[{"@type":"WebPage","@id":"https:\/\/www.romantichoteltorino.com\/fr\/service-de-taxi-gratuit\/","url":"https:\/\/www.romantichoteltorino.com\/fr\/service-de-taxi-gratuit\/","name":"Service de taxi gratuit ~ Romantic Hotel Furno ~","isPartOf":{"@id":"https:\/\/www.romantichoteltorino.com\/fr\/#website"},"datePublished":"2025-10-09T10:16:30+00:00","dateModified":"2025-11-11T15:39:35+00:00","description":"Le Romantic Hotel Furno est heureux d'offrir un transfert a\u00e9roport gratuit (itin\u00e9raire A\u00c9ROPORT-H\u00d4TEL) \u00e0 tous ses clients ayant confirm\u00e9 leur r\u00e9servation par e-mail ou via notre site web. Ce service est assur\u00e9 par notre v\u00e9hicule agr\u00e9\u00e9 et est soumis \u00e0 confirmation de notre part, sous r\u00e9serve de disponibilit\u00e9. \u2022 Remplissez le formulaire de demande et recevez la confirmation \u00e9crite de notre part; \u2022 Une fois arriv\u00e9 \u00e0 l\u2019a\u00e9roport, montez au premier \u00e9tage, c\u00f4t\u00e9 DEPART; \u2022 Une fois mont\u00e9 au premier \u00e9tage, sortez de l\u2019a\u00e9rogare et composez un des deux num\u00e9ros de t\u00e9l\u00e9phone : +39 335 58 29 919\u00a0\/\u00a0+39 011 927 49 00 pour ainsi communiquer votre pr\u00e9sence \u00e0 l\u2019ext\u00e9rieur de l\u2019a\u00e9rogare; \u2022 Vous n\u2019avez alors plus qu\u2019\u00e0 attendre quelques instants avant l\u2019arriv\u00e9 de notre voiture. .","breadcrumb":{"@id":"https:\/\/www.romantichoteltorino.com\/fr\/service-de-taxi-gratuit\/#breadcrumb"},"inLanguage":"fr-FR","potentialAction":[{"@type":"ReadAction","target":["https:\/\/www.romantichoteltorino.com\/fr\/service-de-taxi-gratuit\/"]}]},{"@type":"BreadcrumbList","@id":"https:\/\/www.romantichoteltorino.com\/fr\/service-de-taxi-gratuit\/#breadcrumb","itemListElement":[{"@type":"ListItem","position":1,"name":"Home","item":"https:\/\/www.romantichoteltorino.com\/fr\/"},{"@type":"ListItem","position":2,"name":"Service de taxi gratuit"}]},{"@type":"WebSite","@id":"https:\/\/www.romantichoteltorino.com\/fr\/#website","url":"https:\/\/www.romantichoteltorino.com\/fr\/","name":"Romantic Hotel Furno","description":"","publisher":{"@id":"https:\/\/www.romantichoteltorino.com\/fr\/#organization"},"potentialAction":[{"@type":"SearchAction","target":{"@type":"EntryPoint","urlTemplate":"https:\/\/www.romantichoteltorino.com\/fr\/?s={search_term_string}"},"query-input":{"@type":"PropertyValueSpecification","valueRequired":true,"valueName":"search_term_string"}}],"inLanguage":"fr-FR"},{"@type":"Organization","@id":"https:\/\/www.romantichoteltorino.com\/fr\/#organization","name":"Romantic Hotel Furno","alternateName":"Romantic Hotel Furno","url":"https:\/\/www.romantichoteltorino.com\/fr\/","logo":{"@type":"ImageObject","inLanguage":"fr-FR","@id":"https:\/\/www.romantichoteltorino.com\/fr\/#\/schema\/logo\/image\/","url":"https:\/\/www.romantichoteltorino.com\/wp-content\/uploads\/sites\/10\/2025\/10\/logo_romantic_hotel_furno.png","contentUrl":"https:\/\/www.romantichoteltorino.com\/wp-content\/uploads\/sites\/10\/2025\/10\/logo_romantic_hotel_furno.png","width":810,"height":424,"caption":"Romantic Hotel Furno"},"image":{"@id":"https:\/\/www.romantichoteltorino.com\/fr\/#\/schema\/logo\/image\/"},"sameAs":["https:\/\/www.facebook.com\/people\/Romantic-Hotel-Furno\/100063757070053\/","https:\/\/www.youtube.com\/watch?v=DTL29GtdEoo","https:\/\/www.tripadvisor.co.uk\/Hotel_Review-g657831-d563544-Reviews-Romantic_Hotel_Furno-San_Francesco_al_Campo_Province_of_Turin_Piedmont.html","https:\/\/x.com\/#!\/search\/realtime\/romantik hotel furno"]}]}},"acf":[],"_links":{"self":[{"href":"https:\/\/www.romantichoteltorino.com\/fr\/wp-json\/wp\/v2\/pages\/303","targetHints":{"allow":["GET"]}}],"collection":[{"href":"https:\/\/www.romantichoteltorino.com\/fr\/wp-json\/wp\/v2\/pages"}],"about":[{"href":"https:\/\/www.romantichoteltorino.com\/fr\/wp-json\/wp\/v2\/types\/page"}],"author":[{"embeddable":true,"href":"https:\/\/www.romantichoteltorino.com\/fr\/wp-json\/wp\/v2\/users\/6"}],"replies":[{"embeddable":true,"href":"https:\/\/www.romantichoteltorino.com\/fr\/wp-json\/wp\/v2\/comments?post=303"}],"version-history":[{"count":0,"href":"https:\/\/www.romantichoteltorino.com\/fr\/wp-json\/wp\/v2\/pages\/303\/revisions"}],"wp:attachment":[{"href":"https:\/\/www.romantichoteltorino.com\/fr\/wp-json\/wp\/v2\/media?parent=303"}],"curies":[{"name":"wp","href":"https:\/\/api.w.org\/{rel}","templated":true}]}}