{"id":296,"date":"2025-10-09T10:15:39","date_gmt":"2025-10-09T10:15:39","guid":{"rendered":"https:\/\/romantichotelfurno.ms3.decms.eu\/?page_id=296"},"modified":"2025-10-16T13:04:06","modified_gmt":"2025-10-16T13:04:06","slug":"meeting","status":"publish","type":"page","link":"https:\/\/www.romantichoteltorino.com\/fr\/meeting\/","title":{"rendered":"Meeting"},"content":{"rendered":"<p>Nombreuses entreprises ont choisi le Romantic Hotel Furno pour si\u00e9ge habituel de leurs rencontres. Si vous \u00eates \u00e0 la recherche du lieu id\u00e9al pour des simples r\u00e9unions, ou bien des meetings de majeure ampleur, aupr\u00e8s du Romantic Hotel Furno vous trouverez cordialit\u00e9, disponibilit\u00e9 et professionnalisme.<\/p>\n<p>Notre structure dispose d&rsquo;une salle r\u00e9unions climatis\u00e9e et \u00e9clair\u00e9e de lumi\u00e8re naturelle, avec une capacit\u00e9 de 100 places assises et une entr\u00e9e ind\u00e9pendante des autres salles de l&rsquo;H\u00f4tel.<\/p>\n<p>Les moments de pause peuvent aussi s&rsquo;\u00e9couler dans les alentours du parc, sirotant au plaisir un caf\u00e9 accompagn\u00e9 de la p\u00e2tisserie menue des coffee breaks, que nous am\u00e9nageons durant la belle saison dans les multiples dehors du jardin.<\/p>\n","protected":false},"excerpt":{"rendered":"<p>Nombreuses entreprises ont choisi le Romantic Hotel Furno pour si\u00e9ge habituel de leurs rencontres. Si vous \u00eates \u00e0 la recherche du lieu id\u00e9al pour des simples r\u00e9unions, ou bien des meetings de majeure ampleur, aupr\u00e8s du Romantic Hotel Furno vous trouverez cordialit\u00e9, disponibilit\u00e9 et professionnalisme. Notre structure dispose d&rsquo;une salle r\u00e9unions climatis\u00e9e et \u00e9clair\u00e9e de [&hellip;]<\/p>\n","protected":false},"author":6,"featured_media":0,"parent":0,"menu_order":70,"comment_status":"closed","ping_status":"closed","template":"template-meeting.php","meta":{"footnotes":""},"class_list":["post-296","page","type-page","status-publish","hentry"],"yoast_head":"<!-- This site is optimized with the Yoast SEO plugin v26.9 - https:\/\/yoast.com\/product\/yoast-seo-wordpress\/ -->\n<title>Meeting ~ Romantic Hotel Furno ~<\/title>\n<meta name=\"description\" content=\"Nombreuses entreprises ont choisi le Romantic Hotel Furno pour si\u00e9ge habituel de leurs rencontres. Si vous \u00eates \u00e0 la recherche du lieu id\u00e9al pour des simples r\u00e9unions, ou bien des meetings de majeure ampleur, aupr\u00e8s du Romantic Hotel Furno vous trouverez cordialit\u00e9, disponibilit\u00e9 et professionnalisme.  Notre structure dispose d&#039;une salle r\u00e9unions climatis\u00e9e et \u00e9clair\u00e9e de lumi\u00e8re naturelle, avec une capacit\u00e9 de 100 places assises et une entr\u00e9e ind\u00e9pendante des autres salles de l&#039;H\u00f4tel.  Les moments de pause peuvent aussi s&#039;\u00e9couler dans les alentours du parc, sirotant au plaisir un caf\u00e9 accompagn\u00e9 de la p\u00e2tisserie menue des coffee breaks, que nous am\u00e9nageons durant la belle saison dans les multiples dehors du jardin.\" \/>\n<meta name=\"robots\" content=\"index, follow, max-snippet:-1, max-image-preview:large, max-video-preview:-1\" \/>\n<link rel=\"canonical\" href=\"https:\/\/www.romantichoteltorino.com\/fr\/meeting\/\" \/>\n<meta property=\"og:locale\" content=\"fr_FR\" \/>\n<meta property=\"og:type\" content=\"article\" \/>\n<meta property=\"og:title\" content=\"Meeting ~ Romantic Hotel Furno ~\" \/>\n<meta property=\"og:description\" content=\"Nombreuses entreprises ont choisi le Romantic Hotel Furno pour si\u00e9ge habituel de leurs rencontres. Si vous \u00eates \u00e0 la recherche du lieu id\u00e9al pour des simples r\u00e9unions, ou bien des meetings de majeure ampleur, aupr\u00e8s du Romantic Hotel Furno vous trouverez cordialit\u00e9, disponibilit\u00e9 et professionnalisme.  Notre structure dispose d&#039;une salle r\u00e9unions climatis\u00e9e et \u00e9clair\u00e9e de lumi\u00e8re naturelle, avec une capacit\u00e9 de 100 places assises et une entr\u00e9e ind\u00e9pendante des autres salles de l&#039;H\u00f4tel.  Les moments de pause peuvent aussi s&#039;\u00e9couler dans les alentours du parc, sirotant au plaisir un caf\u00e9 accompagn\u00e9 de la p\u00e2tisserie menue des coffee breaks, que nous am\u00e9nageons durant la belle saison dans les multiples dehors du jardin.\" \/>\n<meta property=\"og:url\" content=\"https:\/\/www.romantichoteltorino.com\/fr\/meeting\/\" \/>\n<meta property=\"og:site_name\" content=\"Romantic Hotel Furno\" \/>\n<meta property=\"article:publisher\" content=\"https:\/\/www.facebook.com\/people\/Romantic-Hotel-Furno\/100063757070053\/\" \/>\n<meta property=\"article:modified_time\" content=\"2025-10-16T13:04:06+00:00\" \/>\n<meta property=\"og:image\" content=\"https:\/\/www.romantichoteltorino.com\/wp-content\/uploads\/sites\/10\/2025\/11\/hotel-furno-hotel.jpg\" \/>\n\t<meta property=\"og:image:width\" content=\"2069\" \/>\n\t<meta property=\"og:image:height\" content=\"1200\" \/>\n\t<meta property=\"og:image:type\" content=\"image\/jpeg\" \/>\n<meta name=\"twitter:card\" content=\"summary_large_image\" \/>\n<meta name=\"twitter:label1\" content=\"Est. reading time\" \/>\n\t<meta name=\"twitter:data1\" content=\"1 minute\" \/>\n<script type=\"application\/ld+json\" class=\"yoast-schema-graph\">{\"@context\":\"https:\/\/schema.org\",\"@graph\":[{\"@type\":\"WebPage\",\"@id\":\"https:\/\/www.romantichoteltorino.com\/fr\/meeting\/\",\"url\":\"https:\/\/www.romantichoteltorino.com\/fr\/meeting\/\",\"name\":\"Meeting ~ Romantic Hotel Furno ~\",\"isPartOf\":{\"@id\":\"https:\/\/www.romantichoteltorino.com\/fr\/#website\"},\"datePublished\":\"2025-10-09T10:15:39+00:00\",\"dateModified\":\"2025-10-16T13:04:06+00:00\",\"description\":\"Nombreuses entreprises ont choisi le Romantic Hotel Furno pour si\u00e9ge habituel de leurs rencontres. Si vous \u00eates \u00e0 la recherche du lieu id\u00e9al pour des simples r\u00e9unions, ou bien des meetings de majeure ampleur, aupr\u00e8s du Romantic Hotel Furno vous trouverez cordialit\u00e9, disponibilit\u00e9 et professionnalisme. Notre structure dispose d'une salle r\u00e9unions climatis\u00e9e et \u00e9clair\u00e9e de lumi\u00e8re naturelle, avec une capacit\u00e9 de 100 places assises et une entr\u00e9e ind\u00e9pendante des autres salles de l'H\u00f4tel. Les moments de pause peuvent aussi s'\u00e9couler dans les alentours du parc, sirotant au plaisir un caf\u00e9 accompagn\u00e9 de la p\u00e2tisserie menue des coffee breaks, que nous am\u00e9nageons durant la belle saison dans les multiples dehors du jardin.\",\"breadcrumb\":{\"@id\":\"https:\/\/www.romantichoteltorino.com\/fr\/meeting\/#breadcrumb\"},\"inLanguage\":\"fr-FR\",\"potentialAction\":[{\"@type\":\"ReadAction\",\"target\":[\"https:\/\/www.romantichoteltorino.com\/fr\/meeting\/\"]}]},{\"@type\":\"BreadcrumbList\",\"@id\":\"https:\/\/www.romantichoteltorino.com\/fr\/meeting\/#breadcrumb\",\"itemListElement\":[{\"@type\":\"ListItem\",\"position\":1,\"name\":\"Home\",\"item\":\"https:\/\/www.romantichoteltorino.com\/fr\/\"},{\"@type\":\"ListItem\",\"position\":2,\"name\":\"Meeting\"}]},{\"@type\":\"WebSite\",\"@id\":\"https:\/\/www.romantichoteltorino.com\/fr\/#website\",\"url\":\"https:\/\/www.romantichoteltorino.com\/fr\/\",\"name\":\"Romantic Hotel Furno\",\"description\":\"\",\"publisher\":{\"@id\":\"https:\/\/www.romantichoteltorino.com\/fr\/#organization\"},\"potentialAction\":[{\"@type\":\"SearchAction\",\"target\":{\"@type\":\"EntryPoint\",\"urlTemplate\":\"https:\/\/www.romantichoteltorino.com\/fr\/?s={search_term_string}\"},\"query-input\":{\"@type\":\"PropertyValueSpecification\",\"valueRequired\":true,\"valueName\":\"search_term_string\"}}],\"inLanguage\":\"fr-FR\"},{\"@type\":\"Organization\",\"@id\":\"https:\/\/www.romantichoteltorino.com\/fr\/#organization\",\"name\":\"Romantic Hotel Furno\",\"alternateName\":\"Romantic Hotel Furno\",\"url\":\"https:\/\/www.romantichoteltorino.com\/fr\/\",\"logo\":{\"@type\":\"ImageObject\",\"inLanguage\":\"fr-FR\",\"@id\":\"https:\/\/www.romantichoteltorino.com\/fr\/#\/schema\/logo\/image\/\",\"url\":\"https:\/\/www.romantichoteltorino.com\/wp-content\/uploads\/sites\/10\/2025\/10\/logo_romantic_hotel_furno.png\",\"contentUrl\":\"https:\/\/www.romantichoteltorino.com\/wp-content\/uploads\/sites\/10\/2025\/10\/logo_romantic_hotel_furno.png\",\"width\":810,\"height\":424,\"caption\":\"Romantic Hotel Furno\"},\"image\":{\"@id\":\"https:\/\/www.romantichoteltorino.com\/fr\/#\/schema\/logo\/image\/\"},\"sameAs\":[\"https:\/\/www.facebook.com\/people\/Romantic-Hotel-Furno\/100063757070053\/\",\"https:\/\/www.youtube.com\/watch?v=DTL29GtdEoo\",\"https:\/\/www.tripadvisor.co.uk\/Hotel_Review-g657831-d563544-Reviews-Romantic_Hotel_Furno-San_Francesco_al_Campo_Province_of_Turin_Piedmont.html\",\"https:\/\/x.com\/#!\/search\/realtime\/romantik hotel furno\"]}]}<\/script>\n<!-- \/ Yoast SEO plugin. -->","yoast_head_json":{"title":"Meeting ~ Romantic Hotel Furno ~","description":"Nombreuses entreprises ont choisi le Romantic Hotel Furno pour si\u00e9ge habituel de leurs rencontres. Si vous \u00eates \u00e0 la recherche du lieu id\u00e9al pour des simples r\u00e9unions, ou bien des meetings de majeure ampleur, aupr\u00e8s du Romantic Hotel Furno vous trouverez cordialit\u00e9, disponibilit\u00e9 et professionnalisme.  Notre structure dispose d'une salle r\u00e9unions climatis\u00e9e et \u00e9clair\u00e9e de lumi\u00e8re naturelle, avec une capacit\u00e9 de 100 places assises et une entr\u00e9e ind\u00e9pendante des autres salles de l'H\u00f4tel.  Les moments de pause peuvent aussi s'\u00e9couler dans les alentours du parc, sirotant au plaisir un caf\u00e9 accompagn\u00e9 de la p\u00e2tisserie menue des coffee breaks, que nous am\u00e9nageons durant la belle saison dans les multiples dehors du jardin.","robots":{"index":"index","follow":"follow","max-snippet":"max-snippet:-1","max-image-preview":"max-image-preview:large","max-video-preview":"max-video-preview:-1"},"canonical":"https:\/\/www.romantichoteltorino.com\/fr\/meeting\/","og_locale":"fr_FR","og_type":"article","og_title":"Meeting ~ Romantic Hotel Furno ~","og_description":"Nombreuses entreprises ont choisi le Romantic Hotel Furno pour si\u00e9ge habituel de leurs rencontres. Si vous \u00eates \u00e0 la recherche du lieu id\u00e9al pour des simples r\u00e9unions, ou bien des meetings de majeure ampleur, aupr\u00e8s du Romantic Hotel Furno vous trouverez cordialit\u00e9, disponibilit\u00e9 et professionnalisme.  Notre structure dispose d'une salle r\u00e9unions climatis\u00e9e et \u00e9clair\u00e9e de lumi\u00e8re naturelle, avec une capacit\u00e9 de 100 places assises et une entr\u00e9e ind\u00e9pendante des autres salles de l'H\u00f4tel.  Les moments de pause peuvent aussi s'\u00e9couler dans les alentours du parc, sirotant au plaisir un caf\u00e9 accompagn\u00e9 de la p\u00e2tisserie menue des coffee breaks, que nous am\u00e9nageons durant la belle saison dans les multiples dehors du jardin.","og_url":"https:\/\/www.romantichoteltorino.com\/fr\/meeting\/","og_site_name":"Romantic Hotel Furno","article_publisher":"https:\/\/www.facebook.com\/people\/Romantic-Hotel-Furno\/100063757070053\/","article_modified_time":"2025-10-16T13:04:06+00:00","og_image":[{"width":2069,"height":1200,"url":"https:\/\/www.romantichoteltorino.com\/wp-content\/uploads\/sites\/10\/2025\/11\/hotel-furno-hotel.jpg","type":"image\/jpeg"}],"twitter_card":"summary_large_image","twitter_misc":{"Est. reading time":"1 minute"},"schema":{"@context":"https:\/\/schema.org","@graph":[{"@type":"WebPage","@id":"https:\/\/www.romantichoteltorino.com\/fr\/meeting\/","url":"https:\/\/www.romantichoteltorino.com\/fr\/meeting\/","name":"Meeting ~ Romantic Hotel Furno ~","isPartOf":{"@id":"https:\/\/www.romantichoteltorino.com\/fr\/#website"},"datePublished":"2025-10-09T10:15:39+00:00","dateModified":"2025-10-16T13:04:06+00:00","description":"Nombreuses entreprises ont choisi le Romantic Hotel Furno pour si\u00e9ge habituel de leurs rencontres. Si vous \u00eates \u00e0 la recherche du lieu id\u00e9al pour des simples r\u00e9unions, ou bien des meetings de majeure ampleur, aupr\u00e8s du Romantic Hotel Furno vous trouverez cordialit\u00e9, disponibilit\u00e9 et professionnalisme. Notre structure dispose d'une salle r\u00e9unions climatis\u00e9e et \u00e9clair\u00e9e de lumi\u00e8re naturelle, avec une capacit\u00e9 de 100 places assises et une entr\u00e9e ind\u00e9pendante des autres salles de l'H\u00f4tel. Les moments de pause peuvent aussi s'\u00e9couler dans les alentours du parc, sirotant au plaisir un caf\u00e9 accompagn\u00e9 de la p\u00e2tisserie menue des coffee breaks, que nous am\u00e9nageons durant la belle saison dans les multiples dehors du jardin.","breadcrumb":{"@id":"https:\/\/www.romantichoteltorino.com\/fr\/meeting\/#breadcrumb"},"inLanguage":"fr-FR","potentialAction":[{"@type":"ReadAction","target":["https:\/\/www.romantichoteltorino.com\/fr\/meeting\/"]}]},{"@type":"BreadcrumbList","@id":"https:\/\/www.romantichoteltorino.com\/fr\/meeting\/#breadcrumb","itemListElement":[{"@type":"ListItem","position":1,"name":"Home","item":"https:\/\/www.romantichoteltorino.com\/fr\/"},{"@type":"ListItem","position":2,"name":"Meeting"}]},{"@type":"WebSite","@id":"https:\/\/www.romantichoteltorino.com\/fr\/#website","url":"https:\/\/www.romantichoteltorino.com\/fr\/","name":"Romantic Hotel Furno","description":"","publisher":{"@id":"https:\/\/www.romantichoteltorino.com\/fr\/#organization"},"potentialAction":[{"@type":"SearchAction","target":{"@type":"EntryPoint","urlTemplate":"https:\/\/www.romantichoteltorino.com\/fr\/?s={search_term_string}"},"query-input":{"@type":"PropertyValueSpecification","valueRequired":true,"valueName":"search_term_string"}}],"inLanguage":"fr-FR"},{"@type":"Organization","@id":"https:\/\/www.romantichoteltorino.com\/fr\/#organization","name":"Romantic Hotel Furno","alternateName":"Romantic Hotel Furno","url":"https:\/\/www.romantichoteltorino.com\/fr\/","logo":{"@type":"ImageObject","inLanguage":"fr-FR","@id":"https:\/\/www.romantichoteltorino.com\/fr\/#\/schema\/logo\/image\/","url":"https:\/\/www.romantichoteltorino.com\/wp-content\/uploads\/sites\/10\/2025\/10\/logo_romantic_hotel_furno.png","contentUrl":"https:\/\/www.romantichoteltorino.com\/wp-content\/uploads\/sites\/10\/2025\/10\/logo_romantic_hotel_furno.png","width":810,"height":424,"caption":"Romantic Hotel Furno"},"image":{"@id":"https:\/\/www.romantichoteltorino.com\/fr\/#\/schema\/logo\/image\/"},"sameAs":["https:\/\/www.facebook.com\/people\/Romantic-Hotel-Furno\/100063757070053\/","https:\/\/www.youtube.com\/watch?v=DTL29GtdEoo","https:\/\/www.tripadvisor.co.uk\/Hotel_Review-g657831-d563544-Reviews-Romantic_Hotel_Furno-San_Francesco_al_Campo_Province_of_Turin_Piedmont.html","https:\/\/x.com\/#!\/search\/realtime\/romantik hotel furno"]}]}},"acf":[],"_links":{"self":[{"href":"https:\/\/www.romantichoteltorino.com\/fr\/wp-json\/wp\/v2\/pages\/296","targetHints":{"allow":["GET"]}}],"collection":[{"href":"https:\/\/www.romantichoteltorino.com\/fr\/wp-json\/wp\/v2\/pages"}],"about":[{"href":"https:\/\/www.romantichoteltorino.com\/fr\/wp-json\/wp\/v2\/types\/page"}],"author":[{"embeddable":true,"href":"https:\/\/www.romantichoteltorino.com\/fr\/wp-json\/wp\/v2\/users\/6"}],"replies":[{"embeddable":true,"href":"https:\/\/www.romantichoteltorino.com\/fr\/wp-json\/wp\/v2\/comments?post=296"}],"version-history":[{"count":0,"href":"https:\/\/www.romantichoteltorino.com\/fr\/wp-json\/wp\/v2\/pages\/296\/revisions"}],"wp:attachment":[{"href":"https:\/\/www.romantichoteltorino.com\/fr\/wp-json\/wp\/v2\/media?parent=296"}],"curies":[{"name":"wp","href":"https:\/\/api.w.org\/{rel}","templated":true}]}}