{"id":291,"date":"2025-10-09T10:18:28","date_gmt":"2025-10-09T10:18:28","guid":{"rendered":"https:\/\/romantichotelfurno.ms3.decms.eu\/?page_id=291"},"modified":"2025-10-16T13:37:33","modified_gmt":"2025-10-16T13:37:33","slug":"dolce-oriente-tokyo-paquet","status":"publish","type":"page","link":"https:\/\/www.romantichoteltorino.com\/fr\/paquet\/dolce-oriente-tokyo-paquet\/","title":{"rendered":"\u00ab\u00a0Dolce Oriente Tokyo\u00a0\u00bb Paquet"},"content":{"rendered":"<p style=\"text-align: center;\"><em><strong>S\u00e9jour comprenant&#8230;<\/strong><\/em><\/p>\n<p>\u2022 S\u00e9jour d&rsquo;une nuit dans une suite junior avec chemin\u00e9e et bain \u00e0 remous.<\/p>\n<hr \/>\n<p>\u2022 Menu en chambre pour 2 personnes : <a href=\"http:\/\/romantichotelfurno.ms3.decms.eu\/wp-content\/uploads\/sites\/10\/2025\/10\/menu-sushi-romantic-hotel-furno.pdf\" target=\"_blank\" rel=\"noopener\">CHOISISSEZ VOTRE MENU<\/a><\/p>\n<hr \/>\n<p>\u2022 Utilisation gratuite des services de l&rsquo;h\u00f4tel romantique Furno.<\/p>\n<hr \/>\n<p>\u20ac 220,00*<\/p>\n<p>Suppl\u00e9ment pour le buffet du petit d\u00e9jeuner \u20ac 10,00 par personne<\/p>\n<hr \/>\n<p><em>* <\/em>prix par chambre, TVA incluse<\/p>\n","protected":false},"excerpt":{"rendered":"<p>S\u00e9jour comprenant&#8230; \u2022 S\u00e9jour d&rsquo;une nuit dans une suite junior avec chemin\u00e9e et bain \u00e0 remous. \u2022 Menu en chambre pour 2 personnes : CHOISISSEZ VOTRE MENU \u2022 Utilisation gratuite des services de l&rsquo;h\u00f4tel romantique Furno. \u20ac 220,00* Suppl\u00e9ment pour le buffet du petit d\u00e9jeuner \u20ac 10,00 par personne * prix par chambre, TVA incluse<\/p>\n","protected":false},"author":6,"featured_media":0,"parent":289,"menu_order":50,"comment_status":"closed","ping_status":"closed","template":"template-single-package.php","meta":{"footnotes":""},"class_list":["post-291","page","type-page","status-publish","hentry"],"yoast_head":"<!-- This site is optimized with the Yoast SEO plugin v26.9 - https:\/\/yoast.com\/product\/yoast-seo-wordpress\/ -->\n<title>&quot;Dolce Oriente Tokyo&quot; Paquet ~ Romantic Hotel Furno ~<\/title>\n<meta name=\"description\" content=\"S\u00e9jour comprenant... \u2022 S\u00e9jour d&#039;une nuit dans une suite junior avec chemin\u00e9e et bain \u00e0 remous.    \u2022 Menu en chambre pour 2 personnes : CHOISISSEZ VOTRE MENU    \u2022 Utilisation gratuite des services de l&#039;h\u00f4tel romantique Furno.    \u20ac 220,00*  Suppl\u00e9ment pour le buffet du petit d\u00e9jeuner \u20ac 10,00 par personne    * prix par chambre, TVA incluse.\" \/>\n<meta name=\"robots\" content=\"index, follow, max-snippet:-1, max-image-preview:large, max-video-preview:-1\" \/>\n<link rel=\"canonical\" href=\"https:\/\/www.romantichoteltorino.com\/fr\/paquet\/dolce-oriente-tokyo-paquet\/\" \/>\n<meta property=\"og:locale\" content=\"fr_FR\" \/>\n<meta property=\"og:type\" content=\"article\" \/>\n<meta property=\"og:title\" content=\"&quot;Dolce Oriente Tokyo&quot; Paquet ~ Romantic Hotel Furno ~\" \/>\n<meta property=\"og:description\" content=\"S\u00e9jour comprenant... \u2022 S\u00e9jour d&#039;une nuit dans une suite junior avec chemin\u00e9e et bain \u00e0 remous.    \u2022 Menu en chambre pour 2 personnes : CHOISISSEZ VOTRE MENU    \u2022 Utilisation gratuite des services de l&#039;h\u00f4tel romantique Furno.    \u20ac 220,00*  Suppl\u00e9ment pour le buffet du petit d\u00e9jeuner \u20ac 10,00 par personne    * prix par chambre, TVA incluse.\" \/>\n<meta property=\"og:url\" content=\"https:\/\/www.romantichoteltorino.com\/fr\/paquet\/dolce-oriente-tokyo-paquet\/\" \/>\n<meta property=\"og:site_name\" content=\"Romantic Hotel Furno\" \/>\n<meta property=\"article:publisher\" content=\"https:\/\/www.facebook.com\/people\/Romantic-Hotel-Furno\/100063757070053\/\" \/>\n<meta property=\"article:modified_time\" content=\"2025-10-16T13:37:33+00:00\" \/>\n<meta property=\"og:image\" content=\"https:\/\/www.romantichoteltorino.com\/wp-content\/uploads\/sites\/10\/2025\/11\/hotel-furno-hotel.jpg\" \/>\n\t<meta property=\"og:image:width\" content=\"2069\" \/>\n\t<meta property=\"og:image:height\" content=\"1200\" \/>\n\t<meta property=\"og:image:type\" content=\"image\/jpeg\" \/>\n<meta name=\"twitter:card\" content=\"summary_large_image\" \/>\n<meta name=\"twitter:label1\" content=\"Est. reading time\" \/>\n\t<meta name=\"twitter:data1\" content=\"1 minute\" \/>\n<script type=\"application\/ld+json\" class=\"yoast-schema-graph\">{\"@context\":\"https:\/\/schema.org\",\"@graph\":[{\"@type\":\"WebPage\",\"@id\":\"https:\/\/www.romantichoteltorino.com\/fr\/paquet\/dolce-oriente-tokyo-paquet\/\",\"url\":\"https:\/\/www.romantichoteltorino.com\/fr\/paquet\/dolce-oriente-tokyo-paquet\/\",\"name\":\"\\\"Dolce Oriente Tokyo\\\" Paquet ~ Romantic Hotel Furno ~\",\"isPartOf\":{\"@id\":\"https:\/\/www.romantichoteltorino.com\/fr\/#website\"},\"datePublished\":\"2025-10-09T10:18:28+00:00\",\"dateModified\":\"2025-10-16T13:37:33+00:00\",\"description\":\"S\u00e9jour comprenant... \u2022 S\u00e9jour d'une nuit dans une suite junior avec chemin\u00e9e et bain \u00e0 remous. \u2022 Menu en chambre pour 2 personnes : CHOISISSEZ VOTRE MENU \u2022 Utilisation gratuite des services de l'h\u00f4tel romantique Furno. \u20ac 220,00* Suppl\u00e9ment pour le buffet du petit d\u00e9jeuner \u20ac 10,00 par personne * prix par chambre, TVA incluse.\",\"breadcrumb\":{\"@id\":\"https:\/\/www.romantichoteltorino.com\/fr\/paquet\/dolce-oriente-tokyo-paquet\/#breadcrumb\"},\"inLanguage\":\"fr-FR\",\"potentialAction\":[{\"@type\":\"ReadAction\",\"target\":[\"https:\/\/www.romantichoteltorino.com\/fr\/paquet\/dolce-oriente-tokyo-paquet\/\"]}]},{\"@type\":\"BreadcrumbList\",\"@id\":\"https:\/\/www.romantichoteltorino.com\/fr\/paquet\/dolce-oriente-tokyo-paquet\/#breadcrumb\",\"itemListElement\":[{\"@type\":\"ListItem\",\"position\":1,\"name\":\"Home\",\"item\":\"https:\/\/www.romantichoteltorino.com\/fr\/\"},{\"@type\":\"ListItem\",\"position\":2,\"name\":\"Paquet\",\"item\":\"https:\/\/www.romantichoteltorino.com\/fr\/pacchetti\/\"},{\"@type\":\"ListItem\",\"position\":3,\"name\":\"&#8220;Dolce Oriente Tokyo&#8221; Paquet\"}]},{\"@type\":\"WebSite\",\"@id\":\"https:\/\/www.romantichoteltorino.com\/fr\/#website\",\"url\":\"https:\/\/www.romantichoteltorino.com\/fr\/\",\"name\":\"Romantic Hotel Furno\",\"description\":\"\",\"publisher\":{\"@id\":\"https:\/\/www.romantichoteltorino.com\/fr\/#organization\"},\"potentialAction\":[{\"@type\":\"SearchAction\",\"target\":{\"@type\":\"EntryPoint\",\"urlTemplate\":\"https:\/\/www.romantichoteltorino.com\/fr\/?s={search_term_string}\"},\"query-input\":{\"@type\":\"PropertyValueSpecification\",\"valueRequired\":true,\"valueName\":\"search_term_string\"}}],\"inLanguage\":\"fr-FR\"},{\"@type\":\"Organization\",\"@id\":\"https:\/\/www.romantichoteltorino.com\/fr\/#organization\",\"name\":\"Romantic Hotel Furno\",\"alternateName\":\"Romantic Hotel Furno\",\"url\":\"https:\/\/www.romantichoteltorino.com\/fr\/\",\"logo\":{\"@type\":\"ImageObject\",\"inLanguage\":\"fr-FR\",\"@id\":\"https:\/\/www.romantichoteltorino.com\/fr\/#\/schema\/logo\/image\/\",\"url\":\"https:\/\/www.romantichoteltorino.com\/wp-content\/uploads\/sites\/10\/2025\/10\/logo_romantic_hotel_furno.png\",\"contentUrl\":\"https:\/\/www.romantichoteltorino.com\/wp-content\/uploads\/sites\/10\/2025\/10\/logo_romantic_hotel_furno.png\",\"width\":810,\"height\":424,\"caption\":\"Romantic Hotel Furno\"},\"image\":{\"@id\":\"https:\/\/www.romantichoteltorino.com\/fr\/#\/schema\/logo\/image\/\"},\"sameAs\":[\"https:\/\/www.facebook.com\/people\/Romantic-Hotel-Furno\/100063757070053\/\",\"https:\/\/www.youtube.com\/watch?v=DTL29GtdEoo\",\"https:\/\/www.tripadvisor.co.uk\/Hotel_Review-g657831-d563544-Reviews-Romantic_Hotel_Furno-San_Francesco_al_Campo_Province_of_Turin_Piedmont.html\",\"https:\/\/x.com\/#!\/search\/realtime\/romantik hotel furno\"]}]}<\/script>\n<!-- \/ Yoast SEO plugin. -->","yoast_head_json":{"title":"\"Dolce Oriente Tokyo\" Paquet ~ Romantic Hotel Furno ~","description":"S\u00e9jour comprenant... \u2022 S\u00e9jour d'une nuit dans une suite junior avec chemin\u00e9e et bain \u00e0 remous.    \u2022 Menu en chambre pour 2 personnes : CHOISISSEZ VOTRE MENU    \u2022 Utilisation gratuite des services de l'h\u00f4tel romantique Furno.    \u20ac 220,00*  Suppl\u00e9ment pour le buffet du petit d\u00e9jeuner \u20ac 10,00 par personne    * prix par chambre, TVA incluse.","robots":{"index":"index","follow":"follow","max-snippet":"max-snippet:-1","max-image-preview":"max-image-preview:large","max-video-preview":"max-video-preview:-1"},"canonical":"https:\/\/www.romantichoteltorino.com\/fr\/paquet\/dolce-oriente-tokyo-paquet\/","og_locale":"fr_FR","og_type":"article","og_title":"\"Dolce Oriente Tokyo\" Paquet ~ Romantic Hotel Furno ~","og_description":"S\u00e9jour comprenant... \u2022 S\u00e9jour d'une nuit dans une suite junior avec chemin\u00e9e et bain \u00e0 remous.    \u2022 Menu en chambre pour 2 personnes : CHOISISSEZ VOTRE MENU    \u2022 Utilisation gratuite des services de l'h\u00f4tel romantique Furno.    \u20ac 220,00*  Suppl\u00e9ment pour le buffet du petit d\u00e9jeuner \u20ac 10,00 par personne    * prix par chambre, TVA incluse.","og_url":"https:\/\/www.romantichoteltorino.com\/fr\/paquet\/dolce-oriente-tokyo-paquet\/","og_site_name":"Romantic Hotel Furno","article_publisher":"https:\/\/www.facebook.com\/people\/Romantic-Hotel-Furno\/100063757070053\/","article_modified_time":"2025-10-16T13:37:33+00:00","og_image":[{"width":2069,"height":1200,"url":"https:\/\/www.romantichoteltorino.com\/wp-content\/uploads\/sites\/10\/2025\/11\/hotel-furno-hotel.jpg","type":"image\/jpeg"}],"twitter_card":"summary_large_image","twitter_misc":{"Est. reading time":"1 minute"},"schema":{"@context":"https:\/\/schema.org","@graph":[{"@type":"WebPage","@id":"https:\/\/www.romantichoteltorino.com\/fr\/paquet\/dolce-oriente-tokyo-paquet\/","url":"https:\/\/www.romantichoteltorino.com\/fr\/paquet\/dolce-oriente-tokyo-paquet\/","name":"\"Dolce Oriente Tokyo\" Paquet ~ Romantic Hotel Furno ~","isPartOf":{"@id":"https:\/\/www.romantichoteltorino.com\/fr\/#website"},"datePublished":"2025-10-09T10:18:28+00:00","dateModified":"2025-10-16T13:37:33+00:00","description":"S\u00e9jour comprenant... \u2022 S\u00e9jour d'une nuit dans une suite junior avec chemin\u00e9e et bain \u00e0 remous. \u2022 Menu en chambre pour 2 personnes : CHOISISSEZ VOTRE MENU \u2022 Utilisation gratuite des services de l'h\u00f4tel romantique Furno. \u20ac 220,00* Suppl\u00e9ment pour le buffet du petit d\u00e9jeuner \u20ac 10,00 par personne * prix par chambre, TVA incluse.","breadcrumb":{"@id":"https:\/\/www.romantichoteltorino.com\/fr\/paquet\/dolce-oriente-tokyo-paquet\/#breadcrumb"},"inLanguage":"fr-FR","potentialAction":[{"@type":"ReadAction","target":["https:\/\/www.romantichoteltorino.com\/fr\/paquet\/dolce-oriente-tokyo-paquet\/"]}]},{"@type":"BreadcrumbList","@id":"https:\/\/www.romantichoteltorino.com\/fr\/paquet\/dolce-oriente-tokyo-paquet\/#breadcrumb","itemListElement":[{"@type":"ListItem","position":1,"name":"Home","item":"https:\/\/www.romantichoteltorino.com\/fr\/"},{"@type":"ListItem","position":2,"name":"Paquet","item":"https:\/\/www.romantichoteltorino.com\/fr\/pacchetti\/"},{"@type":"ListItem","position":3,"name":"&#8220;Dolce Oriente Tokyo&#8221; Paquet"}]},{"@type":"WebSite","@id":"https:\/\/www.romantichoteltorino.com\/fr\/#website","url":"https:\/\/www.romantichoteltorino.com\/fr\/","name":"Romantic Hotel Furno","description":"","publisher":{"@id":"https:\/\/www.romantichoteltorino.com\/fr\/#organization"},"potentialAction":[{"@type":"SearchAction","target":{"@type":"EntryPoint","urlTemplate":"https:\/\/www.romantichoteltorino.com\/fr\/?s={search_term_string}"},"query-input":{"@type":"PropertyValueSpecification","valueRequired":true,"valueName":"search_term_string"}}],"inLanguage":"fr-FR"},{"@type":"Organization","@id":"https:\/\/www.romantichoteltorino.com\/fr\/#organization","name":"Romantic Hotel Furno","alternateName":"Romantic Hotel Furno","url":"https:\/\/www.romantichoteltorino.com\/fr\/","logo":{"@type":"ImageObject","inLanguage":"fr-FR","@id":"https:\/\/www.romantichoteltorino.com\/fr\/#\/schema\/logo\/image\/","url":"https:\/\/www.romantichoteltorino.com\/wp-content\/uploads\/sites\/10\/2025\/10\/logo_romantic_hotel_furno.png","contentUrl":"https:\/\/www.romantichoteltorino.com\/wp-content\/uploads\/sites\/10\/2025\/10\/logo_romantic_hotel_furno.png","width":810,"height":424,"caption":"Romantic Hotel Furno"},"image":{"@id":"https:\/\/www.romantichoteltorino.com\/fr\/#\/schema\/logo\/image\/"},"sameAs":["https:\/\/www.facebook.com\/people\/Romantic-Hotel-Furno\/100063757070053\/","https:\/\/www.youtube.com\/watch?v=DTL29GtdEoo","https:\/\/www.tripadvisor.co.uk\/Hotel_Review-g657831-d563544-Reviews-Romantic_Hotel_Furno-San_Francesco_al_Campo_Province_of_Turin_Piedmont.html","https:\/\/x.com\/#!\/search\/realtime\/romantik hotel furno"]}]}},"acf":[],"_links":{"self":[{"href":"https:\/\/www.romantichoteltorino.com\/fr\/wp-json\/wp\/v2\/pages\/291","targetHints":{"allow":["GET"]}}],"collection":[{"href":"https:\/\/www.romantichoteltorino.com\/fr\/wp-json\/wp\/v2\/pages"}],"about":[{"href":"https:\/\/www.romantichoteltorino.com\/fr\/wp-json\/wp\/v2\/types\/page"}],"author":[{"embeddable":true,"href":"https:\/\/www.romantichoteltorino.com\/fr\/wp-json\/wp\/v2\/users\/6"}],"replies":[{"embeddable":true,"href":"https:\/\/www.romantichoteltorino.com\/fr\/wp-json\/wp\/v2\/comments?post=291"}],"version-history":[{"count":0,"href":"https:\/\/www.romantichoteltorino.com\/fr\/wp-json\/wp\/v2\/pages\/291\/revisions"}],"up":[{"embeddable":true,"href":"https:\/\/www.romantichoteltorino.com\/fr\/wp-json\/wp\/v2\/pages\/289"}],"wp:attachment":[{"href":"https:\/\/www.romantichoteltorino.com\/fr\/wp-json\/wp\/v2\/media?parent=291"}],"curies":[{"name":"wp","href":"https:\/\/api.w.org\/{rel}","templated":true}]}}