{"id":287,"date":"2025-10-09T10:17:53","date_gmt":"2025-10-09T10:17:53","guid":{"rendered":"https:\/\/romantichotelfurno.ms3.decms.eu\/?page_id=287"},"modified":"2025-10-16T15:03:43","modified_gmt":"2025-10-16T15:03:43","slug":"junior-suites","status":"publish","type":"page","link":"https:\/\/www.romantichoteltorino.com\/fr\/chambres-and-suites\/junior-suites\/","title":{"rendered":"Junior Suites"},"content":{"rendered":"<p>Toutes nos Junior Suites sont situ\u00e9es entre le premier et le deuxi\u00e8me \u00e9tage, avec un acc\u00e8s direct par la fen\u00eatre \u00e0 notre cour int\u00e9rieure.<\/p>\n<p>La taille des Junior Suites est d&rsquo;environ 28 m\u00e8tres carr\u00e9s, mais chaque chambre est meubl\u00e9e de mani\u00e8re individuelle afin de garantir \u00e0 nos h\u00f4tes une atmosph\u00e8re d&rsquo;antan, entour\u00e9e d&rsquo;\u00e9l\u00e9ments d&rsquo;ameublement rappelant la tradition.<\/p>\n<p>Toutes sont \u00e9quip\u00e9es d&rsquo;un canap\u00e9-lit, d&rsquo;une grande salle de bains attenante avec baignoire \u00e0 remous et d&rsquo;une chemin\u00e9e qui peut \u00eatre allum\u00e9e.<\/p>\n","protected":false},"excerpt":{"rendered":"<p>Toutes nos Junior Suites sont situ\u00e9es entre le premier et le deuxi\u00e8me \u00e9tage, avec un acc\u00e8s direct par la fen\u00eatre \u00e0 notre cour int\u00e9rieure. La taille des Junior Suites est d&rsquo;environ 28 m\u00e8tres carr\u00e9s, mais chaque chambre est meubl\u00e9e de mani\u00e8re individuelle afin de garantir \u00e0 nos h\u00f4tes une atmosph\u00e8re d&rsquo;antan, entour\u00e9e d&rsquo;\u00e9l\u00e9ments d&rsquo;ameublement rappelant [&hellip;]<\/p>\n","protected":false},"author":6,"featured_media":0,"parent":283,"menu_order":30,"comment_status":"closed","ping_status":"closed","template":"template-single-room.php","meta":{"footnotes":""},"class_list":["post-287","page","type-page","status-publish","hentry"],"yoast_head":"<!-- This site is optimized with the Yoast SEO plugin v26.9 - https:\/\/yoast.com\/product\/yoast-seo-wordpress\/ -->\n<title>Junior Suites ~ Romantic Hotel Furno ~<\/title>\n<meta name=\"description\" content=\"Toutes nos Junior Suites sont situ\u00e9es entre le premier et le deuxi\u00e8me \u00e9tage, avec un acc\u00e8s direct par la fen\u00eatre \u00e0 notre cour int\u00e9rieure.  La taille des Junior Suites est d&#039;environ 28 m\u00e8tres carr\u00e9s, mais chaque chambre est meubl\u00e9e de mani\u00e8re individuelle afin de garantir \u00e0 nos h\u00f4tes une atmosph\u00e8re d&#039;antan, entour\u00e9e d&#039;\u00e9l\u00e9ments d&#039;ameublement rappelant la tradition.  Toutes sont \u00e9quip\u00e9es d&#039;un canap\u00e9-lit, d&#039;une grande salle de bains attenante avec baignoire \u00e0 remous et d&#039;une chemin\u00e9e qui peut \u00eatre allum\u00e9e..\" \/>\n<meta name=\"robots\" content=\"index, follow, max-snippet:-1, max-image-preview:large, max-video-preview:-1\" \/>\n<link rel=\"canonical\" href=\"https:\/\/www.romantichoteltorino.com\/fr\/chambres-and-suites\/junior-suites\/\" \/>\n<meta property=\"og:locale\" content=\"fr_FR\" \/>\n<meta property=\"og:type\" content=\"article\" \/>\n<meta property=\"og:title\" content=\"Junior Suites ~ Romantic Hotel Furno ~\" \/>\n<meta property=\"og:description\" content=\"Toutes nos Junior Suites sont situ\u00e9es entre le premier et le deuxi\u00e8me \u00e9tage, avec un acc\u00e8s direct par la fen\u00eatre \u00e0 notre cour int\u00e9rieure.  La taille des Junior Suites est d&#039;environ 28 m\u00e8tres carr\u00e9s, mais chaque chambre est meubl\u00e9e de mani\u00e8re individuelle afin de garantir \u00e0 nos h\u00f4tes une atmosph\u00e8re d&#039;antan, entour\u00e9e d&#039;\u00e9l\u00e9ments d&#039;ameublement rappelant la tradition.  Toutes sont \u00e9quip\u00e9es d&#039;un canap\u00e9-lit, d&#039;une grande salle de bains attenante avec baignoire \u00e0 remous et d&#039;une chemin\u00e9e qui peut \u00eatre allum\u00e9e..\" \/>\n<meta property=\"og:url\" content=\"https:\/\/www.romantichoteltorino.com\/fr\/chambres-and-suites\/junior-suites\/\" \/>\n<meta property=\"og:site_name\" content=\"Romantic Hotel Furno\" \/>\n<meta property=\"article:publisher\" content=\"https:\/\/www.facebook.com\/people\/Romantic-Hotel-Furno\/100063757070053\/\" \/>\n<meta property=\"article:modified_time\" content=\"2025-10-16T15:03:43+00:00\" \/>\n<meta property=\"og:image\" content=\"https:\/\/www.romantichoteltorino.com\/wp-content\/uploads\/sites\/10\/2025\/11\/hotel-furno-hotel.jpg\" \/>\n\t<meta property=\"og:image:width\" content=\"2069\" \/>\n\t<meta property=\"og:image:height\" content=\"1200\" \/>\n\t<meta property=\"og:image:type\" content=\"image\/jpeg\" \/>\n<meta name=\"twitter:card\" content=\"summary_large_image\" \/>\n<meta name=\"twitter:label1\" content=\"Est. reading time\" \/>\n\t<meta name=\"twitter:data1\" content=\"1 minute\" \/>\n<script type=\"application\/ld+json\" class=\"yoast-schema-graph\">{\"@context\":\"https:\/\/schema.org\",\"@graph\":[{\"@type\":\"WebPage\",\"@id\":\"https:\/\/www.romantichoteltorino.com\/fr\/chambres-and-suites\/junior-suites\/\",\"url\":\"https:\/\/www.romantichoteltorino.com\/fr\/chambres-and-suites\/junior-suites\/\",\"name\":\"Junior Suites ~ Romantic Hotel Furno ~\",\"isPartOf\":{\"@id\":\"https:\/\/www.romantichoteltorino.com\/fr\/#website\"},\"datePublished\":\"2025-10-09T10:17:53+00:00\",\"dateModified\":\"2025-10-16T15:03:43+00:00\",\"description\":\"Toutes nos Junior Suites sont situ\u00e9es entre le premier et le deuxi\u00e8me \u00e9tage, avec un acc\u00e8s direct par la fen\u00eatre \u00e0 notre cour int\u00e9rieure. La taille des Junior Suites est d'environ 28 m\u00e8tres carr\u00e9s, mais chaque chambre est meubl\u00e9e de mani\u00e8re individuelle afin de garantir \u00e0 nos h\u00f4tes une atmosph\u00e8re d'antan, entour\u00e9e d'\u00e9l\u00e9ments d'ameublement rappelant la tradition. Toutes sont \u00e9quip\u00e9es d'un canap\u00e9-lit, d'une grande salle de bains attenante avec baignoire \u00e0 remous et d'une chemin\u00e9e qui peut \u00eatre allum\u00e9e..\",\"breadcrumb\":{\"@id\":\"https:\/\/www.romantichoteltorino.com\/fr\/chambres-and-suites\/junior-suites\/#breadcrumb\"},\"inLanguage\":\"fr-FR\",\"potentialAction\":[{\"@type\":\"ReadAction\",\"target\":[\"https:\/\/www.romantichoteltorino.com\/fr\/chambres-and-suites\/junior-suites\/\"]}]},{\"@type\":\"BreadcrumbList\",\"@id\":\"https:\/\/www.romantichoteltorino.com\/fr\/chambres-and-suites\/junior-suites\/#breadcrumb\",\"itemListElement\":[{\"@type\":\"ListItem\",\"position\":1,\"name\":\"Home\",\"item\":\"https:\/\/www.romantichoteltorino.com\/fr\/\"},{\"@type\":\"ListItem\",\"position\":2,\"name\":\"Chambres and Suites\",\"item\":\"https:\/\/www.romantichoteltorino.com\/fr\/camere-e-suites\/\"},{\"@type\":\"ListItem\",\"position\":3,\"name\":\"Junior Suites\"}]},{\"@type\":\"WebSite\",\"@id\":\"https:\/\/www.romantichoteltorino.com\/fr\/#website\",\"url\":\"https:\/\/www.romantichoteltorino.com\/fr\/\",\"name\":\"Romantic Hotel Furno\",\"description\":\"\",\"publisher\":{\"@id\":\"https:\/\/www.romantichoteltorino.com\/fr\/#organization\"},\"potentialAction\":[{\"@type\":\"SearchAction\",\"target\":{\"@type\":\"EntryPoint\",\"urlTemplate\":\"https:\/\/www.romantichoteltorino.com\/fr\/?s={search_term_string}\"},\"query-input\":{\"@type\":\"PropertyValueSpecification\",\"valueRequired\":true,\"valueName\":\"search_term_string\"}}],\"inLanguage\":\"fr-FR\"},{\"@type\":\"Organization\",\"@id\":\"https:\/\/www.romantichoteltorino.com\/fr\/#organization\",\"name\":\"Romantic Hotel Furno\",\"alternateName\":\"Romantic Hotel Furno\",\"url\":\"https:\/\/www.romantichoteltorino.com\/fr\/\",\"logo\":{\"@type\":\"ImageObject\",\"inLanguage\":\"fr-FR\",\"@id\":\"https:\/\/www.romantichoteltorino.com\/fr\/#\/schema\/logo\/image\/\",\"url\":\"https:\/\/www.romantichoteltorino.com\/wp-content\/uploads\/sites\/10\/2025\/10\/logo_romantic_hotel_furno.png\",\"contentUrl\":\"https:\/\/www.romantichoteltorino.com\/wp-content\/uploads\/sites\/10\/2025\/10\/logo_romantic_hotel_furno.png\",\"width\":810,\"height\":424,\"caption\":\"Romantic Hotel Furno\"},\"image\":{\"@id\":\"https:\/\/www.romantichoteltorino.com\/fr\/#\/schema\/logo\/image\/\"},\"sameAs\":[\"https:\/\/www.facebook.com\/people\/Romantic-Hotel-Furno\/100063757070053\/\",\"https:\/\/www.youtube.com\/watch?v=DTL29GtdEoo\",\"https:\/\/www.tripadvisor.co.uk\/Hotel_Review-g657831-d563544-Reviews-Romantic_Hotel_Furno-San_Francesco_al_Campo_Province_of_Turin_Piedmont.html\",\"https:\/\/x.com\/#!\/search\/realtime\/romantik hotel furno\"]}]}<\/script>\n<!-- \/ Yoast SEO plugin. -->","yoast_head_json":{"title":"Junior Suites ~ Romantic Hotel Furno ~","description":"Toutes nos Junior Suites sont situ\u00e9es entre le premier et le deuxi\u00e8me \u00e9tage, avec un acc\u00e8s direct par la fen\u00eatre \u00e0 notre cour int\u00e9rieure.  La taille des Junior Suites est d'environ 28 m\u00e8tres carr\u00e9s, mais chaque chambre est meubl\u00e9e de mani\u00e8re individuelle afin de garantir \u00e0 nos h\u00f4tes une atmosph\u00e8re d'antan, entour\u00e9e d'\u00e9l\u00e9ments d'ameublement rappelant la tradition.  Toutes sont \u00e9quip\u00e9es d'un canap\u00e9-lit, d'une grande salle de bains attenante avec baignoire \u00e0 remous et d'une chemin\u00e9e qui peut \u00eatre allum\u00e9e..","robots":{"index":"index","follow":"follow","max-snippet":"max-snippet:-1","max-image-preview":"max-image-preview:large","max-video-preview":"max-video-preview:-1"},"canonical":"https:\/\/www.romantichoteltorino.com\/fr\/chambres-and-suites\/junior-suites\/","og_locale":"fr_FR","og_type":"article","og_title":"Junior Suites ~ Romantic Hotel Furno ~","og_description":"Toutes nos Junior Suites sont situ\u00e9es entre le premier et le deuxi\u00e8me \u00e9tage, avec un acc\u00e8s direct par la fen\u00eatre \u00e0 notre cour int\u00e9rieure.  La taille des Junior Suites est d'environ 28 m\u00e8tres carr\u00e9s, mais chaque chambre est meubl\u00e9e de mani\u00e8re individuelle afin de garantir \u00e0 nos h\u00f4tes une atmosph\u00e8re d'antan, entour\u00e9e d'\u00e9l\u00e9ments d'ameublement rappelant la tradition.  Toutes sont \u00e9quip\u00e9es d'un canap\u00e9-lit, d'une grande salle de bains attenante avec baignoire \u00e0 remous et d'une chemin\u00e9e qui peut \u00eatre allum\u00e9e..","og_url":"https:\/\/www.romantichoteltorino.com\/fr\/chambres-and-suites\/junior-suites\/","og_site_name":"Romantic Hotel Furno","article_publisher":"https:\/\/www.facebook.com\/people\/Romantic-Hotel-Furno\/100063757070053\/","article_modified_time":"2025-10-16T15:03:43+00:00","og_image":[{"width":2069,"height":1200,"url":"https:\/\/www.romantichoteltorino.com\/wp-content\/uploads\/sites\/10\/2025\/11\/hotel-furno-hotel.jpg","type":"image\/jpeg"}],"twitter_card":"summary_large_image","twitter_misc":{"Est. reading time":"1 minute"},"schema":{"@context":"https:\/\/schema.org","@graph":[{"@type":"WebPage","@id":"https:\/\/www.romantichoteltorino.com\/fr\/chambres-and-suites\/junior-suites\/","url":"https:\/\/www.romantichoteltorino.com\/fr\/chambres-and-suites\/junior-suites\/","name":"Junior Suites ~ Romantic Hotel Furno ~","isPartOf":{"@id":"https:\/\/www.romantichoteltorino.com\/fr\/#website"},"datePublished":"2025-10-09T10:17:53+00:00","dateModified":"2025-10-16T15:03:43+00:00","description":"Toutes nos Junior Suites sont situ\u00e9es entre le premier et le deuxi\u00e8me \u00e9tage, avec un acc\u00e8s direct par la fen\u00eatre \u00e0 notre cour int\u00e9rieure. La taille des Junior Suites est d'environ 28 m\u00e8tres carr\u00e9s, mais chaque chambre est meubl\u00e9e de mani\u00e8re individuelle afin de garantir \u00e0 nos h\u00f4tes une atmosph\u00e8re d'antan, entour\u00e9e d'\u00e9l\u00e9ments d'ameublement rappelant la tradition. Toutes sont \u00e9quip\u00e9es d'un canap\u00e9-lit, d'une grande salle de bains attenante avec baignoire \u00e0 remous et d'une chemin\u00e9e qui peut \u00eatre allum\u00e9e..","breadcrumb":{"@id":"https:\/\/www.romantichoteltorino.com\/fr\/chambres-and-suites\/junior-suites\/#breadcrumb"},"inLanguage":"fr-FR","potentialAction":[{"@type":"ReadAction","target":["https:\/\/www.romantichoteltorino.com\/fr\/chambres-and-suites\/junior-suites\/"]}]},{"@type":"BreadcrumbList","@id":"https:\/\/www.romantichoteltorino.com\/fr\/chambres-and-suites\/junior-suites\/#breadcrumb","itemListElement":[{"@type":"ListItem","position":1,"name":"Home","item":"https:\/\/www.romantichoteltorino.com\/fr\/"},{"@type":"ListItem","position":2,"name":"Chambres and Suites","item":"https:\/\/www.romantichoteltorino.com\/fr\/camere-e-suites\/"},{"@type":"ListItem","position":3,"name":"Junior Suites"}]},{"@type":"WebSite","@id":"https:\/\/www.romantichoteltorino.com\/fr\/#website","url":"https:\/\/www.romantichoteltorino.com\/fr\/","name":"Romantic Hotel Furno","description":"","publisher":{"@id":"https:\/\/www.romantichoteltorino.com\/fr\/#organization"},"potentialAction":[{"@type":"SearchAction","target":{"@type":"EntryPoint","urlTemplate":"https:\/\/www.romantichoteltorino.com\/fr\/?s={search_term_string}"},"query-input":{"@type":"PropertyValueSpecification","valueRequired":true,"valueName":"search_term_string"}}],"inLanguage":"fr-FR"},{"@type":"Organization","@id":"https:\/\/www.romantichoteltorino.com\/fr\/#organization","name":"Romantic Hotel Furno","alternateName":"Romantic Hotel Furno","url":"https:\/\/www.romantichoteltorino.com\/fr\/","logo":{"@type":"ImageObject","inLanguage":"fr-FR","@id":"https:\/\/www.romantichoteltorino.com\/fr\/#\/schema\/logo\/image\/","url":"https:\/\/www.romantichoteltorino.com\/wp-content\/uploads\/sites\/10\/2025\/10\/logo_romantic_hotel_furno.png","contentUrl":"https:\/\/www.romantichoteltorino.com\/wp-content\/uploads\/sites\/10\/2025\/10\/logo_romantic_hotel_furno.png","width":810,"height":424,"caption":"Romantic Hotel Furno"},"image":{"@id":"https:\/\/www.romantichoteltorino.com\/fr\/#\/schema\/logo\/image\/"},"sameAs":["https:\/\/www.facebook.com\/people\/Romantic-Hotel-Furno\/100063757070053\/","https:\/\/www.youtube.com\/watch?v=DTL29GtdEoo","https:\/\/www.tripadvisor.co.uk\/Hotel_Review-g657831-d563544-Reviews-Romantic_Hotel_Furno-San_Francesco_al_Campo_Province_of_Turin_Piedmont.html","https:\/\/x.com\/#!\/search\/realtime\/romantik hotel furno"]}]}},"acf":[],"_links":{"self":[{"href":"https:\/\/www.romantichoteltorino.com\/fr\/wp-json\/wp\/v2\/pages\/287","targetHints":{"allow":["GET"]}}],"collection":[{"href":"https:\/\/www.romantichoteltorino.com\/fr\/wp-json\/wp\/v2\/pages"}],"about":[{"href":"https:\/\/www.romantichoteltorino.com\/fr\/wp-json\/wp\/v2\/types\/page"}],"author":[{"embeddable":true,"href":"https:\/\/www.romantichoteltorino.com\/fr\/wp-json\/wp\/v2\/users\/6"}],"replies":[{"embeddable":true,"href":"https:\/\/www.romantichoteltorino.com\/fr\/wp-json\/wp\/v2\/comments?post=287"}],"version-history":[{"count":0,"href":"https:\/\/www.romantichoteltorino.com\/fr\/wp-json\/wp\/v2\/pages\/287\/revisions"}],"up":[{"embeddable":true,"href":"https:\/\/www.romantichoteltorino.com\/fr\/wp-json\/wp\/v2\/pages\/283"}],"wp:attachment":[{"href":"https:\/\/www.romantichoteltorino.com\/fr\/wp-json\/wp\/v2\/media?parent=287"}],"curies":[{"name":"wp","href":"https:\/\/api.w.org\/{rel}","templated":true}]}}