{"id":286,"date":"2025-10-09T10:17:47","date_gmt":"2025-10-09T10:17:47","guid":{"rendered":"https:\/\/romantichotelfurno.ms3.decms.eu\/?page_id=286"},"modified":"2025-10-16T15:03:44","modified_gmt":"2025-10-16T15:03:44","slug":"chambre-de-luxe","status":"publish","type":"page","link":"https:\/\/www.romantichoteltorino.com\/fr\/chambres-and-suites\/chambre-de-luxe\/","title":{"rendered":"Chambre De Luxe"},"content":{"rendered":"<p>Toutes nos chambres de luxe sont situ\u00e9es sur le pourtour du b\u00e2timent, au rez-de-chauss\u00e9e, et disposent d&rsquo;un acc\u00e8s direct au jardin. Elles se trouvent au deuxi\u00e8me \u00e9tage et offrent une vue imprenable sur les montagnes environnantes.<\/p>\n<p>D&rsquo;une superficie d&rsquo;environ 20 m\u00e8tres carr\u00e9s, elles sont meubl\u00e9es de fa\u00e7on individuelle afin que nos h\u00f4tes puissent profiter d&rsquo;une atmosph\u00e8re d&rsquo;antan dans un mobilier rappelant la tradition.<\/p>\n<p>Toutes nos chambres de luxe disposent d&rsquo;un canap\u00e9-lit et d&rsquo;une salle de bains privative avec baignoire.<\/p>\n","protected":false},"excerpt":{"rendered":"<p>Toutes nos chambres de luxe sont situ\u00e9es sur le pourtour du b\u00e2timent, au rez-de-chauss\u00e9e, et disposent d&rsquo;un acc\u00e8s direct au jardin. Elles se trouvent au deuxi\u00e8me \u00e9tage et offrent une vue imprenable sur les montagnes environnantes. D&rsquo;une superficie d&rsquo;environ 20 m\u00e8tres carr\u00e9s, elles sont meubl\u00e9es de fa\u00e7on individuelle afin que nos h\u00f4tes puissent profiter d&rsquo;une [&hellip;]<\/p>\n","protected":false},"author":6,"featured_media":0,"parent":283,"menu_order":20,"comment_status":"closed","ping_status":"closed","template":"template-single-room.php","meta":{"footnotes":""},"class_list":["post-286","page","type-page","status-publish","hentry"],"yoast_head":"<!-- This site is optimized with the Yoast SEO plugin v26.9 - https:\/\/yoast.com\/product\/yoast-seo-wordpress\/ -->\n<title>Chambre De Luxe ~ Romantic Hotel Furno ~<\/title>\n<meta name=\"description\" content=\"Toutes nos chambres de luxe sont situ\u00e9es sur le pourtour du b\u00e2timent, au rez-de-chauss\u00e9e, et disposent d&#039;un acc\u00e8s direct au jardin. Elles se trouvent au deuxi\u00e8me \u00e9tage et offrent une vue imprenable sur les montagnes environnantes.  D&#039;une superficie d&#039;environ 20 m\u00e8tres carr\u00e9s, elles sont meubl\u00e9es de fa\u00e7on individuelle afin que nos h\u00f4tes puissent profiter d&#039;une atmosph\u00e8re d&#039;antan dans un mobilier rappelant la tradition.  Toutes nos chambres de luxe disposent d&#039;un canap\u00e9-lit et d&#039;une salle de bains privative avec baignoire.\" \/>\n<meta name=\"robots\" content=\"index, follow, max-snippet:-1, max-image-preview:large, max-video-preview:-1\" \/>\n<link rel=\"canonical\" href=\"https:\/\/www.romantichoteltorino.com\/fr\/chambres-and-suites\/chambre-de-luxe\/\" \/>\n<meta property=\"og:locale\" content=\"fr_FR\" \/>\n<meta property=\"og:type\" content=\"article\" \/>\n<meta property=\"og:title\" content=\"Chambre De Luxe ~ Romantic Hotel Furno ~\" \/>\n<meta property=\"og:description\" content=\"Toutes nos chambres de luxe sont situ\u00e9es sur le pourtour du b\u00e2timent, au rez-de-chauss\u00e9e, et disposent d&#039;un acc\u00e8s direct au jardin. Elles se trouvent au deuxi\u00e8me \u00e9tage et offrent une vue imprenable sur les montagnes environnantes.  D&#039;une superficie d&#039;environ 20 m\u00e8tres carr\u00e9s, elles sont meubl\u00e9es de fa\u00e7on individuelle afin que nos h\u00f4tes puissent profiter d&#039;une atmosph\u00e8re d&#039;antan dans un mobilier rappelant la tradition.  Toutes nos chambres de luxe disposent d&#039;un canap\u00e9-lit et d&#039;une salle de bains privative avec baignoire.\" \/>\n<meta property=\"og:url\" content=\"https:\/\/www.romantichoteltorino.com\/fr\/chambres-and-suites\/chambre-de-luxe\/\" \/>\n<meta property=\"og:site_name\" content=\"Romantic Hotel Furno\" \/>\n<meta property=\"article:publisher\" content=\"https:\/\/www.facebook.com\/people\/Romantic-Hotel-Furno\/100063757070053\/\" \/>\n<meta property=\"article:modified_time\" content=\"2025-10-16T15:03:44+00:00\" \/>\n<meta property=\"og:image\" content=\"https:\/\/www.romantichoteltorino.com\/wp-content\/uploads\/sites\/10\/2025\/11\/hotel-furno-hotel.jpg\" \/>\n\t<meta property=\"og:image:width\" content=\"2069\" \/>\n\t<meta property=\"og:image:height\" content=\"1200\" \/>\n\t<meta property=\"og:image:type\" content=\"image\/jpeg\" \/>\n<meta name=\"twitter:card\" content=\"summary_large_image\" \/>\n<meta name=\"twitter:label1\" content=\"Est. reading time\" \/>\n\t<meta name=\"twitter:data1\" content=\"1 minute\" \/>\n<script type=\"application\/ld+json\" class=\"yoast-schema-graph\">{\"@context\":\"https:\/\/schema.org\",\"@graph\":[{\"@type\":\"WebPage\",\"@id\":\"https:\/\/www.romantichoteltorino.com\/fr\/chambres-and-suites\/chambre-de-luxe\/\",\"url\":\"https:\/\/www.romantichoteltorino.com\/fr\/chambres-and-suites\/chambre-de-luxe\/\",\"name\":\"Chambre De Luxe ~ Romantic Hotel Furno ~\",\"isPartOf\":{\"@id\":\"https:\/\/www.romantichoteltorino.com\/fr\/#website\"},\"datePublished\":\"2025-10-09T10:17:47+00:00\",\"dateModified\":\"2025-10-16T15:03:44+00:00\",\"description\":\"Toutes nos chambres de luxe sont situ\u00e9es sur le pourtour du b\u00e2timent, au rez-de-chauss\u00e9e, et disposent d'un acc\u00e8s direct au jardin. Elles se trouvent au deuxi\u00e8me \u00e9tage et offrent une vue imprenable sur les montagnes environnantes. D'une superficie d'environ 20 m\u00e8tres carr\u00e9s, elles sont meubl\u00e9es de fa\u00e7on individuelle afin que nos h\u00f4tes puissent profiter d'une atmosph\u00e8re d'antan dans un mobilier rappelant la tradition. Toutes nos chambres de luxe disposent d'un canap\u00e9-lit et d'une salle de bains privative avec baignoire.\",\"breadcrumb\":{\"@id\":\"https:\/\/www.romantichoteltorino.com\/fr\/chambres-and-suites\/chambre-de-luxe\/#breadcrumb\"},\"inLanguage\":\"fr-FR\",\"potentialAction\":[{\"@type\":\"ReadAction\",\"target\":[\"https:\/\/www.romantichoteltorino.com\/fr\/chambres-and-suites\/chambre-de-luxe\/\"]}]},{\"@type\":\"BreadcrumbList\",\"@id\":\"https:\/\/www.romantichoteltorino.com\/fr\/chambres-and-suites\/chambre-de-luxe\/#breadcrumb\",\"itemListElement\":[{\"@type\":\"ListItem\",\"position\":1,\"name\":\"Home\",\"item\":\"https:\/\/www.romantichoteltorino.com\/fr\/\"},{\"@type\":\"ListItem\",\"position\":2,\"name\":\"Chambres and Suites\",\"item\":\"https:\/\/www.romantichoteltorino.com\/fr\/camere-e-suites\/\"},{\"@type\":\"ListItem\",\"position\":3,\"name\":\"Chambre De Luxe\"}]},{\"@type\":\"WebSite\",\"@id\":\"https:\/\/www.romantichoteltorino.com\/fr\/#website\",\"url\":\"https:\/\/www.romantichoteltorino.com\/fr\/\",\"name\":\"Romantic Hotel Furno\",\"description\":\"\",\"publisher\":{\"@id\":\"https:\/\/www.romantichoteltorino.com\/fr\/#organization\"},\"potentialAction\":[{\"@type\":\"SearchAction\",\"target\":{\"@type\":\"EntryPoint\",\"urlTemplate\":\"https:\/\/www.romantichoteltorino.com\/fr\/?s={search_term_string}\"},\"query-input\":{\"@type\":\"PropertyValueSpecification\",\"valueRequired\":true,\"valueName\":\"search_term_string\"}}],\"inLanguage\":\"fr-FR\"},{\"@type\":\"Organization\",\"@id\":\"https:\/\/www.romantichoteltorino.com\/fr\/#organization\",\"name\":\"Romantic Hotel Furno\",\"alternateName\":\"Romantic Hotel Furno\",\"url\":\"https:\/\/www.romantichoteltorino.com\/fr\/\",\"logo\":{\"@type\":\"ImageObject\",\"inLanguage\":\"fr-FR\",\"@id\":\"https:\/\/www.romantichoteltorino.com\/fr\/#\/schema\/logo\/image\/\",\"url\":\"https:\/\/www.romantichoteltorino.com\/wp-content\/uploads\/sites\/10\/2025\/10\/logo_romantic_hotel_furno.png\",\"contentUrl\":\"https:\/\/www.romantichoteltorino.com\/wp-content\/uploads\/sites\/10\/2025\/10\/logo_romantic_hotel_furno.png\",\"width\":810,\"height\":424,\"caption\":\"Romantic Hotel Furno\"},\"image\":{\"@id\":\"https:\/\/www.romantichoteltorino.com\/fr\/#\/schema\/logo\/image\/\"},\"sameAs\":[\"https:\/\/www.facebook.com\/people\/Romantic-Hotel-Furno\/100063757070053\/\",\"https:\/\/www.youtube.com\/watch?v=DTL29GtdEoo\",\"https:\/\/www.tripadvisor.co.uk\/Hotel_Review-g657831-d563544-Reviews-Romantic_Hotel_Furno-San_Francesco_al_Campo_Province_of_Turin_Piedmont.html\",\"https:\/\/x.com\/#!\/search\/realtime\/romantik hotel furno\"]}]}<\/script>\n<!-- \/ Yoast SEO plugin. -->","yoast_head_json":{"title":"Chambre De Luxe ~ Romantic Hotel Furno ~","description":"Toutes nos chambres de luxe sont situ\u00e9es sur le pourtour du b\u00e2timent, au rez-de-chauss\u00e9e, et disposent d'un acc\u00e8s direct au jardin. Elles se trouvent au deuxi\u00e8me \u00e9tage et offrent une vue imprenable sur les montagnes environnantes.  D'une superficie d'environ 20 m\u00e8tres carr\u00e9s, elles sont meubl\u00e9es de fa\u00e7on individuelle afin que nos h\u00f4tes puissent profiter d'une atmosph\u00e8re d'antan dans un mobilier rappelant la tradition.  Toutes nos chambres de luxe disposent d'un canap\u00e9-lit et d'une salle de bains privative avec baignoire.","robots":{"index":"index","follow":"follow","max-snippet":"max-snippet:-1","max-image-preview":"max-image-preview:large","max-video-preview":"max-video-preview:-1"},"canonical":"https:\/\/www.romantichoteltorino.com\/fr\/chambres-and-suites\/chambre-de-luxe\/","og_locale":"fr_FR","og_type":"article","og_title":"Chambre De Luxe ~ Romantic Hotel Furno ~","og_description":"Toutes nos chambres de luxe sont situ\u00e9es sur le pourtour du b\u00e2timent, au rez-de-chauss\u00e9e, et disposent d'un acc\u00e8s direct au jardin. Elles se trouvent au deuxi\u00e8me \u00e9tage et offrent une vue imprenable sur les montagnes environnantes.  D'une superficie d'environ 20 m\u00e8tres carr\u00e9s, elles sont meubl\u00e9es de fa\u00e7on individuelle afin que nos h\u00f4tes puissent profiter d'une atmosph\u00e8re d'antan dans un mobilier rappelant la tradition.  Toutes nos chambres de luxe disposent d'un canap\u00e9-lit et d'une salle de bains privative avec baignoire.","og_url":"https:\/\/www.romantichoteltorino.com\/fr\/chambres-and-suites\/chambre-de-luxe\/","og_site_name":"Romantic Hotel Furno","article_publisher":"https:\/\/www.facebook.com\/people\/Romantic-Hotel-Furno\/100063757070053\/","article_modified_time":"2025-10-16T15:03:44+00:00","og_image":[{"width":2069,"height":1200,"url":"https:\/\/www.romantichoteltorino.com\/wp-content\/uploads\/sites\/10\/2025\/11\/hotel-furno-hotel.jpg","type":"image\/jpeg"}],"twitter_card":"summary_large_image","twitter_misc":{"Est. reading time":"1 minute"},"schema":{"@context":"https:\/\/schema.org","@graph":[{"@type":"WebPage","@id":"https:\/\/www.romantichoteltorino.com\/fr\/chambres-and-suites\/chambre-de-luxe\/","url":"https:\/\/www.romantichoteltorino.com\/fr\/chambres-and-suites\/chambre-de-luxe\/","name":"Chambre De Luxe ~ Romantic Hotel Furno ~","isPartOf":{"@id":"https:\/\/www.romantichoteltorino.com\/fr\/#website"},"datePublished":"2025-10-09T10:17:47+00:00","dateModified":"2025-10-16T15:03:44+00:00","description":"Toutes nos chambres de luxe sont situ\u00e9es sur le pourtour du b\u00e2timent, au rez-de-chauss\u00e9e, et disposent d'un acc\u00e8s direct au jardin. Elles se trouvent au deuxi\u00e8me \u00e9tage et offrent une vue imprenable sur les montagnes environnantes. D'une superficie d'environ 20 m\u00e8tres carr\u00e9s, elles sont meubl\u00e9es de fa\u00e7on individuelle afin que nos h\u00f4tes puissent profiter d'une atmosph\u00e8re d'antan dans un mobilier rappelant la tradition. Toutes nos chambres de luxe disposent d'un canap\u00e9-lit et d'une salle de bains privative avec baignoire.","breadcrumb":{"@id":"https:\/\/www.romantichoteltorino.com\/fr\/chambres-and-suites\/chambre-de-luxe\/#breadcrumb"},"inLanguage":"fr-FR","potentialAction":[{"@type":"ReadAction","target":["https:\/\/www.romantichoteltorino.com\/fr\/chambres-and-suites\/chambre-de-luxe\/"]}]},{"@type":"BreadcrumbList","@id":"https:\/\/www.romantichoteltorino.com\/fr\/chambres-and-suites\/chambre-de-luxe\/#breadcrumb","itemListElement":[{"@type":"ListItem","position":1,"name":"Home","item":"https:\/\/www.romantichoteltorino.com\/fr\/"},{"@type":"ListItem","position":2,"name":"Chambres and Suites","item":"https:\/\/www.romantichoteltorino.com\/fr\/camere-e-suites\/"},{"@type":"ListItem","position":3,"name":"Chambre De Luxe"}]},{"@type":"WebSite","@id":"https:\/\/www.romantichoteltorino.com\/fr\/#website","url":"https:\/\/www.romantichoteltorino.com\/fr\/","name":"Romantic Hotel Furno","description":"","publisher":{"@id":"https:\/\/www.romantichoteltorino.com\/fr\/#organization"},"potentialAction":[{"@type":"SearchAction","target":{"@type":"EntryPoint","urlTemplate":"https:\/\/www.romantichoteltorino.com\/fr\/?s={search_term_string}"},"query-input":{"@type":"PropertyValueSpecification","valueRequired":true,"valueName":"search_term_string"}}],"inLanguage":"fr-FR"},{"@type":"Organization","@id":"https:\/\/www.romantichoteltorino.com\/fr\/#organization","name":"Romantic Hotel Furno","alternateName":"Romantic Hotel Furno","url":"https:\/\/www.romantichoteltorino.com\/fr\/","logo":{"@type":"ImageObject","inLanguage":"fr-FR","@id":"https:\/\/www.romantichoteltorino.com\/fr\/#\/schema\/logo\/image\/","url":"https:\/\/www.romantichoteltorino.com\/wp-content\/uploads\/sites\/10\/2025\/10\/logo_romantic_hotel_furno.png","contentUrl":"https:\/\/www.romantichoteltorino.com\/wp-content\/uploads\/sites\/10\/2025\/10\/logo_romantic_hotel_furno.png","width":810,"height":424,"caption":"Romantic Hotel Furno"},"image":{"@id":"https:\/\/www.romantichoteltorino.com\/fr\/#\/schema\/logo\/image\/"},"sameAs":["https:\/\/www.facebook.com\/people\/Romantic-Hotel-Furno\/100063757070053\/","https:\/\/www.youtube.com\/watch?v=DTL29GtdEoo","https:\/\/www.tripadvisor.co.uk\/Hotel_Review-g657831-d563544-Reviews-Romantic_Hotel_Furno-San_Francesco_al_Campo_Province_of_Turin_Piedmont.html","https:\/\/x.com\/#!\/search\/realtime\/romantik hotel furno"]}]}},"acf":[],"_links":{"self":[{"href":"https:\/\/www.romantichoteltorino.com\/fr\/wp-json\/wp\/v2\/pages\/286","targetHints":{"allow":["GET"]}}],"collection":[{"href":"https:\/\/www.romantichoteltorino.com\/fr\/wp-json\/wp\/v2\/pages"}],"about":[{"href":"https:\/\/www.romantichoteltorino.com\/fr\/wp-json\/wp\/v2\/types\/page"}],"author":[{"embeddable":true,"href":"https:\/\/www.romantichoteltorino.com\/fr\/wp-json\/wp\/v2\/users\/6"}],"replies":[{"embeddable":true,"href":"https:\/\/www.romantichoteltorino.com\/fr\/wp-json\/wp\/v2\/comments?post=286"}],"version-history":[{"count":0,"href":"https:\/\/www.romantichoteltorino.com\/fr\/wp-json\/wp\/v2\/pages\/286\/revisions"}],"up":[{"embeddable":true,"href":"https:\/\/www.romantichoteltorino.com\/fr\/wp-json\/wp\/v2\/pages\/283"}],"wp:attachment":[{"href":"https:\/\/www.romantichoteltorino.com\/fr\/wp-json\/wp\/v2\/media?parent=286"}],"curies":[{"name":"wp","href":"https:\/\/api.w.org\/{rel}","templated":true}]}}