{"id":283,"date":"2025-10-09T10:14:51","date_gmt":"2025-10-09T10:14:51","guid":{"rendered":"https:\/\/romantichotelfurno.ms3.decms.eu\/?page_id=283"},"modified":"2025-10-15T15:35:25","modified_gmt":"2025-10-15T15:35:25","slug":"chambres-and-suites","status":"publish","type":"page","link":"https:\/\/www.romantichoteltorino.com\/fr\/chambres-and-suites\/","title":{"rendered":"Chambres and Suites"},"content":{"rendered":"<p>L&rsquo;H\u00f4tel dispose de 22 chambres standard, 7 De luxe avec hydromassage et 6 Suites Junior avec hydro massage et petite chemin\u00e9e. Toutes nos chambres sont soign\u00e9es dans les moindres d\u00e9tails, savamment meubl\u00e9es et harmonieusement d\u00e9cor\u00e9es et chacune se distingue par son style unique et particulier. Issues de la restauration d&rsquo;un ancien b\u00e2timent, les chambres ont des prestigieuses finitions qui accompagnent les briques \u00e0 vue et les poutres en bois originelles. L&rsquo;\u00e9quipement est parmi les plus modernes et confortables: t\u00e9l\u00e9viseur LCD num\u00e9rique, t\u00e9l\u00e9phone avec ligne directe, Internet par c\u00e2ble en Wi-Fi, ample coffre personnel, air conditionn\u00e9 et chauffage individuels, minibar, pantoufles, s\u00e9choir, trousse de courtoisie et des souples peignoirs pour les h\u00f4tes qui profitent de la Suite Junior.<\/p>\n<p>Deux chambres ont \u00e9t\u00e9 pens\u00e9es sp\u00e9cialement pour accueillir au mieux les porteurs d&rsquo;handicap.<\/p>\n<p>S\u00e9journer dans nos chambres vous donnera la sensation d&rsquo;\u00eatre envelopp\u00e9 par une atmosph\u00e8re d&rsquo;antan, dans un contexte dense de traditions et d&rsquo;histoire, tout en restant c\u00e2lin\u00e9s par les modernes conforts technologiques<strong>.<\/strong><\/p>\n","protected":false},"excerpt":{"rendered":"<p>L&rsquo;H\u00f4tel dispose de 22 chambres standard, 7 De luxe avec hydromassage et 6 Suites Junior avec hydro massage et petite chemin\u00e9e. Toutes nos chambres sont soign\u00e9es dans les moindres d\u00e9tails, savamment meubl\u00e9es et harmonieusement d\u00e9cor\u00e9es et chacune se distingue par son style unique et particulier. Issues de la restauration d&rsquo;un ancien b\u00e2timent, les chambres ont [&hellip;]<\/p>\n","protected":false},"author":6,"featured_media":0,"parent":0,"menu_order":20,"comment_status":"closed","ping_status":"closed","template":"template-rooms.php","meta":{"footnotes":""},"class_list":["post-283","page","type-page","status-publish","hentry"],"yoast_head":"<!-- This site is optimized with the Yoast SEO plugin v26.9 - https:\/\/yoast.com\/product\/yoast-seo-wordpress\/ -->\n<title>Chambres and Suites ~ Romantic Hotel Furno ~<\/title>\n<meta name=\"description\" content=\"L&#039;H\u00f4tel dispose de 22 chambres standard, 7 De luxe avec hydromassage et 6 Suites Junior avec hydro massage et petite chemin\u00e9e. Toutes nos chambres sont soign\u00e9es dans les moindres d\u00e9tails, savamment meubl\u00e9es et harmonieusement d\u00e9cor\u00e9es et chacune se distingue par son style unique et particulier\" \/>\n<meta name=\"robots\" content=\"index, follow, max-snippet:-1, max-image-preview:large, max-video-preview:-1\" \/>\n<link rel=\"canonical\" href=\"https:\/\/www.romantichoteltorino.com\/fr\/chambres-and-suites\/\" \/>\n<meta property=\"og:locale\" content=\"fr_FR\" \/>\n<meta property=\"og:type\" content=\"article\" \/>\n<meta property=\"og:title\" content=\"Chambres and Suites ~ Romantic Hotel Furno ~\" \/>\n<meta property=\"og:description\" content=\"L&#039;H\u00f4tel dispose de 22 chambres standard, 7 De luxe avec hydromassage et 6 Suites Junior avec hydro massage et petite chemin\u00e9e. Toutes nos chambres sont soign\u00e9es dans les moindres d\u00e9tails, savamment meubl\u00e9es et harmonieusement d\u00e9cor\u00e9es et chacune se distingue par son style unique et particulier\" \/>\n<meta property=\"og:url\" content=\"https:\/\/www.romantichoteltorino.com\/fr\/chambres-and-suites\/\" \/>\n<meta property=\"og:site_name\" content=\"Romantic Hotel Furno\" \/>\n<meta property=\"article:publisher\" content=\"https:\/\/www.facebook.com\/people\/Romantic-Hotel-Furno\/100063757070053\/\" \/>\n<meta property=\"article:modified_time\" content=\"2025-10-15T15:35:25+00:00\" \/>\n<meta property=\"og:image\" content=\"https:\/\/www.romantichoteltorino.com\/wp-content\/uploads\/sites\/10\/2025\/11\/hotel-furno-hotel.jpg\" \/>\n\t<meta property=\"og:image:width\" content=\"2069\" \/>\n\t<meta property=\"og:image:height\" content=\"1200\" \/>\n\t<meta property=\"og:image:type\" content=\"image\/jpeg\" \/>\n<meta name=\"twitter:card\" content=\"summary_large_image\" \/>\n<meta name=\"twitter:label1\" content=\"Est. reading time\" \/>\n\t<meta name=\"twitter:data1\" content=\"1 minute\" \/>\n<script type=\"application\/ld+json\" class=\"yoast-schema-graph\">{\"@context\":\"https:\/\/schema.org\",\"@graph\":[{\"@type\":\"WebPage\",\"@id\":\"https:\/\/www.romantichoteltorino.com\/fr\/chambres-and-suites\/\",\"url\":\"https:\/\/www.romantichoteltorino.com\/fr\/chambres-and-suites\/\",\"name\":\"Chambres and Suites ~ Romantic Hotel Furno ~\",\"isPartOf\":{\"@id\":\"https:\/\/www.romantichoteltorino.com\/fr\/#website\"},\"datePublished\":\"2025-10-09T10:14:51+00:00\",\"dateModified\":\"2025-10-15T15:35:25+00:00\",\"description\":\"L'H\u00f4tel dispose de 22 chambres standard, 7 De luxe avec hydromassage et 6 Suites Junior avec hydro massage et petite chemin\u00e9e. Toutes nos chambres sont soign\u00e9es dans les moindres d\u00e9tails, savamment meubl\u00e9es et harmonieusement d\u00e9cor\u00e9es et chacune se distingue par son style unique et particulier\",\"breadcrumb\":{\"@id\":\"https:\/\/www.romantichoteltorino.com\/fr\/chambres-and-suites\/#breadcrumb\"},\"inLanguage\":\"fr-FR\",\"potentialAction\":[{\"@type\":\"ReadAction\",\"target\":[\"https:\/\/www.romantichoteltorino.com\/fr\/chambres-and-suites\/\"]}]},{\"@type\":\"BreadcrumbList\",\"@id\":\"https:\/\/www.romantichoteltorino.com\/fr\/chambres-and-suites\/#breadcrumb\",\"itemListElement\":[{\"@type\":\"ListItem\",\"position\":1,\"name\":\"Home\",\"item\":\"https:\/\/www.romantichoteltorino.com\/fr\/\"},{\"@type\":\"ListItem\",\"position\":2,\"name\":\"Chambres and Suites\"}]},{\"@type\":\"WebSite\",\"@id\":\"https:\/\/www.romantichoteltorino.com\/fr\/#website\",\"url\":\"https:\/\/www.romantichoteltorino.com\/fr\/\",\"name\":\"Romantic Hotel Furno\",\"description\":\"\",\"publisher\":{\"@id\":\"https:\/\/www.romantichoteltorino.com\/fr\/#organization\"},\"potentialAction\":[{\"@type\":\"SearchAction\",\"target\":{\"@type\":\"EntryPoint\",\"urlTemplate\":\"https:\/\/www.romantichoteltorino.com\/fr\/?s={search_term_string}\"},\"query-input\":{\"@type\":\"PropertyValueSpecification\",\"valueRequired\":true,\"valueName\":\"search_term_string\"}}],\"inLanguage\":\"fr-FR\"},{\"@type\":\"Organization\",\"@id\":\"https:\/\/www.romantichoteltorino.com\/fr\/#organization\",\"name\":\"Romantic Hotel Furno\",\"alternateName\":\"Romantic Hotel Furno\",\"url\":\"https:\/\/www.romantichoteltorino.com\/fr\/\",\"logo\":{\"@type\":\"ImageObject\",\"inLanguage\":\"fr-FR\",\"@id\":\"https:\/\/www.romantichoteltorino.com\/fr\/#\/schema\/logo\/image\/\",\"url\":\"https:\/\/www.romantichoteltorino.com\/wp-content\/uploads\/sites\/10\/2025\/10\/logo_romantic_hotel_furno.png\",\"contentUrl\":\"https:\/\/www.romantichoteltorino.com\/wp-content\/uploads\/sites\/10\/2025\/10\/logo_romantic_hotel_furno.png\",\"width\":810,\"height\":424,\"caption\":\"Romantic Hotel Furno\"},\"image\":{\"@id\":\"https:\/\/www.romantichoteltorino.com\/fr\/#\/schema\/logo\/image\/\"},\"sameAs\":[\"https:\/\/www.facebook.com\/people\/Romantic-Hotel-Furno\/100063757070053\/\",\"https:\/\/www.youtube.com\/watch?v=DTL29GtdEoo\",\"https:\/\/www.tripadvisor.co.uk\/Hotel_Review-g657831-d563544-Reviews-Romantic_Hotel_Furno-San_Francesco_al_Campo_Province_of_Turin_Piedmont.html\",\"https:\/\/x.com\/#!\/search\/realtime\/romantik hotel furno\"]}]}<\/script>\n<!-- \/ Yoast SEO plugin. -->","yoast_head_json":{"title":"Chambres and Suites ~ Romantic Hotel Furno ~","description":"L'H\u00f4tel dispose de 22 chambres standard, 7 De luxe avec hydromassage et 6 Suites Junior avec hydro massage et petite chemin\u00e9e. Toutes nos chambres sont soign\u00e9es dans les moindres d\u00e9tails, savamment meubl\u00e9es et harmonieusement d\u00e9cor\u00e9es et chacune se distingue par son style unique et particulier","robots":{"index":"index","follow":"follow","max-snippet":"max-snippet:-1","max-image-preview":"max-image-preview:large","max-video-preview":"max-video-preview:-1"},"canonical":"https:\/\/www.romantichoteltorino.com\/fr\/chambres-and-suites\/","og_locale":"fr_FR","og_type":"article","og_title":"Chambres and Suites ~ Romantic Hotel Furno ~","og_description":"L'H\u00f4tel dispose de 22 chambres standard, 7 De luxe avec hydromassage et 6 Suites Junior avec hydro massage et petite chemin\u00e9e. Toutes nos chambres sont soign\u00e9es dans les moindres d\u00e9tails, savamment meubl\u00e9es et harmonieusement d\u00e9cor\u00e9es et chacune se distingue par son style unique et particulier","og_url":"https:\/\/www.romantichoteltorino.com\/fr\/chambres-and-suites\/","og_site_name":"Romantic Hotel Furno","article_publisher":"https:\/\/www.facebook.com\/people\/Romantic-Hotel-Furno\/100063757070053\/","article_modified_time":"2025-10-15T15:35:25+00:00","og_image":[{"width":2069,"height":1200,"url":"https:\/\/www.romantichoteltorino.com\/wp-content\/uploads\/sites\/10\/2025\/11\/hotel-furno-hotel.jpg","type":"image\/jpeg"}],"twitter_card":"summary_large_image","twitter_misc":{"Est. reading time":"1 minute"},"schema":{"@context":"https:\/\/schema.org","@graph":[{"@type":"WebPage","@id":"https:\/\/www.romantichoteltorino.com\/fr\/chambres-and-suites\/","url":"https:\/\/www.romantichoteltorino.com\/fr\/chambres-and-suites\/","name":"Chambres and Suites ~ Romantic Hotel Furno ~","isPartOf":{"@id":"https:\/\/www.romantichoteltorino.com\/fr\/#website"},"datePublished":"2025-10-09T10:14:51+00:00","dateModified":"2025-10-15T15:35:25+00:00","description":"L'H\u00f4tel dispose de 22 chambres standard, 7 De luxe avec hydromassage et 6 Suites Junior avec hydro massage et petite chemin\u00e9e. Toutes nos chambres sont soign\u00e9es dans les moindres d\u00e9tails, savamment meubl\u00e9es et harmonieusement d\u00e9cor\u00e9es et chacune se distingue par son style unique et particulier","breadcrumb":{"@id":"https:\/\/www.romantichoteltorino.com\/fr\/chambres-and-suites\/#breadcrumb"},"inLanguage":"fr-FR","potentialAction":[{"@type":"ReadAction","target":["https:\/\/www.romantichoteltorino.com\/fr\/chambres-and-suites\/"]}]},{"@type":"BreadcrumbList","@id":"https:\/\/www.romantichoteltorino.com\/fr\/chambres-and-suites\/#breadcrumb","itemListElement":[{"@type":"ListItem","position":1,"name":"Home","item":"https:\/\/www.romantichoteltorino.com\/fr\/"},{"@type":"ListItem","position":2,"name":"Chambres and Suites"}]},{"@type":"WebSite","@id":"https:\/\/www.romantichoteltorino.com\/fr\/#website","url":"https:\/\/www.romantichoteltorino.com\/fr\/","name":"Romantic Hotel Furno","description":"","publisher":{"@id":"https:\/\/www.romantichoteltorino.com\/fr\/#organization"},"potentialAction":[{"@type":"SearchAction","target":{"@type":"EntryPoint","urlTemplate":"https:\/\/www.romantichoteltorino.com\/fr\/?s={search_term_string}"},"query-input":{"@type":"PropertyValueSpecification","valueRequired":true,"valueName":"search_term_string"}}],"inLanguage":"fr-FR"},{"@type":"Organization","@id":"https:\/\/www.romantichoteltorino.com\/fr\/#organization","name":"Romantic Hotel Furno","alternateName":"Romantic Hotel Furno","url":"https:\/\/www.romantichoteltorino.com\/fr\/","logo":{"@type":"ImageObject","inLanguage":"fr-FR","@id":"https:\/\/www.romantichoteltorino.com\/fr\/#\/schema\/logo\/image\/","url":"https:\/\/www.romantichoteltorino.com\/wp-content\/uploads\/sites\/10\/2025\/10\/logo_romantic_hotel_furno.png","contentUrl":"https:\/\/www.romantichoteltorino.com\/wp-content\/uploads\/sites\/10\/2025\/10\/logo_romantic_hotel_furno.png","width":810,"height":424,"caption":"Romantic Hotel Furno"},"image":{"@id":"https:\/\/www.romantichoteltorino.com\/fr\/#\/schema\/logo\/image\/"},"sameAs":["https:\/\/www.facebook.com\/people\/Romantic-Hotel-Furno\/100063757070053\/","https:\/\/www.youtube.com\/watch?v=DTL29GtdEoo","https:\/\/www.tripadvisor.co.uk\/Hotel_Review-g657831-d563544-Reviews-Romantic_Hotel_Furno-San_Francesco_al_Campo_Province_of_Turin_Piedmont.html","https:\/\/x.com\/#!\/search\/realtime\/romantik hotel furno"]}]}},"acf":[],"_links":{"self":[{"href":"https:\/\/www.romantichoteltorino.com\/fr\/wp-json\/wp\/v2\/pages\/283","targetHints":{"allow":["GET"]}}],"collection":[{"href":"https:\/\/www.romantichoteltorino.com\/fr\/wp-json\/wp\/v2\/pages"}],"about":[{"href":"https:\/\/www.romantichoteltorino.com\/fr\/wp-json\/wp\/v2\/types\/page"}],"author":[{"embeddable":true,"href":"https:\/\/www.romantichoteltorino.com\/fr\/wp-json\/wp\/v2\/users\/6"}],"replies":[{"embeddable":true,"href":"https:\/\/www.romantichoteltorino.com\/fr\/wp-json\/wp\/v2\/comments?post=283"}],"version-history":[{"count":0,"href":"https:\/\/www.romantichoteltorino.com\/fr\/wp-json\/wp\/v2\/pages\/283\/revisions"}],"wp:attachment":[{"href":"https:\/\/www.romantichoteltorino.com\/fr\/wp-json\/wp\/v2\/media?parent=283"}],"curies":[{"name":"wp","href":"https:\/\/api.w.org\/{rel}","templated":true}]}}