{"id":233,"date":"2025-10-09T10:17:41","date_gmt":"2025-10-09T10:17:41","guid":{"rendered":"https:\/\/romantichotelfurno.ms3.decms.eu\/?page_id=233"},"modified":"2025-10-16T15:03:45","modified_gmt":"2025-10-16T15:03:45","slug":"chambre-classique","status":"publish","type":"page","link":"https:\/\/www.romantichoteltorino.com\/fr\/chambres-and-suites\/chambre-classique\/","title":{"rendered":"Chambre Classique"},"content":{"rendered":"<p>Toutes nos chambres classiques sont situ\u00e9es autour du p\u00e9rim\u00e8tre du b\u00e2timent, en commen\u00e7ant par le rez-de-chauss\u00e9e avec une sortie directe sur notre jardin, jusqu&rsquo;au deuxi\u00e8me \u00e9tage d&rsquo;o\u00f9 l&rsquo;on jouit d&rsquo;une vue imprenable sur les montagnes environnantes.<\/p>\n<p>Elles mesurent environ 18 m\u00e8tres carr\u00e9s et sont meubl\u00e9es dans un style qui leur est propre, tout en incluant quelques \u00e9l\u00e9ments traditionnels li\u00e9s \u00e0 la r\u00e9gion.<\/p>\n<p>Toutes les chambres classiques disposent d&rsquo;un lit double, mais il est possible d&rsquo;avoir des chambres avec des lits s\u00e9par\u00e9s ou des chambres triples.<\/p>\n<p>Elles sont toutes \u00e9quip\u00e9es d&rsquo;une salle de bains privative avec douche.<\/p>\n","protected":false},"excerpt":{"rendered":"<p>Toutes nos chambres classiques sont situ\u00e9es autour du p\u00e9rim\u00e8tre du b\u00e2timent, en commen\u00e7ant par le rez-de-chauss\u00e9e avec une sortie directe sur notre jardin, jusqu&rsquo;au deuxi\u00e8me \u00e9tage d&rsquo;o\u00f9 l&rsquo;on jouit d&rsquo;une vue imprenable sur les montagnes environnantes. Elles mesurent environ 18 m\u00e8tres carr\u00e9s et sont meubl\u00e9es dans un style qui leur est propre, tout en incluant [&hellip;]<\/p>\n","protected":false},"author":6,"featured_media":0,"parent":283,"menu_order":10,"comment_status":"closed","ping_status":"closed","template":"template-single-room.php","meta":{"footnotes":""},"class_list":["post-233","page","type-page","status-publish","hentry"],"yoast_head":"<!-- This site is optimized with the Yoast SEO plugin v26.9 - https:\/\/yoast.com\/product\/yoast-seo-wordpress\/ -->\n<title>Chambre Classique ~ Romantic Hotel Furno ~<\/title>\n<meta name=\"description\" content=\"Toutes nos chambres classiques sont situ\u00e9es autour du p\u00e9rim\u00e8tre du b\u00e2timent, en commen\u00e7ant par le rez-de-chauss\u00e9e avec une sortie directe sur notre jardin, jusqu&#039;au deuxi\u00e8me \u00e9tage d&#039;o\u00f9 l&#039;on jouit d&#039;une vue imprenable sur les montagnes environnantes.  Elles mesurent environ 18 m\u00e8tres carr\u00e9s et sont meubl\u00e9es dans un style qui leur est propre, tout en incluant quelques \u00e9l\u00e9ments traditionnels li\u00e9s \u00e0 la r\u00e9gion.  Toutes les chambres classiques disposent d&#039;un lit double, mais il est possible d&#039;avoir des chambres avec des lits s\u00e9par\u00e9s ou des chambres triples.  Elles sont toutes \u00e9quip\u00e9es d&#039;une salle de bains privative avec douche..\" \/>\n<meta name=\"robots\" content=\"index, follow, max-snippet:-1, max-image-preview:large, max-video-preview:-1\" \/>\n<link rel=\"canonical\" href=\"https:\/\/www.romantichoteltorino.com\/fr\/chambres-and-suites\/chambre-classique\/\" \/>\n<meta property=\"og:locale\" content=\"fr_FR\" \/>\n<meta property=\"og:type\" content=\"article\" \/>\n<meta property=\"og:title\" content=\"Chambre Classique ~ Romantic Hotel Furno ~\" \/>\n<meta property=\"og:description\" content=\"Toutes nos chambres classiques sont situ\u00e9es autour du p\u00e9rim\u00e8tre du b\u00e2timent, en commen\u00e7ant par le rez-de-chauss\u00e9e avec une sortie directe sur notre jardin, jusqu&#039;au deuxi\u00e8me \u00e9tage d&#039;o\u00f9 l&#039;on jouit d&#039;une vue imprenable sur les montagnes environnantes.  Elles mesurent environ 18 m\u00e8tres carr\u00e9s et sont meubl\u00e9es dans un style qui leur est propre, tout en incluant quelques \u00e9l\u00e9ments traditionnels li\u00e9s \u00e0 la r\u00e9gion.  Toutes les chambres classiques disposent d&#039;un lit double, mais il est possible d&#039;avoir des chambres avec des lits s\u00e9par\u00e9s ou des chambres triples.  Elles sont toutes \u00e9quip\u00e9es d&#039;une salle de bains privative avec douche..\" \/>\n<meta property=\"og:url\" content=\"https:\/\/www.romantichoteltorino.com\/fr\/chambres-and-suites\/chambre-classique\/\" \/>\n<meta property=\"og:site_name\" content=\"Romantic Hotel Furno\" \/>\n<meta property=\"article:publisher\" content=\"https:\/\/www.facebook.com\/people\/Romantic-Hotel-Furno\/100063757070053\/\" \/>\n<meta property=\"article:modified_time\" content=\"2025-10-16T15:03:45+00:00\" \/>\n<meta property=\"og:image\" content=\"https:\/\/www.romantichoteltorino.com\/wp-content\/uploads\/sites\/10\/2025\/11\/hotel-furno-hotel.jpg\" \/>\n\t<meta property=\"og:image:width\" content=\"2069\" \/>\n\t<meta property=\"og:image:height\" content=\"1200\" \/>\n\t<meta property=\"og:image:type\" content=\"image\/jpeg\" \/>\n<meta name=\"twitter:card\" content=\"summary_large_image\" \/>\n<meta name=\"twitter:label1\" content=\"Est. reading time\" \/>\n\t<meta name=\"twitter:data1\" content=\"1 minute\" \/>\n<script type=\"application\/ld+json\" class=\"yoast-schema-graph\">{\"@context\":\"https:\/\/schema.org\",\"@graph\":[{\"@type\":\"WebPage\",\"@id\":\"https:\/\/www.romantichoteltorino.com\/fr\/chambres-and-suites\/chambre-classique\/\",\"url\":\"https:\/\/www.romantichoteltorino.com\/fr\/chambres-and-suites\/chambre-classique\/\",\"name\":\"Chambre Classique ~ Romantic Hotel Furno ~\",\"isPartOf\":{\"@id\":\"https:\/\/www.romantichoteltorino.com\/fr\/#website\"},\"datePublished\":\"2025-10-09T10:17:41+00:00\",\"dateModified\":\"2025-10-16T15:03:45+00:00\",\"description\":\"Toutes nos chambres classiques sont situ\u00e9es autour du p\u00e9rim\u00e8tre du b\u00e2timent, en commen\u00e7ant par le rez-de-chauss\u00e9e avec une sortie directe sur notre jardin, jusqu'au deuxi\u00e8me \u00e9tage d'o\u00f9 l'on jouit d'une vue imprenable sur les montagnes environnantes. Elles mesurent environ 18 m\u00e8tres carr\u00e9s et sont meubl\u00e9es dans un style qui leur est propre, tout en incluant quelques \u00e9l\u00e9ments traditionnels li\u00e9s \u00e0 la r\u00e9gion. Toutes les chambres classiques disposent d'un lit double, mais il est possible d'avoir des chambres avec des lits s\u00e9par\u00e9s ou des chambres triples. Elles sont toutes \u00e9quip\u00e9es d'une salle de bains privative avec douche..\",\"breadcrumb\":{\"@id\":\"https:\/\/www.romantichoteltorino.com\/fr\/chambres-and-suites\/chambre-classique\/#breadcrumb\"},\"inLanguage\":\"fr-FR\",\"potentialAction\":[{\"@type\":\"ReadAction\",\"target\":[\"https:\/\/www.romantichoteltorino.com\/fr\/chambres-and-suites\/chambre-classique\/\"]}]},{\"@type\":\"BreadcrumbList\",\"@id\":\"https:\/\/www.romantichoteltorino.com\/fr\/chambres-and-suites\/chambre-classique\/#breadcrumb\",\"itemListElement\":[{\"@type\":\"ListItem\",\"position\":1,\"name\":\"Home\",\"item\":\"https:\/\/www.romantichoteltorino.com\/fr\/\"},{\"@type\":\"ListItem\",\"position\":2,\"name\":\"Chambres and Suites\",\"item\":\"https:\/\/www.romantichoteltorino.com\/fr\/camere-e-suites\/\"},{\"@type\":\"ListItem\",\"position\":3,\"name\":\"Chambre Classique\"}]},{\"@type\":\"WebSite\",\"@id\":\"https:\/\/www.romantichoteltorino.com\/fr\/#website\",\"url\":\"https:\/\/www.romantichoteltorino.com\/fr\/\",\"name\":\"Romantic Hotel Furno\",\"description\":\"\",\"publisher\":{\"@id\":\"https:\/\/www.romantichoteltorino.com\/fr\/#organization\"},\"potentialAction\":[{\"@type\":\"SearchAction\",\"target\":{\"@type\":\"EntryPoint\",\"urlTemplate\":\"https:\/\/www.romantichoteltorino.com\/fr\/?s={search_term_string}\"},\"query-input\":{\"@type\":\"PropertyValueSpecification\",\"valueRequired\":true,\"valueName\":\"search_term_string\"}}],\"inLanguage\":\"fr-FR\"},{\"@type\":\"Organization\",\"@id\":\"https:\/\/www.romantichoteltorino.com\/fr\/#organization\",\"name\":\"Romantic Hotel Furno\",\"alternateName\":\"Romantic Hotel Furno\",\"url\":\"https:\/\/www.romantichoteltorino.com\/fr\/\",\"logo\":{\"@type\":\"ImageObject\",\"inLanguage\":\"fr-FR\",\"@id\":\"https:\/\/www.romantichoteltorino.com\/fr\/#\/schema\/logo\/image\/\",\"url\":\"https:\/\/www.romantichoteltorino.com\/wp-content\/uploads\/sites\/10\/2025\/10\/logo_romantic_hotel_furno.png\",\"contentUrl\":\"https:\/\/www.romantichoteltorino.com\/wp-content\/uploads\/sites\/10\/2025\/10\/logo_romantic_hotel_furno.png\",\"width\":810,\"height\":424,\"caption\":\"Romantic Hotel Furno\"},\"image\":{\"@id\":\"https:\/\/www.romantichoteltorino.com\/fr\/#\/schema\/logo\/image\/\"},\"sameAs\":[\"https:\/\/www.facebook.com\/people\/Romantic-Hotel-Furno\/100063757070053\/\",\"https:\/\/www.youtube.com\/watch?v=DTL29GtdEoo\",\"https:\/\/www.tripadvisor.co.uk\/Hotel_Review-g657831-d563544-Reviews-Romantic_Hotel_Furno-San_Francesco_al_Campo_Province_of_Turin_Piedmont.html\",\"https:\/\/x.com\/#!\/search\/realtime\/romantik hotel furno\"]}]}<\/script>\n<!-- \/ Yoast SEO plugin. -->","yoast_head_json":{"title":"Chambre Classique ~ Romantic Hotel Furno ~","description":"Toutes nos chambres classiques sont situ\u00e9es autour du p\u00e9rim\u00e8tre du b\u00e2timent, en commen\u00e7ant par le rez-de-chauss\u00e9e avec une sortie directe sur notre jardin, jusqu'au deuxi\u00e8me \u00e9tage d'o\u00f9 l'on jouit d'une vue imprenable sur les montagnes environnantes.  Elles mesurent environ 18 m\u00e8tres carr\u00e9s et sont meubl\u00e9es dans un style qui leur est propre, tout en incluant quelques \u00e9l\u00e9ments traditionnels li\u00e9s \u00e0 la r\u00e9gion.  Toutes les chambres classiques disposent d'un lit double, mais il est possible d'avoir des chambres avec des lits s\u00e9par\u00e9s ou des chambres triples.  Elles sont toutes \u00e9quip\u00e9es d'une salle de bains privative avec douche..","robots":{"index":"index","follow":"follow","max-snippet":"max-snippet:-1","max-image-preview":"max-image-preview:large","max-video-preview":"max-video-preview:-1"},"canonical":"https:\/\/www.romantichoteltorino.com\/fr\/chambres-and-suites\/chambre-classique\/","og_locale":"fr_FR","og_type":"article","og_title":"Chambre Classique ~ Romantic Hotel Furno ~","og_description":"Toutes nos chambres classiques sont situ\u00e9es autour du p\u00e9rim\u00e8tre du b\u00e2timent, en commen\u00e7ant par le rez-de-chauss\u00e9e avec une sortie directe sur notre jardin, jusqu'au deuxi\u00e8me \u00e9tage d'o\u00f9 l'on jouit d'une vue imprenable sur les montagnes environnantes.  Elles mesurent environ 18 m\u00e8tres carr\u00e9s et sont meubl\u00e9es dans un style qui leur est propre, tout en incluant quelques \u00e9l\u00e9ments traditionnels li\u00e9s \u00e0 la r\u00e9gion.  Toutes les chambres classiques disposent d'un lit double, mais il est possible d'avoir des chambres avec des lits s\u00e9par\u00e9s ou des chambres triples.  Elles sont toutes \u00e9quip\u00e9es d'une salle de bains privative avec douche..","og_url":"https:\/\/www.romantichoteltorino.com\/fr\/chambres-and-suites\/chambre-classique\/","og_site_name":"Romantic Hotel Furno","article_publisher":"https:\/\/www.facebook.com\/people\/Romantic-Hotel-Furno\/100063757070053\/","article_modified_time":"2025-10-16T15:03:45+00:00","og_image":[{"width":2069,"height":1200,"url":"https:\/\/www.romantichoteltorino.com\/wp-content\/uploads\/sites\/10\/2025\/11\/hotel-furno-hotel.jpg","type":"image\/jpeg"}],"twitter_card":"summary_large_image","twitter_misc":{"Est. reading time":"1 minute"},"schema":{"@context":"https:\/\/schema.org","@graph":[{"@type":"WebPage","@id":"https:\/\/www.romantichoteltorino.com\/fr\/chambres-and-suites\/chambre-classique\/","url":"https:\/\/www.romantichoteltorino.com\/fr\/chambres-and-suites\/chambre-classique\/","name":"Chambre Classique ~ Romantic Hotel Furno ~","isPartOf":{"@id":"https:\/\/www.romantichoteltorino.com\/fr\/#website"},"datePublished":"2025-10-09T10:17:41+00:00","dateModified":"2025-10-16T15:03:45+00:00","description":"Toutes nos chambres classiques sont situ\u00e9es autour du p\u00e9rim\u00e8tre du b\u00e2timent, en commen\u00e7ant par le rez-de-chauss\u00e9e avec une sortie directe sur notre jardin, jusqu'au deuxi\u00e8me \u00e9tage d'o\u00f9 l'on jouit d'une vue imprenable sur les montagnes environnantes. Elles mesurent environ 18 m\u00e8tres carr\u00e9s et sont meubl\u00e9es dans un style qui leur est propre, tout en incluant quelques \u00e9l\u00e9ments traditionnels li\u00e9s \u00e0 la r\u00e9gion. Toutes les chambres classiques disposent d'un lit double, mais il est possible d'avoir des chambres avec des lits s\u00e9par\u00e9s ou des chambres triples. Elles sont toutes \u00e9quip\u00e9es d'une salle de bains privative avec douche..","breadcrumb":{"@id":"https:\/\/www.romantichoteltorino.com\/fr\/chambres-and-suites\/chambre-classique\/#breadcrumb"},"inLanguage":"fr-FR","potentialAction":[{"@type":"ReadAction","target":["https:\/\/www.romantichoteltorino.com\/fr\/chambres-and-suites\/chambre-classique\/"]}]},{"@type":"BreadcrumbList","@id":"https:\/\/www.romantichoteltorino.com\/fr\/chambres-and-suites\/chambre-classique\/#breadcrumb","itemListElement":[{"@type":"ListItem","position":1,"name":"Home","item":"https:\/\/www.romantichoteltorino.com\/fr\/"},{"@type":"ListItem","position":2,"name":"Chambres and Suites","item":"https:\/\/www.romantichoteltorino.com\/fr\/camere-e-suites\/"},{"@type":"ListItem","position":3,"name":"Chambre Classique"}]},{"@type":"WebSite","@id":"https:\/\/www.romantichoteltorino.com\/fr\/#website","url":"https:\/\/www.romantichoteltorino.com\/fr\/","name":"Romantic Hotel Furno","description":"","publisher":{"@id":"https:\/\/www.romantichoteltorino.com\/fr\/#organization"},"potentialAction":[{"@type":"SearchAction","target":{"@type":"EntryPoint","urlTemplate":"https:\/\/www.romantichoteltorino.com\/fr\/?s={search_term_string}"},"query-input":{"@type":"PropertyValueSpecification","valueRequired":true,"valueName":"search_term_string"}}],"inLanguage":"fr-FR"},{"@type":"Organization","@id":"https:\/\/www.romantichoteltorino.com\/fr\/#organization","name":"Romantic Hotel Furno","alternateName":"Romantic Hotel Furno","url":"https:\/\/www.romantichoteltorino.com\/fr\/","logo":{"@type":"ImageObject","inLanguage":"fr-FR","@id":"https:\/\/www.romantichoteltorino.com\/fr\/#\/schema\/logo\/image\/","url":"https:\/\/www.romantichoteltorino.com\/wp-content\/uploads\/sites\/10\/2025\/10\/logo_romantic_hotel_furno.png","contentUrl":"https:\/\/www.romantichoteltorino.com\/wp-content\/uploads\/sites\/10\/2025\/10\/logo_romantic_hotel_furno.png","width":810,"height":424,"caption":"Romantic Hotel Furno"},"image":{"@id":"https:\/\/www.romantichoteltorino.com\/fr\/#\/schema\/logo\/image\/"},"sameAs":["https:\/\/www.facebook.com\/people\/Romantic-Hotel-Furno\/100063757070053\/","https:\/\/www.youtube.com\/watch?v=DTL29GtdEoo","https:\/\/www.tripadvisor.co.uk\/Hotel_Review-g657831-d563544-Reviews-Romantic_Hotel_Furno-San_Francesco_al_Campo_Province_of_Turin_Piedmont.html","https:\/\/x.com\/#!\/search\/realtime\/romantik hotel furno"]}]}},"acf":[],"_links":{"self":[{"href":"https:\/\/www.romantichoteltorino.com\/fr\/wp-json\/wp\/v2\/pages\/233","targetHints":{"allow":["GET"]}}],"collection":[{"href":"https:\/\/www.romantichoteltorino.com\/fr\/wp-json\/wp\/v2\/pages"}],"about":[{"href":"https:\/\/www.romantichoteltorino.com\/fr\/wp-json\/wp\/v2\/types\/page"}],"author":[{"embeddable":true,"href":"https:\/\/www.romantichoteltorino.com\/fr\/wp-json\/wp\/v2\/users\/6"}],"replies":[{"embeddable":true,"href":"https:\/\/www.romantichoteltorino.com\/fr\/wp-json\/wp\/v2\/comments?post=233"}],"version-history":[{"count":0,"href":"https:\/\/www.romantichoteltorino.com\/fr\/wp-json\/wp\/v2\/pages\/233\/revisions"}],"up":[{"embeddable":true,"href":"https:\/\/www.romantichoteltorino.com\/fr\/wp-json\/wp\/v2\/pages\/283"}],"wp:attachment":[{"href":"https:\/\/www.romantichoteltorino.com\/fr\/wp-json\/wp\/v2\/media?parent=233"}],"curies":[{"name":"wp","href":"https:\/\/api.w.org\/{rel}","templated":true}]}}