{"id":216,"date":"2025-10-09T08:50:33","date_gmt":"2025-10-09T08:50:33","guid":{"rendered":"https:\/\/romantichotelfurno.ms3.decms.eu\/?page_id=216"},"modified":"2025-10-15T15:28:14","modified_gmt":"2025-10-15T15:28:14","slug":"romantic-hotel-furno","status":"publish","type":"page","link":"https:\/\/www.romantichoteltorino.com\/fr\/","title":{"rendered":"Romantic H\u00f4tel Furno"},"content":{"rendered":"<p style=\"text-align: center;\">Bienvenus au Romantic H\u00f4tel Furno, l&rsquo;\u00e9l\u00e9gant H\u00f4tel quatre \u00e9toiles issu du renouvellement d&rsquo;une ancienne propri\u00e9t\u00e9 rurale du XVIIIe si\u00e8cle. Le complexe se situe aux portes de Turin, \u00e0 San Francesco al Campo, proche de l&rsquo;a\u00e9roport international \u201cSandro Pertini\u201d de Caselle (TRN), du prestigieux palais de V\u00e9naria R\u00e9alle et du parc de la Mandria. Nos h\u00f4tes sont h\u00e9berg\u00e9s dans un paysage relaxant, entour\u00e9s par un splendide jardin fleuri, une pi\u00e8ce d&rsquo;eau et des arbres sempervirents.<br \/>\nL&rsquo;H\u00f4tel dispose de 37 chambres nomm\u00e9es Standard, De luxe et Suite Junior, d\u00e9cor\u00e9es avec go\u00fbt, chacune avec son style particulier et \u00e9quip\u00e9es de tous les conforts. Les salles r\u00e9serv\u00e9es et le salon aux majestueuses vo\u00fbtes en briques \u00e0 vue feront de votre s\u00e9jour une exp\u00e9rience inoubliable.<\/p>\n<p style=\"text-align: center;\">Le Restaurant Relais est un local raffin\u00e9, o\u00f9 les soins du d\u00e9cor accompagnent les plaisirs de la table et o\u00f9 la haute cuisine respecte les traditions de la gastronomie r\u00e9gionale.<\/p>\n<p style=\"text-align: center;\">D\u00e9couvrez la saveur unique de nos traditions culinaires dans une atmosph\u00e8re romantique.<\/p>\n<p class=\"furno\" style=\"text-align: center;\">Gianfranco Furno<\/p>\n","protected":false},"excerpt":{"rendered":"<p>Bienvenus au Romantic H\u00f4tel Furno, l&rsquo;\u00e9l\u00e9gant H\u00f4tel quatre \u00e9toiles issu du renouvellement d&rsquo;une ancienne propri\u00e9t\u00e9 rurale du XVIIIe si\u00e8cle. Le complexe se situe aux portes de Turin, \u00e0 San Francesco al Campo, proche de l&rsquo;a\u00e9roport international \u201cSandro Pertini\u201d de Caselle (TRN), du prestigieux palais de V\u00e9naria R\u00e9alle et du parc de la Mandria. Nos h\u00f4tes [&hellip;]<\/p>\n","protected":false},"author":6,"featured_media":0,"parent":0,"menu_order":10,"comment_status":"closed","ping_status":"closed","template":"","meta":{"footnotes":""},"class_list":["post-216","page","type-page","status-publish","hentry"],"yoast_head":"<!-- This site is optimized with the Yoast SEO plugin v26.9 - https:\/\/yoast.com\/product\/yoast-seo-wordpress\/ -->\n<title>Romantic H\u00f4tel Furno ~ Romantic Hotel Furno ~<\/title>\n<meta name=\"description\" content=\"Bienvenus au Romantic H\u00f4tel Furno, l&#039;\u00e9l\u00e9gant H\u00f4tel quatre \u00e9toiles issu du renouvellement d&#039;une ancienne propri\u00e9t\u00e9 rurale du XVIIIe si\u00e8cle. Le complexe se situe aux portes de Turin, \u00e0 San Francesco al Campo, proche de l&#039;a\u00e9roport international \u201cSandro Pertini\u201d de Caselle (TRN), du prestigieux palais de V\u00e9naria R\u00e9alle et du parc de la Mandria\" \/>\n<meta name=\"robots\" content=\"index, follow, max-snippet:-1, max-image-preview:large, max-video-preview:-1\" \/>\n<link rel=\"canonical\" href=\"https:\/\/www.romantichoteltorino.com\/fr\/\" \/>\n<meta property=\"og:locale\" content=\"fr_FR\" \/>\n<meta property=\"og:type\" content=\"article\" \/>\n<meta property=\"og:title\" content=\"Romantic H\u00f4tel Furno ~ Romantic Hotel Furno ~\" \/>\n<meta property=\"og:description\" content=\"Bienvenus au Romantic H\u00f4tel Furno, l&#039;\u00e9l\u00e9gant H\u00f4tel quatre \u00e9toiles issu du renouvellement d&#039;une ancienne propri\u00e9t\u00e9 rurale du XVIIIe si\u00e8cle. Le complexe se situe aux portes de Turin, \u00e0 San Francesco al Campo, proche de l&#039;a\u00e9roport international \u201cSandro Pertini\u201d de Caselle (TRN), du prestigieux palais de V\u00e9naria R\u00e9alle et du parc de la Mandria\" \/>\n<meta property=\"og:url\" content=\"https:\/\/www.romantichoteltorino.com\/fr\/\" \/>\n<meta property=\"og:site_name\" content=\"Romantic Hotel Furno\" \/>\n<meta property=\"article:publisher\" content=\"https:\/\/www.facebook.com\/people\/Romantic-Hotel-Furno\/100063757070053\/\" \/>\n<meta property=\"article:modified_time\" content=\"2025-10-15T15:28:14+00:00\" \/>\n<meta property=\"og:image\" content=\"https:\/\/www.romantichoteltorino.com\/wp-content\/uploads\/sites\/10\/2025\/11\/hotel-furno-hotel.jpg\" \/>\n\t<meta property=\"og:image:width\" content=\"2069\" \/>\n\t<meta property=\"og:image:height\" content=\"1200\" \/>\n\t<meta property=\"og:image:type\" content=\"image\/jpeg\" \/>\n<meta name=\"twitter:card\" content=\"summary_large_image\" \/>\n<meta name=\"twitter:label1\" content=\"Est. reading time\" \/>\n\t<meta name=\"twitter:data1\" content=\"1 minute\" \/>\n<script type=\"application\/ld+json\" class=\"yoast-schema-graph\">{\"@context\":\"https:\/\/schema.org\",\"@graph\":[{\"@type\":\"WebPage\",\"@id\":\"https:\/\/www.romantichoteltorino.com\/fr\/\",\"url\":\"https:\/\/www.romantichoteltorino.com\/fr\/\",\"name\":\"Romantic H\u00f4tel Furno ~ Romantic Hotel Furno ~\",\"isPartOf\":{\"@id\":\"https:\/\/www.romantichoteltorino.com\/fr\/#website\"},\"datePublished\":\"2025-10-09T08:50:33+00:00\",\"dateModified\":\"2025-10-15T15:28:14+00:00\",\"description\":\"Bienvenus au Romantic H\u00f4tel Furno, l'\u00e9l\u00e9gant H\u00f4tel quatre \u00e9toiles issu du renouvellement d'une ancienne propri\u00e9t\u00e9 rurale du XVIIIe si\u00e8cle. Le complexe se situe aux portes de Turin, \u00e0 San Francesco al Campo, proche de l'a\u00e9roport international \u201cSandro Pertini\u201d de Caselle (TRN), du prestigieux palais de V\u00e9naria R\u00e9alle et du parc de la Mandria\",\"breadcrumb\":{\"@id\":\"https:\/\/www.romantichoteltorino.com\/fr\/#breadcrumb\"},\"inLanguage\":\"fr-FR\",\"potentialAction\":[{\"@type\":\"ReadAction\",\"target\":[\"https:\/\/www.romantichoteltorino.com\/fr\/\"]}]},{\"@type\":\"BreadcrumbList\",\"@id\":\"https:\/\/www.romantichoteltorino.com\/fr\/#breadcrumb\",\"itemListElement\":[{\"@type\":\"ListItem\",\"position\":1,\"name\":\"Home\",\"item\":\"https:\/\/www.romantichoteltorino.com\/fr\/\"},{\"@type\":\"ListItem\",\"position\":2,\"name\":\"Romantic H\u00f4tel Furno\"}]},{\"@type\":\"WebSite\",\"@id\":\"https:\/\/www.romantichoteltorino.com\/fr\/#website\",\"url\":\"https:\/\/www.romantichoteltorino.com\/fr\/\",\"name\":\"Romantic Hotel Furno\",\"description\":\"\",\"publisher\":{\"@id\":\"https:\/\/www.romantichoteltorino.com\/fr\/#organization\"},\"potentialAction\":[{\"@type\":\"SearchAction\",\"target\":{\"@type\":\"EntryPoint\",\"urlTemplate\":\"https:\/\/www.romantichoteltorino.com\/fr\/?s={search_term_string}\"},\"query-input\":{\"@type\":\"PropertyValueSpecification\",\"valueRequired\":true,\"valueName\":\"search_term_string\"}}],\"inLanguage\":\"fr-FR\"},{\"@type\":\"Organization\",\"@id\":\"https:\/\/www.romantichoteltorino.com\/fr\/#organization\",\"name\":\"Romantic Hotel Furno\",\"alternateName\":\"Romantic Hotel Furno\",\"url\":\"https:\/\/www.romantichoteltorino.com\/fr\/\",\"logo\":{\"@type\":\"ImageObject\",\"inLanguage\":\"fr-FR\",\"@id\":\"https:\/\/www.romantichoteltorino.com\/fr\/#\/schema\/logo\/image\/\",\"url\":\"https:\/\/www.romantichoteltorino.com\/wp-content\/uploads\/sites\/10\/2025\/10\/logo_romantic_hotel_furno.png\",\"contentUrl\":\"https:\/\/www.romantichoteltorino.com\/wp-content\/uploads\/sites\/10\/2025\/10\/logo_romantic_hotel_furno.png\",\"width\":810,\"height\":424,\"caption\":\"Romantic Hotel Furno\"},\"image\":{\"@id\":\"https:\/\/www.romantichoteltorino.com\/fr\/#\/schema\/logo\/image\/\"},\"sameAs\":[\"https:\/\/www.facebook.com\/people\/Romantic-Hotel-Furno\/100063757070053\/\",\"https:\/\/www.youtube.com\/watch?v=DTL29GtdEoo\",\"https:\/\/www.tripadvisor.co.uk\/Hotel_Review-g657831-d563544-Reviews-Romantic_Hotel_Furno-San_Francesco_al_Campo_Province_of_Turin_Piedmont.html\",\"https:\/\/x.com\/#!\/search\/realtime\/romantik hotel furno\"]}]}<\/script>\n<!-- \/ Yoast SEO plugin. -->","yoast_head_json":{"title":"Romantic H\u00f4tel Furno ~ Romantic Hotel Furno ~","description":"Bienvenus au Romantic H\u00f4tel Furno, l'\u00e9l\u00e9gant H\u00f4tel quatre \u00e9toiles issu du renouvellement d'une ancienne propri\u00e9t\u00e9 rurale du XVIIIe si\u00e8cle. Le complexe se situe aux portes de Turin, \u00e0 San Francesco al Campo, proche de l'a\u00e9roport international \u201cSandro Pertini\u201d de Caselle (TRN), du prestigieux palais de V\u00e9naria R\u00e9alle et du parc de la Mandria","robots":{"index":"index","follow":"follow","max-snippet":"max-snippet:-1","max-image-preview":"max-image-preview:large","max-video-preview":"max-video-preview:-1"},"canonical":"https:\/\/www.romantichoteltorino.com\/fr\/","og_locale":"fr_FR","og_type":"article","og_title":"Romantic H\u00f4tel Furno ~ Romantic Hotel Furno ~","og_description":"Bienvenus au Romantic H\u00f4tel Furno, l'\u00e9l\u00e9gant H\u00f4tel quatre \u00e9toiles issu du renouvellement d'une ancienne propri\u00e9t\u00e9 rurale du XVIIIe si\u00e8cle. Le complexe se situe aux portes de Turin, \u00e0 San Francesco al Campo, proche de l'a\u00e9roport international \u201cSandro Pertini\u201d de Caselle (TRN), du prestigieux palais de V\u00e9naria R\u00e9alle et du parc de la Mandria","og_url":"https:\/\/www.romantichoteltorino.com\/fr\/","og_site_name":"Romantic Hotel Furno","article_publisher":"https:\/\/www.facebook.com\/people\/Romantic-Hotel-Furno\/100063757070053\/","article_modified_time":"2025-10-15T15:28:14+00:00","og_image":[{"width":2069,"height":1200,"url":"https:\/\/www.romantichoteltorino.com\/wp-content\/uploads\/sites\/10\/2025\/11\/hotel-furno-hotel.jpg","type":"image\/jpeg"}],"twitter_card":"summary_large_image","twitter_misc":{"Est. reading time":"1 minute"},"schema":{"@context":"https:\/\/schema.org","@graph":[{"@type":"WebPage","@id":"https:\/\/www.romantichoteltorino.com\/fr\/","url":"https:\/\/www.romantichoteltorino.com\/fr\/","name":"Romantic H\u00f4tel Furno ~ Romantic Hotel Furno ~","isPartOf":{"@id":"https:\/\/www.romantichoteltorino.com\/fr\/#website"},"datePublished":"2025-10-09T08:50:33+00:00","dateModified":"2025-10-15T15:28:14+00:00","description":"Bienvenus au Romantic H\u00f4tel Furno, l'\u00e9l\u00e9gant H\u00f4tel quatre \u00e9toiles issu du renouvellement d'une ancienne propri\u00e9t\u00e9 rurale du XVIIIe si\u00e8cle. Le complexe se situe aux portes de Turin, \u00e0 San Francesco al Campo, proche de l'a\u00e9roport international \u201cSandro Pertini\u201d de Caselle (TRN), du prestigieux palais de V\u00e9naria R\u00e9alle et du parc de la Mandria","breadcrumb":{"@id":"https:\/\/www.romantichoteltorino.com\/fr\/#breadcrumb"},"inLanguage":"fr-FR","potentialAction":[{"@type":"ReadAction","target":["https:\/\/www.romantichoteltorino.com\/fr\/"]}]},{"@type":"BreadcrumbList","@id":"https:\/\/www.romantichoteltorino.com\/fr\/#breadcrumb","itemListElement":[{"@type":"ListItem","position":1,"name":"Home","item":"https:\/\/www.romantichoteltorino.com\/fr\/"},{"@type":"ListItem","position":2,"name":"Romantic H\u00f4tel Furno"}]},{"@type":"WebSite","@id":"https:\/\/www.romantichoteltorino.com\/fr\/#website","url":"https:\/\/www.romantichoteltorino.com\/fr\/","name":"Romantic Hotel Furno","description":"","publisher":{"@id":"https:\/\/www.romantichoteltorino.com\/fr\/#organization"},"potentialAction":[{"@type":"SearchAction","target":{"@type":"EntryPoint","urlTemplate":"https:\/\/www.romantichoteltorino.com\/fr\/?s={search_term_string}"},"query-input":{"@type":"PropertyValueSpecification","valueRequired":true,"valueName":"search_term_string"}}],"inLanguage":"fr-FR"},{"@type":"Organization","@id":"https:\/\/www.romantichoteltorino.com\/fr\/#organization","name":"Romantic Hotel Furno","alternateName":"Romantic Hotel Furno","url":"https:\/\/www.romantichoteltorino.com\/fr\/","logo":{"@type":"ImageObject","inLanguage":"fr-FR","@id":"https:\/\/www.romantichoteltorino.com\/fr\/#\/schema\/logo\/image\/","url":"https:\/\/www.romantichoteltorino.com\/wp-content\/uploads\/sites\/10\/2025\/10\/logo_romantic_hotel_furno.png","contentUrl":"https:\/\/www.romantichoteltorino.com\/wp-content\/uploads\/sites\/10\/2025\/10\/logo_romantic_hotel_furno.png","width":810,"height":424,"caption":"Romantic Hotel Furno"},"image":{"@id":"https:\/\/www.romantichoteltorino.com\/fr\/#\/schema\/logo\/image\/"},"sameAs":["https:\/\/www.facebook.com\/people\/Romantic-Hotel-Furno\/100063757070053\/","https:\/\/www.youtube.com\/watch?v=DTL29GtdEoo","https:\/\/www.tripadvisor.co.uk\/Hotel_Review-g657831-d563544-Reviews-Romantic_Hotel_Furno-San_Francesco_al_Campo_Province_of_Turin_Piedmont.html","https:\/\/x.com\/#!\/search\/realtime\/romantik hotel furno"]}]}},"acf":[],"_links":{"self":[{"href":"https:\/\/www.romantichoteltorino.com\/fr\/wp-json\/wp\/v2\/pages\/216","targetHints":{"allow":["GET"]}}],"collection":[{"href":"https:\/\/www.romantichoteltorino.com\/fr\/wp-json\/wp\/v2\/pages"}],"about":[{"href":"https:\/\/www.romantichoteltorino.com\/fr\/wp-json\/wp\/v2\/types\/page"}],"author":[{"embeddable":true,"href":"https:\/\/www.romantichoteltorino.com\/fr\/wp-json\/wp\/v2\/users\/6"}],"replies":[{"embeddable":true,"href":"https:\/\/www.romantichoteltorino.com\/fr\/wp-json\/wp\/v2\/comments?post=216"}],"version-history":[{"count":0,"href":"https:\/\/www.romantichoteltorino.com\/fr\/wp-json\/wp\/v2\/pages\/216\/revisions"}],"wp:attachment":[{"href":"https:\/\/www.romantichoteltorino.com\/fr\/wp-json\/wp\/v2\/media?parent=216"}],"curies":[{"name":"wp","href":"https:\/\/api.w.org\/{rel}","templated":true}]}}