{"id":326,"date":"2025-10-09T10:16:30","date_gmt":"2025-10-09T10:16:30","guid":{"rendered":"https:\/\/romantichotelfurno.ms3.decms.eu\/?page_id=326"},"modified":"2025-11-11T15:41:04","modified_gmt":"2025-11-11T15:41:04","slug":"gratis-taxi-service","status":"publish","type":"page","link":"https:\/\/www.romantichoteltorino.com\/de\/gratis-taxi-service\/","title":{"rendered":"Gratis taxi service"},"content":{"rendered":"<p>Das Romantic Hotel Furno freut sich, allen G\u00e4sten, die eine Direktbuchung per E-Mail oder \u00fcber unsere Website best\u00e4tigt haben, einen kostenlosen Flughafentransfer (Route FLUGHAFEN-HOTEL) anbieten zu k\u00f6nnen.<\/p>\n<p>Der Service wird mit unserem lizenzierten Fahrzeug durchgef\u00fchrt und unterliegt unserer Best\u00e4tigung, basierend auf der Verf\u00fcgbarkeit des Fahrzeugs.<\/p>\n<ol>\n<li>F\u00fcllen Sie das Antragsformular aus und warten Sie auf eine schriftliche Zusage von unserer Seite;<\/li>\n<li>Wenn Sie am Flughafen angekommen sind, m\u00fcssen Sie in den ersten Stock auf die Seite ABFL\u00dcGE kommen;<\/li>\n<li>Wenn Sie den ersten Stock erreicht haben und sich au\u00dferhalb des Flugzeuggeb\u00e4udes befinden,<br \/>\nm\u00fcssen Sie eine der folgenden Telefonnummern w\u00e4hlen <a href=\"tel:+393355829919\"><strong>+39 335 58 29 919<\/strong><\/a>&nbsp;\/&amp; nbsp;<a href=\"tel:+390119274900\"><strong>+39 011 927 49 00 <\/strong><\/a>und Ihre Anwesenheit vor dem Flughafen kundtun;<\/li>\n<li>Danach m\u00fcssen Sie nur noch einen Moment auf die Ankunft des Autos warten.<\/li>\n<\/ol>\n","protected":false},"excerpt":{"rendered":"<p>Das Romantic Hotel Furno freut sich, allen G\u00e4sten, die eine Direktbuchung per E-Mail oder \u00fcber unsere Website best\u00e4tigt haben, einen kostenlosen Flughafentransfer (Route FLUGHAFEN-HOTEL) anbieten zu k\u00f6nnen. Der Service wird mit unserem lizenzierten Fahrzeug durchgef\u00fchrt und unterliegt unserer Best\u00e4tigung, basierend auf der Verf\u00fcgbarkeit des Fahrzeugs. F\u00fcllen Sie das Antragsformular aus und warten Sie auf eine [&hellip;]<\/p>\n","protected":false},"author":6,"featured_media":0,"parent":0,"menu_order":100,"comment_status":"closed","ping_status":"closed","template":"template-taxi-sevice.php","meta":{"footnotes":""},"class_list":["post-326","page","type-page","status-publish","hentry"],"yoast_head":"<!-- This site is optimized with the Yoast SEO plugin v26.9 - https:\/\/yoast.com\/product\/yoast-seo-wordpress\/ -->\n<title>Gratis taxi service ~ Romantic Hotel Furno ~<\/title>\n<meta name=\"description\" content=\"Das Romantic Hotel Furno freut sich, allen G\u00e4sten, die eine Direktbuchung per E-Mail oder \u00fcber unsere Website best\u00e4tigt haben, einen kostenlosen Flughafentransfer (Route FLUGHAFEN-HOTEL) anbieten zu k\u00f6nnen.  Der Service wird mit unserem lizenzierten Fahrzeug durchgef\u00fchrt und unterliegt unserer Best\u00e4tigung, basierend auf der Verf\u00fcgbarkeit des Fahrzeugs.     F\u00fcllen Sie das Antragsformular aus und warten Sie auf eine schriftliche Zusage von unserer Seite;    Wenn Sie am Flughafen angekommen sind, m\u00fcssen Sie in den ersten Stock auf die Seite ABFL\u00dcGE kommen;  Wenn Sie den ersten Stock erreicht haben und sich au\u00dferhalb des Flugzeuggeb\u00e4udes befinden, m\u00fcssen Sie eine der folgenden Telefonnummern w\u00e4hlen +39 335 58 29 919&nbsp;\/&amp; nbsp;+39 011 927 49 00 und Ihre Anwesenheit vor dem Flughafen kundtun;    Danach m\u00fcssen Sie nur noch einen Moment auf die Ankunft des Autos warten. .\" \/>\n<meta name=\"robots\" content=\"index, follow, max-snippet:-1, max-image-preview:large, max-video-preview:-1\" \/>\n<link rel=\"canonical\" href=\"https:\/\/www.romantichoteltorino.com\/de\/gratis-taxi-service\/\" \/>\n<meta property=\"og:locale\" content=\"de_DE\" \/>\n<meta property=\"og:type\" content=\"article\" \/>\n<meta property=\"og:title\" content=\"Gratis taxi service ~ Romantic Hotel Furno ~\" \/>\n<meta property=\"og:description\" content=\"Das Romantic Hotel Furno freut sich, allen G\u00e4sten, die eine Direktbuchung per E-Mail oder \u00fcber unsere Website best\u00e4tigt haben, einen kostenlosen Flughafentransfer (Route FLUGHAFEN-HOTEL) anbieten zu k\u00f6nnen.  Der Service wird mit unserem lizenzierten Fahrzeug durchgef\u00fchrt und unterliegt unserer Best\u00e4tigung, basierend auf der Verf\u00fcgbarkeit des Fahrzeugs.     F\u00fcllen Sie das Antragsformular aus und warten Sie auf eine schriftliche Zusage von unserer Seite;    Wenn Sie am Flughafen angekommen sind, m\u00fcssen Sie in den ersten Stock auf die Seite ABFL\u00dcGE kommen;  Wenn Sie den ersten Stock erreicht haben und sich au\u00dferhalb des Flugzeuggeb\u00e4udes befinden, m\u00fcssen Sie eine der folgenden Telefonnummern w\u00e4hlen +39 335 58 29 919&nbsp;\/&amp; nbsp;+39 011 927 49 00 und Ihre Anwesenheit vor dem Flughafen kundtun;    Danach m\u00fcssen Sie nur noch einen Moment auf die Ankunft des Autos warten. .\" \/>\n<meta property=\"og:url\" content=\"https:\/\/www.romantichoteltorino.com\/de\/gratis-taxi-service\/\" \/>\n<meta property=\"og:site_name\" content=\"Romantic Hotel Furno\" \/>\n<meta property=\"article:publisher\" content=\"https:\/\/www.facebook.com\/people\/Romantic-Hotel-Furno\/100063757070053\/\" \/>\n<meta property=\"article:modified_time\" content=\"2025-11-11T15:41:04+00:00\" \/>\n<meta property=\"og:image\" content=\"https:\/\/www.romantichoteltorino.com\/wp-content\/uploads\/sites\/10\/2025\/11\/hotel-furno-hotel.jpg\" \/>\n\t<meta property=\"og:image:width\" content=\"2069\" \/>\n\t<meta property=\"og:image:height\" content=\"1200\" \/>\n\t<meta property=\"og:image:type\" content=\"image\/jpeg\" \/>\n<meta name=\"twitter:card\" content=\"summary_large_image\" \/>\n<meta name=\"twitter:label1\" content=\"Est. reading time\" \/>\n\t<meta name=\"twitter:data1\" content=\"1\u00a0Minute\" \/>\n<script type=\"application\/ld+json\" class=\"yoast-schema-graph\">{\"@context\":\"https:\/\/schema.org\",\"@graph\":[{\"@type\":\"WebPage\",\"@id\":\"https:\/\/www.romantichoteltorino.com\/de\/gratis-taxi-service\/\",\"url\":\"https:\/\/www.romantichoteltorino.com\/de\/gratis-taxi-service\/\",\"name\":\"Gratis taxi service ~ Romantic Hotel Furno ~\",\"isPartOf\":{\"@id\":\"https:\/\/www.romantichoteltorino.com\/de\/#website\"},\"datePublished\":\"2025-10-09T10:16:30+00:00\",\"dateModified\":\"2025-11-11T15:41:04+00:00\",\"description\":\"Das Romantic Hotel Furno freut sich, allen G\u00e4sten, die eine Direktbuchung per E-Mail oder \u00fcber unsere Website best\u00e4tigt haben, einen kostenlosen Flughafentransfer (Route FLUGHAFEN-HOTEL) anbieten zu k\u00f6nnen. Der Service wird mit unserem lizenzierten Fahrzeug durchgef\u00fchrt und unterliegt unserer Best\u00e4tigung, basierend auf der Verf\u00fcgbarkeit des Fahrzeugs. \u2022 F\u00fcllen Sie das Antragsformular aus und warten Sie auf eine schriftliche Zusage von unserer Seite; \u2022 Wenn Sie am Flughafen angekommen sind, m\u00fcssen Sie in den ersten Stock auf die Seite ABFL\u00dcGE kommen; \u2022 Wenn Sie den ersten Stock erreicht haben und sich au\u00dferhalb des Flugzeuggeb\u00e4udes befinden, m\u00fcssen Sie eine der folgenden Telefonnummern w\u00e4hlen +39 335 58 29 919&nbsp;\/&amp; nbsp;+39 011 927 49 00 und Ihre Anwesenheit vor dem Flughafen kundtun; \u2022 Danach m\u00fcssen Sie nur noch einen Moment auf die Ankunft des Autos warten. .\",\"breadcrumb\":{\"@id\":\"https:\/\/www.romantichoteltorino.com\/de\/gratis-taxi-service\/#breadcrumb\"},\"inLanguage\":\"de\",\"potentialAction\":[{\"@type\":\"ReadAction\",\"target\":[\"https:\/\/www.romantichoteltorino.com\/de\/gratis-taxi-service\/\"]}]},{\"@type\":\"BreadcrumbList\",\"@id\":\"https:\/\/www.romantichoteltorino.com\/de\/gratis-taxi-service\/#breadcrumb\",\"itemListElement\":[{\"@type\":\"ListItem\",\"position\":1,\"name\":\"Home\",\"item\":\"https:\/\/www.romantichoteltorino.com\/de\/\"},{\"@type\":\"ListItem\",\"position\":2,\"name\":\"Gratis taxi service\"}]},{\"@type\":\"WebSite\",\"@id\":\"https:\/\/www.romantichoteltorino.com\/de\/#website\",\"url\":\"https:\/\/www.romantichoteltorino.com\/de\/\",\"name\":\"Romantic Hotel Furno\",\"description\":\"\",\"publisher\":{\"@id\":\"https:\/\/www.romantichoteltorino.com\/de\/#organization\"},\"potentialAction\":[{\"@type\":\"SearchAction\",\"target\":{\"@type\":\"EntryPoint\",\"urlTemplate\":\"https:\/\/www.romantichoteltorino.com\/de\/?s={search_term_string}\"},\"query-input\":{\"@type\":\"PropertyValueSpecification\",\"valueRequired\":true,\"valueName\":\"search_term_string\"}}],\"inLanguage\":\"de\"},{\"@type\":\"Organization\",\"@id\":\"https:\/\/www.romantichoteltorino.com\/de\/#organization\",\"name\":\"Romantic Hotel Furno\",\"alternateName\":\"Romantic Hotel Furno\",\"url\":\"https:\/\/www.romantichoteltorino.com\/de\/\",\"logo\":{\"@type\":\"ImageObject\",\"inLanguage\":\"de\",\"@id\":\"https:\/\/www.romantichoteltorino.com\/de\/#\/schema\/logo\/image\/\",\"url\":\"https:\/\/www.romantichoteltorino.com\/wp-content\/uploads\/sites\/10\/2025\/10\/logo_romantic_hotel_furno.png\",\"contentUrl\":\"https:\/\/www.romantichoteltorino.com\/wp-content\/uploads\/sites\/10\/2025\/10\/logo_romantic_hotel_furno.png\",\"width\":810,\"height\":424,\"caption\":\"Romantic Hotel Furno\"},\"image\":{\"@id\":\"https:\/\/www.romantichoteltorino.com\/de\/#\/schema\/logo\/image\/\"},\"sameAs\":[\"https:\/\/www.facebook.com\/people\/Romantic-Hotel-Furno\/100063757070053\/\",\"https:\/\/www.youtube.com\/watch?v=DTL29GtdEoo\",\"https:\/\/www.tripadvisor.co.uk\/Hotel_Review-g657831-d563544-Reviews-Romantic_Hotel_Furno-San_Francesco_al_Campo_Province_of_Turin_Piedmont.html\",\"https:\/\/x.com\/#!\/search\/realtime\/romantik hotel furno\"]}]}<\/script>\n<!-- \/ Yoast SEO plugin. -->","yoast_head_json":{"title":"Gratis taxi service ~ Romantic Hotel Furno ~","description":"Das Romantic Hotel Furno freut sich, allen G\u00e4sten, die eine Direktbuchung per E-Mail oder \u00fcber unsere Website best\u00e4tigt haben, einen kostenlosen Flughafentransfer (Route FLUGHAFEN-HOTEL) anbieten zu k\u00f6nnen.  Der Service wird mit unserem lizenzierten Fahrzeug durchgef\u00fchrt und unterliegt unserer Best\u00e4tigung, basierend auf der Verf\u00fcgbarkeit des Fahrzeugs.     F\u00fcllen Sie das Antragsformular aus und warten Sie auf eine schriftliche Zusage von unserer Seite;    Wenn Sie am Flughafen angekommen sind, m\u00fcssen Sie in den ersten Stock auf die Seite ABFL\u00dcGE kommen;  Wenn Sie den ersten Stock erreicht haben und sich au\u00dferhalb des Flugzeuggeb\u00e4udes befinden, m\u00fcssen Sie eine der folgenden Telefonnummern w\u00e4hlen +39 335 58 29 919&nbsp;\/&amp; nbsp;+39 011 927 49 00 und Ihre Anwesenheit vor dem Flughafen kundtun;    Danach m\u00fcssen Sie nur noch einen Moment auf die Ankunft des Autos warten. .","robots":{"index":"index","follow":"follow","max-snippet":"max-snippet:-1","max-image-preview":"max-image-preview:large","max-video-preview":"max-video-preview:-1"},"canonical":"https:\/\/www.romantichoteltorino.com\/de\/gratis-taxi-service\/","og_locale":"de_DE","og_type":"article","og_title":"Gratis taxi service ~ Romantic Hotel Furno ~","og_description":"Das Romantic Hotel Furno freut sich, allen G\u00e4sten, die eine Direktbuchung per E-Mail oder \u00fcber unsere Website best\u00e4tigt haben, einen kostenlosen Flughafentransfer (Route FLUGHAFEN-HOTEL) anbieten zu k\u00f6nnen.  Der Service wird mit unserem lizenzierten Fahrzeug durchgef\u00fchrt und unterliegt unserer Best\u00e4tigung, basierend auf der Verf\u00fcgbarkeit des Fahrzeugs.     F\u00fcllen Sie das Antragsformular aus und warten Sie auf eine schriftliche Zusage von unserer Seite;    Wenn Sie am Flughafen angekommen sind, m\u00fcssen Sie in den ersten Stock auf die Seite ABFL\u00dcGE kommen;  Wenn Sie den ersten Stock erreicht haben und sich au\u00dferhalb des Flugzeuggeb\u00e4udes befinden, m\u00fcssen Sie eine der folgenden Telefonnummern w\u00e4hlen +39 335 58 29 919&nbsp;\/&amp; nbsp;+39 011 927 49 00 und Ihre Anwesenheit vor dem Flughafen kundtun;    Danach m\u00fcssen Sie nur noch einen Moment auf die Ankunft des Autos warten. .","og_url":"https:\/\/www.romantichoteltorino.com\/de\/gratis-taxi-service\/","og_site_name":"Romantic Hotel Furno","article_publisher":"https:\/\/www.facebook.com\/people\/Romantic-Hotel-Furno\/100063757070053\/","article_modified_time":"2025-11-11T15:41:04+00:00","og_image":[{"width":2069,"height":1200,"url":"https:\/\/www.romantichoteltorino.com\/wp-content\/uploads\/sites\/10\/2025\/11\/hotel-furno-hotel.jpg","type":"image\/jpeg"}],"twitter_card":"summary_large_image","twitter_misc":{"Est. reading time":"1\u00a0Minute"},"schema":{"@context":"https:\/\/schema.org","@graph":[{"@type":"WebPage","@id":"https:\/\/www.romantichoteltorino.com\/de\/gratis-taxi-service\/","url":"https:\/\/www.romantichoteltorino.com\/de\/gratis-taxi-service\/","name":"Gratis taxi service ~ Romantic Hotel Furno ~","isPartOf":{"@id":"https:\/\/www.romantichoteltorino.com\/de\/#website"},"datePublished":"2025-10-09T10:16:30+00:00","dateModified":"2025-11-11T15:41:04+00:00","description":"Das Romantic Hotel Furno freut sich, allen G\u00e4sten, die eine Direktbuchung per E-Mail oder \u00fcber unsere Website best\u00e4tigt haben, einen kostenlosen Flughafentransfer (Route FLUGHAFEN-HOTEL) anbieten zu k\u00f6nnen. Der Service wird mit unserem lizenzierten Fahrzeug durchgef\u00fchrt und unterliegt unserer Best\u00e4tigung, basierend auf der Verf\u00fcgbarkeit des Fahrzeugs. \u2022 F\u00fcllen Sie das Antragsformular aus und warten Sie auf eine schriftliche Zusage von unserer Seite; \u2022 Wenn Sie am Flughafen angekommen sind, m\u00fcssen Sie in den ersten Stock auf die Seite ABFL\u00dcGE kommen; \u2022 Wenn Sie den ersten Stock erreicht haben und sich au\u00dferhalb des Flugzeuggeb\u00e4udes befinden, m\u00fcssen Sie eine der folgenden Telefonnummern w\u00e4hlen +39 335 58 29 919&nbsp;\/&amp; nbsp;+39 011 927 49 00 und Ihre Anwesenheit vor dem Flughafen kundtun; \u2022 Danach m\u00fcssen Sie nur noch einen Moment auf die Ankunft des Autos warten. .","breadcrumb":{"@id":"https:\/\/www.romantichoteltorino.com\/de\/gratis-taxi-service\/#breadcrumb"},"inLanguage":"de","potentialAction":[{"@type":"ReadAction","target":["https:\/\/www.romantichoteltorino.com\/de\/gratis-taxi-service\/"]}]},{"@type":"BreadcrumbList","@id":"https:\/\/www.romantichoteltorino.com\/de\/gratis-taxi-service\/#breadcrumb","itemListElement":[{"@type":"ListItem","position":1,"name":"Home","item":"https:\/\/www.romantichoteltorino.com\/de\/"},{"@type":"ListItem","position":2,"name":"Gratis taxi service"}]},{"@type":"WebSite","@id":"https:\/\/www.romantichoteltorino.com\/de\/#website","url":"https:\/\/www.romantichoteltorino.com\/de\/","name":"Romantic Hotel Furno","description":"","publisher":{"@id":"https:\/\/www.romantichoteltorino.com\/de\/#organization"},"potentialAction":[{"@type":"SearchAction","target":{"@type":"EntryPoint","urlTemplate":"https:\/\/www.romantichoteltorino.com\/de\/?s={search_term_string}"},"query-input":{"@type":"PropertyValueSpecification","valueRequired":true,"valueName":"search_term_string"}}],"inLanguage":"de"},{"@type":"Organization","@id":"https:\/\/www.romantichoteltorino.com\/de\/#organization","name":"Romantic Hotel Furno","alternateName":"Romantic Hotel Furno","url":"https:\/\/www.romantichoteltorino.com\/de\/","logo":{"@type":"ImageObject","inLanguage":"de","@id":"https:\/\/www.romantichoteltorino.com\/de\/#\/schema\/logo\/image\/","url":"https:\/\/www.romantichoteltorino.com\/wp-content\/uploads\/sites\/10\/2025\/10\/logo_romantic_hotel_furno.png","contentUrl":"https:\/\/www.romantichoteltorino.com\/wp-content\/uploads\/sites\/10\/2025\/10\/logo_romantic_hotel_furno.png","width":810,"height":424,"caption":"Romantic Hotel Furno"},"image":{"@id":"https:\/\/www.romantichoteltorino.com\/de\/#\/schema\/logo\/image\/"},"sameAs":["https:\/\/www.facebook.com\/people\/Romantic-Hotel-Furno\/100063757070053\/","https:\/\/www.youtube.com\/watch?v=DTL29GtdEoo","https:\/\/www.tripadvisor.co.uk\/Hotel_Review-g657831-d563544-Reviews-Romantic_Hotel_Furno-San_Francesco_al_Campo_Province_of_Turin_Piedmont.html","https:\/\/x.com\/#!\/search\/realtime\/romantik hotel furno"]}]}},"acf":[],"_links":{"self":[{"href":"https:\/\/www.romantichoteltorino.com\/de\/wp-json\/wp\/v2\/pages\/326","targetHints":{"allow":["GET"]}}],"collection":[{"href":"https:\/\/www.romantichoteltorino.com\/de\/wp-json\/wp\/v2\/pages"}],"about":[{"href":"https:\/\/www.romantichoteltorino.com\/de\/wp-json\/wp\/v2\/types\/page"}],"author":[{"embeddable":true,"href":"https:\/\/www.romantichoteltorino.com\/de\/wp-json\/wp\/v2\/users\/6"}],"replies":[{"embeddable":true,"href":"https:\/\/www.romantichoteltorino.com\/de\/wp-json\/wp\/v2\/comments?post=326"}],"version-history":[{"count":0,"href":"https:\/\/www.romantichoteltorino.com\/de\/wp-json\/wp\/v2\/pages\/326\/revisions"}],"wp:attachment":[{"href":"https:\/\/www.romantichoteltorino.com\/de\/wp-json\/wp\/v2\/media?parent=326"}],"curies":[{"name":"wp","href":"https:\/\/api.w.org\/{rel}","templated":true}]}}