{"id":321,"date":"2025-10-09T10:15:39","date_gmt":"2025-10-09T10:15:39","guid":{"rendered":"https:\/\/romantichotelfurno.ms3.decms.eu\/?page_id=321"},"modified":"2025-10-16T13:08:29","modified_gmt":"2025-10-16T13:08:29","slug":"konferenzraum","status":"publish","type":"page","link":"https:\/\/www.romantichoteltorino.com\/de\/konferenzraum\/","title":{"rendered":"Konferenzraum"},"content":{"rendered":"<p>Viele gro\u00dfe Firmen haben das Romantic Hotel Furno als gewohnten Sitz f\u00fcr ihre Treffen gew\u00e4hlt. Wenn auch Sie an eine Location f\u00fcr eine kleine Versammlung oder ein Meeting mit etwas komplexerer Organisation denken, halten Sie sich vor Augen, dass Sie im Romantic Hotel Furno auf Leistungsf\u00e4higkeit, Verf\u00fcgbarkeit und Freundlichkeit treffen werden.<\/p>\n<p>Unsere Struktur verf\u00fcgt \u00fcber einen Versammlungssaal mit einer maximalen Kapazit\u00e4t von 100 Publikumspl\u00e4tzen. Sie ist mit nat\u00fcrlichem Licht ausgestattet, klimatisiert und verf\u00fcgt \u00fcber einen von den anderen Bereichen des Hotels unabh\u00e4ngigen Eingang: auf diese Weise k\u00f6nnen Sie die Stille und Ruhe des Ortes vollkommen genie\u00dfen.<\/p>\n<p>Au\u00dferdem sind f\u00fcr kleine Arbeitstreffen anpassungsf\u00e4hige R\u00e4ume vorgesehen.<\/p>\n<p>In den Pausen k\u00f6nnen Sie sich im umliegenden Park entspannen und dabei vielleicht einen Kaffee mit dem Kleingeb\u00e4ck der Kaffeepausen genie\u00dfen, die in der warmen Jahreszeit in den diversen Au\u00dfenbereichen vorbereitet sind.<\/p>\n","protected":false},"excerpt":{"rendered":"<p>Viele gro\u00dfe Firmen haben das Romantic Hotel Furno als gewohnten Sitz f\u00fcr ihre Treffen gew\u00e4hlt. Wenn auch Sie an eine Location f\u00fcr eine kleine Versammlung oder ein Meeting mit etwas komplexerer Organisation denken, halten Sie sich vor Augen, dass Sie im Romantic Hotel Furno auf Leistungsf\u00e4higkeit, Verf\u00fcgbarkeit und Freundlichkeit treffen werden. Unsere Struktur verf\u00fcgt \u00fcber [&hellip;]<\/p>\n","protected":false},"author":6,"featured_media":0,"parent":0,"menu_order":70,"comment_status":"closed","ping_status":"closed","template":"template-meeting.php","meta":{"footnotes":""},"class_list":["post-321","page","type-page","status-publish","hentry"],"yoast_head":"<!-- This site is optimized with the Yoast SEO plugin v26.9 - https:\/\/yoast.com\/product\/yoast-seo-wordpress\/ -->\n<title>Konferenzraum ~ Romantic Hotel Furno ~<\/title>\n<meta name=\"description\" content=\"Viele gro\u00dfe Firmen haben das Romantic Hotel Furno als gewohnten Sitz f\u00fcr ihre Treffen gew\u00e4hlt. Wenn auch Sie an eine Location f\u00fcr eine kleine Versammlung oder ein Meeting mit etwas komplexerer Organisation denken, halten Sie sich vor Augen, dass Sie im Romantic Hotel Furno auf Leistungsf\u00e4higkeit, Verf\u00fcgbarkeit und Freundlichkeit treffen werden.  Unsere Struktur verf\u00fcgt \u00fcber einen Versammlungssaal mit einer maximalen Kapazit\u00e4t von 100 Publikumspl\u00e4tzen\" \/>\n<meta name=\"robots\" content=\"index, follow, max-snippet:-1, max-image-preview:large, max-video-preview:-1\" \/>\n<link rel=\"canonical\" href=\"https:\/\/www.romantichoteltorino.com\/de\/konferenzraum\/\" \/>\n<meta property=\"og:locale\" content=\"de_DE\" \/>\n<meta property=\"og:type\" content=\"article\" \/>\n<meta property=\"og:title\" content=\"Konferenzraum ~ Romantic Hotel Furno ~\" \/>\n<meta property=\"og:description\" content=\"Viele gro\u00dfe Firmen haben das Romantic Hotel Furno als gewohnten Sitz f\u00fcr ihre Treffen gew\u00e4hlt. Wenn auch Sie an eine Location f\u00fcr eine kleine Versammlung oder ein Meeting mit etwas komplexerer Organisation denken, halten Sie sich vor Augen, dass Sie im Romantic Hotel Furno auf Leistungsf\u00e4higkeit, Verf\u00fcgbarkeit und Freundlichkeit treffen werden.  Unsere Struktur verf\u00fcgt \u00fcber einen Versammlungssaal mit einer maximalen Kapazit\u00e4t von 100 Publikumspl\u00e4tzen\" \/>\n<meta property=\"og:url\" content=\"https:\/\/www.romantichoteltorino.com\/de\/konferenzraum\/\" \/>\n<meta property=\"og:site_name\" content=\"Romantic Hotel Furno\" \/>\n<meta property=\"article:publisher\" content=\"https:\/\/www.facebook.com\/people\/Romantic-Hotel-Furno\/100063757070053\/\" \/>\n<meta property=\"article:modified_time\" content=\"2025-10-16T13:08:29+00:00\" \/>\n<meta property=\"og:image\" content=\"https:\/\/www.romantichoteltorino.com\/wp-content\/uploads\/sites\/10\/2025\/11\/hotel-furno-hotel.jpg\" \/>\n\t<meta property=\"og:image:width\" content=\"2069\" \/>\n\t<meta property=\"og:image:height\" content=\"1200\" \/>\n\t<meta property=\"og:image:type\" content=\"image\/jpeg\" \/>\n<meta name=\"twitter:card\" content=\"summary_large_image\" \/>\n<meta name=\"twitter:label1\" content=\"Est. reading time\" \/>\n\t<meta name=\"twitter:data1\" content=\"1\u00a0Minute\" \/>\n<script type=\"application\/ld+json\" class=\"yoast-schema-graph\">{\"@context\":\"https:\/\/schema.org\",\"@graph\":[{\"@type\":\"WebPage\",\"@id\":\"https:\/\/www.romantichoteltorino.com\/de\/konferenzraum\/\",\"url\":\"https:\/\/www.romantichoteltorino.com\/de\/konferenzraum\/\",\"name\":\"Konferenzraum ~ Romantic Hotel Furno ~\",\"isPartOf\":{\"@id\":\"https:\/\/www.romantichoteltorino.com\/de\/#website\"},\"datePublished\":\"2025-10-09T10:15:39+00:00\",\"dateModified\":\"2025-10-16T13:08:29+00:00\",\"description\":\"Viele gro\u00dfe Firmen haben das Romantic Hotel Furno als gewohnten Sitz f\u00fcr ihre Treffen gew\u00e4hlt. Wenn auch Sie an eine Location f\u00fcr eine kleine Versammlung oder ein Meeting mit etwas komplexerer Organisation denken, halten Sie sich vor Augen, dass Sie im Romantic Hotel Furno auf Leistungsf\u00e4higkeit, Verf\u00fcgbarkeit und Freundlichkeit treffen werden. Unsere Struktur verf\u00fcgt \u00fcber einen Versammlungssaal mit einer maximalen Kapazit\u00e4t von 100 Publikumspl\u00e4tzen\",\"breadcrumb\":{\"@id\":\"https:\/\/www.romantichoteltorino.com\/de\/konferenzraum\/#breadcrumb\"},\"inLanguage\":\"de\",\"potentialAction\":[{\"@type\":\"ReadAction\",\"target\":[\"https:\/\/www.romantichoteltorino.com\/de\/konferenzraum\/\"]}]},{\"@type\":\"BreadcrumbList\",\"@id\":\"https:\/\/www.romantichoteltorino.com\/de\/konferenzraum\/#breadcrumb\",\"itemListElement\":[{\"@type\":\"ListItem\",\"position\":1,\"name\":\"Home\",\"item\":\"https:\/\/www.romantichoteltorino.com\/de\/\"},{\"@type\":\"ListItem\",\"position\":2,\"name\":\"Konferenzraum\"}]},{\"@type\":\"WebSite\",\"@id\":\"https:\/\/www.romantichoteltorino.com\/de\/#website\",\"url\":\"https:\/\/www.romantichoteltorino.com\/de\/\",\"name\":\"Romantic Hotel Furno\",\"description\":\"\",\"publisher\":{\"@id\":\"https:\/\/www.romantichoteltorino.com\/de\/#organization\"},\"potentialAction\":[{\"@type\":\"SearchAction\",\"target\":{\"@type\":\"EntryPoint\",\"urlTemplate\":\"https:\/\/www.romantichoteltorino.com\/de\/?s={search_term_string}\"},\"query-input\":{\"@type\":\"PropertyValueSpecification\",\"valueRequired\":true,\"valueName\":\"search_term_string\"}}],\"inLanguage\":\"de\"},{\"@type\":\"Organization\",\"@id\":\"https:\/\/www.romantichoteltorino.com\/de\/#organization\",\"name\":\"Romantic Hotel Furno\",\"alternateName\":\"Romantic Hotel Furno\",\"url\":\"https:\/\/www.romantichoteltorino.com\/de\/\",\"logo\":{\"@type\":\"ImageObject\",\"inLanguage\":\"de\",\"@id\":\"https:\/\/www.romantichoteltorino.com\/de\/#\/schema\/logo\/image\/\",\"url\":\"https:\/\/www.romantichoteltorino.com\/wp-content\/uploads\/sites\/10\/2025\/10\/logo_romantic_hotel_furno.png\",\"contentUrl\":\"https:\/\/www.romantichoteltorino.com\/wp-content\/uploads\/sites\/10\/2025\/10\/logo_romantic_hotel_furno.png\",\"width\":810,\"height\":424,\"caption\":\"Romantic Hotel Furno\"},\"image\":{\"@id\":\"https:\/\/www.romantichoteltorino.com\/de\/#\/schema\/logo\/image\/\"},\"sameAs\":[\"https:\/\/www.facebook.com\/people\/Romantic-Hotel-Furno\/100063757070053\/\",\"https:\/\/www.youtube.com\/watch?v=DTL29GtdEoo\",\"https:\/\/www.tripadvisor.co.uk\/Hotel_Review-g657831-d563544-Reviews-Romantic_Hotel_Furno-San_Francesco_al_Campo_Province_of_Turin_Piedmont.html\",\"https:\/\/x.com\/#!\/search\/realtime\/romantik hotel furno\"]}]}<\/script>\n<!-- \/ Yoast SEO plugin. -->","yoast_head_json":{"title":"Konferenzraum ~ Romantic Hotel Furno ~","description":"Viele gro\u00dfe Firmen haben das Romantic Hotel Furno als gewohnten Sitz f\u00fcr ihre Treffen gew\u00e4hlt. Wenn auch Sie an eine Location f\u00fcr eine kleine Versammlung oder ein Meeting mit etwas komplexerer Organisation denken, halten Sie sich vor Augen, dass Sie im Romantic Hotel Furno auf Leistungsf\u00e4higkeit, Verf\u00fcgbarkeit und Freundlichkeit treffen werden.  Unsere Struktur verf\u00fcgt \u00fcber einen Versammlungssaal mit einer maximalen Kapazit\u00e4t von 100 Publikumspl\u00e4tzen","robots":{"index":"index","follow":"follow","max-snippet":"max-snippet:-1","max-image-preview":"max-image-preview:large","max-video-preview":"max-video-preview:-1"},"canonical":"https:\/\/www.romantichoteltorino.com\/de\/konferenzraum\/","og_locale":"de_DE","og_type":"article","og_title":"Konferenzraum ~ Romantic Hotel Furno ~","og_description":"Viele gro\u00dfe Firmen haben das Romantic Hotel Furno als gewohnten Sitz f\u00fcr ihre Treffen gew\u00e4hlt. Wenn auch Sie an eine Location f\u00fcr eine kleine Versammlung oder ein Meeting mit etwas komplexerer Organisation denken, halten Sie sich vor Augen, dass Sie im Romantic Hotel Furno auf Leistungsf\u00e4higkeit, Verf\u00fcgbarkeit und Freundlichkeit treffen werden.  Unsere Struktur verf\u00fcgt \u00fcber einen Versammlungssaal mit einer maximalen Kapazit\u00e4t von 100 Publikumspl\u00e4tzen","og_url":"https:\/\/www.romantichoteltorino.com\/de\/konferenzraum\/","og_site_name":"Romantic Hotel Furno","article_publisher":"https:\/\/www.facebook.com\/people\/Romantic-Hotel-Furno\/100063757070053\/","article_modified_time":"2025-10-16T13:08:29+00:00","og_image":[{"width":2069,"height":1200,"url":"https:\/\/www.romantichoteltorino.com\/wp-content\/uploads\/sites\/10\/2025\/11\/hotel-furno-hotel.jpg","type":"image\/jpeg"}],"twitter_card":"summary_large_image","twitter_misc":{"Est. reading time":"1\u00a0Minute"},"schema":{"@context":"https:\/\/schema.org","@graph":[{"@type":"WebPage","@id":"https:\/\/www.romantichoteltorino.com\/de\/konferenzraum\/","url":"https:\/\/www.romantichoteltorino.com\/de\/konferenzraum\/","name":"Konferenzraum ~ Romantic Hotel Furno ~","isPartOf":{"@id":"https:\/\/www.romantichoteltorino.com\/de\/#website"},"datePublished":"2025-10-09T10:15:39+00:00","dateModified":"2025-10-16T13:08:29+00:00","description":"Viele gro\u00dfe Firmen haben das Romantic Hotel Furno als gewohnten Sitz f\u00fcr ihre Treffen gew\u00e4hlt. Wenn auch Sie an eine Location f\u00fcr eine kleine Versammlung oder ein Meeting mit etwas komplexerer Organisation denken, halten Sie sich vor Augen, dass Sie im Romantic Hotel Furno auf Leistungsf\u00e4higkeit, Verf\u00fcgbarkeit und Freundlichkeit treffen werden. Unsere Struktur verf\u00fcgt \u00fcber einen Versammlungssaal mit einer maximalen Kapazit\u00e4t von 100 Publikumspl\u00e4tzen","breadcrumb":{"@id":"https:\/\/www.romantichoteltorino.com\/de\/konferenzraum\/#breadcrumb"},"inLanguage":"de","potentialAction":[{"@type":"ReadAction","target":["https:\/\/www.romantichoteltorino.com\/de\/konferenzraum\/"]}]},{"@type":"BreadcrumbList","@id":"https:\/\/www.romantichoteltorino.com\/de\/konferenzraum\/#breadcrumb","itemListElement":[{"@type":"ListItem","position":1,"name":"Home","item":"https:\/\/www.romantichoteltorino.com\/de\/"},{"@type":"ListItem","position":2,"name":"Konferenzraum"}]},{"@type":"WebSite","@id":"https:\/\/www.romantichoteltorino.com\/de\/#website","url":"https:\/\/www.romantichoteltorino.com\/de\/","name":"Romantic Hotel Furno","description":"","publisher":{"@id":"https:\/\/www.romantichoteltorino.com\/de\/#organization"},"potentialAction":[{"@type":"SearchAction","target":{"@type":"EntryPoint","urlTemplate":"https:\/\/www.romantichoteltorino.com\/de\/?s={search_term_string}"},"query-input":{"@type":"PropertyValueSpecification","valueRequired":true,"valueName":"search_term_string"}}],"inLanguage":"de"},{"@type":"Organization","@id":"https:\/\/www.romantichoteltorino.com\/de\/#organization","name":"Romantic Hotel Furno","alternateName":"Romantic Hotel Furno","url":"https:\/\/www.romantichoteltorino.com\/de\/","logo":{"@type":"ImageObject","inLanguage":"de","@id":"https:\/\/www.romantichoteltorino.com\/de\/#\/schema\/logo\/image\/","url":"https:\/\/www.romantichoteltorino.com\/wp-content\/uploads\/sites\/10\/2025\/10\/logo_romantic_hotel_furno.png","contentUrl":"https:\/\/www.romantichoteltorino.com\/wp-content\/uploads\/sites\/10\/2025\/10\/logo_romantic_hotel_furno.png","width":810,"height":424,"caption":"Romantic Hotel Furno"},"image":{"@id":"https:\/\/www.romantichoteltorino.com\/de\/#\/schema\/logo\/image\/"},"sameAs":["https:\/\/www.facebook.com\/people\/Romantic-Hotel-Furno\/100063757070053\/","https:\/\/www.youtube.com\/watch?v=DTL29GtdEoo","https:\/\/www.tripadvisor.co.uk\/Hotel_Review-g657831-d563544-Reviews-Romantic_Hotel_Furno-San_Francesco_al_Campo_Province_of_Turin_Piedmont.html","https:\/\/x.com\/#!\/search\/realtime\/romantik hotel furno"]}]}},"acf":[],"_links":{"self":[{"href":"https:\/\/www.romantichoteltorino.com\/de\/wp-json\/wp\/v2\/pages\/321","targetHints":{"allow":["GET"]}}],"collection":[{"href":"https:\/\/www.romantichoteltorino.com\/de\/wp-json\/wp\/v2\/pages"}],"about":[{"href":"https:\/\/www.romantichoteltorino.com\/de\/wp-json\/wp\/v2\/types\/page"}],"author":[{"embeddable":true,"href":"https:\/\/www.romantichoteltorino.com\/de\/wp-json\/wp\/v2\/users\/6"}],"replies":[{"embeddable":true,"href":"https:\/\/www.romantichoteltorino.com\/de\/wp-json\/wp\/v2\/comments?post=321"}],"version-history":[{"count":0,"href":"https:\/\/www.romantichoteltorino.com\/de\/wp-json\/wp\/v2\/pages\/321\/revisions"}],"wp:attachment":[{"href":"https:\/\/www.romantichoteltorino.com\/de\/wp-json\/wp\/v2\/media?parent=321"}],"curies":[{"name":"wp","href":"https:\/\/api.w.org\/{rel}","templated":true}]}}