{"id":316,"date":"2025-10-09T10:18:28","date_gmt":"2025-10-09T10:18:28","guid":{"rendered":"https:\/\/romantichotelfurno.ms3.decms.eu\/?page_id=316"},"modified":"2025-10-16T13:37:30","modified_gmt":"2025-10-16T13:37:30","slug":"dolce-oriente-tokyo-paket","status":"publish","type":"page","link":"https:\/\/www.romantichoteltorino.com\/de\/paket\/dolce-oriente-tokyo-paket\/","title":{"rendered":"&#8222;Dolce Oriente Tokyo&#8220; Paket"},"content":{"rendered":"<p style=\"text-align: center;\"><em><strong>Aufenthalt inklusive&#8230;<\/strong><\/em><\/p>\n<p>\u2022 \u00dcbernachtung in einer Junior Suite mit Kamin und Whirlwanne.<\/p>\n<hr \/>\n<p>\u2022 Men\u00fc im Zimmer f\u00fcr 2 Personen: <a href=\"http:\/\/romantichotelfurno.ms3.decms.eu\/wp-content\/uploads\/sites\/10\/2025\/10\/menu-sushi-romantic-hotel-furno.pdf\" target=\"_blank\" rel=\"noopener\">W\u00c4HLEN SIE IHR MEN\u00dc<\/a><\/p>\n<hr \/>\n<p>\u2022 Kostenlose Nutzung der Einrichtungen des Romantischen Hotels Furno.<\/p>\n<hr \/>\n<p>\u2022 \u20ac 220,00*<\/p>\n<p>Aufpreis f\u00fcr das Fr\u00fchst\u00fccksbuffet \u20ac 10,00 pro Person<\/p>\n<hr \/>\n<p><em>* Preise pro Zimmer, inklusive Mehrwertsteuer<\/em><\/p>\n","protected":false},"excerpt":{"rendered":"<p>Aufenthalt inklusive&#8230; \u2022 \u00dcbernachtung in einer Junior Suite mit Kamin und Whirlwanne. \u2022 Men\u00fc im Zimmer f\u00fcr 2 Personen: W\u00c4HLEN SIE IHR MEN\u00dc \u2022 Kostenlose Nutzung der Einrichtungen des Romantischen Hotels Furno. \u2022 \u20ac 220,00* Aufpreis f\u00fcr das Fr\u00fchst\u00fccksbuffet \u20ac 10,00 pro Person * Preise pro Zimmer, inklusive Mehrwertsteuer<\/p>\n","protected":false},"author":6,"featured_media":0,"parent":315,"menu_order":50,"comment_status":"closed","ping_status":"closed","template":"template-single-package.php","meta":{"footnotes":""},"class_list":["post-316","page","type-page","status-publish","hentry"],"yoast_head":"<!-- This site is optimized with the Yoast SEO plugin v26.9 - https:\/\/yoast.com\/product\/yoast-seo-wordpress\/ -->\n<title>&quot;Dolce Oriente Tokyo&quot; Paket ~ Romantic Hotel Furno ~<\/title>\n<meta name=\"description\" content=\"Aufenthalt inklusive... \u2022 \u00dcbernachtung in einer Junior Suite mit Kamin und Whirlwanne.    \u2022 Men\u00fc im Zimmer f\u00fcr 2 Personen: W\u00c4HLEN SIE IHR MEN\u00dc    \u2022 Kostenlose Nutzung der Einrichtungen des Romantischen Hotels Furno.    \u2022 \u20ac 220,00*  Aufpreis f\u00fcr das Fr\u00fchst\u00fccksbuffet \u20ac 10,00 pro Person    * Preise pro Zimmer, inklusive Mehrwertsteuer.\" \/>\n<meta name=\"robots\" content=\"index, follow, max-snippet:-1, max-image-preview:large, max-video-preview:-1\" \/>\n<link rel=\"canonical\" href=\"https:\/\/www.romantichoteltorino.com\/de\/paket\/dolce-oriente-tokyo-paket\/\" \/>\n<meta property=\"og:locale\" content=\"de_DE\" \/>\n<meta property=\"og:type\" content=\"article\" \/>\n<meta property=\"og:title\" content=\"&quot;Dolce Oriente Tokyo&quot; Paket ~ Romantic Hotel Furno ~\" \/>\n<meta property=\"og:description\" content=\"Aufenthalt inklusive... \u2022 \u00dcbernachtung in einer Junior Suite mit Kamin und Whirlwanne.    \u2022 Men\u00fc im Zimmer f\u00fcr 2 Personen: W\u00c4HLEN SIE IHR MEN\u00dc    \u2022 Kostenlose Nutzung der Einrichtungen des Romantischen Hotels Furno.    \u2022 \u20ac 220,00*  Aufpreis f\u00fcr das Fr\u00fchst\u00fccksbuffet \u20ac 10,00 pro Person    * Preise pro Zimmer, inklusive Mehrwertsteuer.\" \/>\n<meta property=\"og:url\" content=\"https:\/\/www.romantichoteltorino.com\/de\/paket\/dolce-oriente-tokyo-paket\/\" \/>\n<meta property=\"og:site_name\" content=\"Romantic Hotel Furno\" \/>\n<meta property=\"article:publisher\" content=\"https:\/\/www.facebook.com\/people\/Romantic-Hotel-Furno\/100063757070053\/\" \/>\n<meta property=\"article:modified_time\" content=\"2025-10-16T13:37:30+00:00\" \/>\n<meta property=\"og:image\" content=\"https:\/\/www.romantichoteltorino.com\/wp-content\/uploads\/sites\/10\/2025\/11\/hotel-furno-hotel.jpg\" \/>\n\t<meta property=\"og:image:width\" content=\"2069\" \/>\n\t<meta property=\"og:image:height\" content=\"1200\" \/>\n\t<meta property=\"og:image:type\" content=\"image\/jpeg\" \/>\n<meta name=\"twitter:card\" content=\"summary_large_image\" \/>\n<meta name=\"twitter:label1\" content=\"Est. reading time\" \/>\n\t<meta name=\"twitter:data1\" content=\"1\u00a0Minute\" \/>\n<script type=\"application\/ld+json\" class=\"yoast-schema-graph\">{\"@context\":\"https:\/\/schema.org\",\"@graph\":[{\"@type\":\"WebPage\",\"@id\":\"https:\/\/www.romantichoteltorino.com\/de\/paket\/dolce-oriente-tokyo-paket\/\",\"url\":\"https:\/\/www.romantichoteltorino.com\/de\/paket\/dolce-oriente-tokyo-paket\/\",\"name\":\"\\\"Dolce Oriente Tokyo\\\" Paket ~ Romantic Hotel Furno ~\",\"isPartOf\":{\"@id\":\"https:\/\/www.romantichoteltorino.com\/de\/#website\"},\"datePublished\":\"2025-10-09T10:18:28+00:00\",\"dateModified\":\"2025-10-16T13:37:30+00:00\",\"description\":\"Aufenthalt inklusive... \u2022 \u00dcbernachtung in einer Junior Suite mit Kamin und Whirlwanne. \u2022 Men\u00fc im Zimmer f\u00fcr 2 Personen: W\u00c4HLEN SIE IHR MEN\u00dc \u2022 Kostenlose Nutzung der Einrichtungen des Romantischen Hotels Furno. \u2022 \u20ac 220,00* Aufpreis f\u00fcr das Fr\u00fchst\u00fccksbuffet \u20ac 10,00 pro Person * Preise pro Zimmer, inklusive Mehrwertsteuer.\",\"breadcrumb\":{\"@id\":\"https:\/\/www.romantichoteltorino.com\/de\/paket\/dolce-oriente-tokyo-paket\/#breadcrumb\"},\"inLanguage\":\"de\",\"potentialAction\":[{\"@type\":\"ReadAction\",\"target\":[\"https:\/\/www.romantichoteltorino.com\/de\/paket\/dolce-oriente-tokyo-paket\/\"]}]},{\"@type\":\"BreadcrumbList\",\"@id\":\"https:\/\/www.romantichoteltorino.com\/de\/paket\/dolce-oriente-tokyo-paket\/#breadcrumb\",\"itemListElement\":[{\"@type\":\"ListItem\",\"position\":1,\"name\":\"Home\",\"item\":\"https:\/\/www.romantichoteltorino.com\/de\/\"},{\"@type\":\"ListItem\",\"position\":2,\"name\":\"Paket\",\"item\":\"https:\/\/www.romantichoteltorino.com\/de\/pacchetti\/\"},{\"@type\":\"ListItem\",\"position\":3,\"name\":\"&#8220;Dolce Oriente Tokyo&#8221; Paket\"}]},{\"@type\":\"WebSite\",\"@id\":\"https:\/\/www.romantichoteltorino.com\/de\/#website\",\"url\":\"https:\/\/www.romantichoteltorino.com\/de\/\",\"name\":\"Romantic Hotel Furno\",\"description\":\"\",\"publisher\":{\"@id\":\"https:\/\/www.romantichoteltorino.com\/de\/#organization\"},\"potentialAction\":[{\"@type\":\"SearchAction\",\"target\":{\"@type\":\"EntryPoint\",\"urlTemplate\":\"https:\/\/www.romantichoteltorino.com\/de\/?s={search_term_string}\"},\"query-input\":{\"@type\":\"PropertyValueSpecification\",\"valueRequired\":true,\"valueName\":\"search_term_string\"}}],\"inLanguage\":\"de\"},{\"@type\":\"Organization\",\"@id\":\"https:\/\/www.romantichoteltorino.com\/de\/#organization\",\"name\":\"Romantic Hotel Furno\",\"alternateName\":\"Romantic Hotel Furno\",\"url\":\"https:\/\/www.romantichoteltorino.com\/de\/\",\"logo\":{\"@type\":\"ImageObject\",\"inLanguage\":\"de\",\"@id\":\"https:\/\/www.romantichoteltorino.com\/de\/#\/schema\/logo\/image\/\",\"url\":\"https:\/\/www.romantichoteltorino.com\/wp-content\/uploads\/sites\/10\/2025\/10\/logo_romantic_hotel_furno.png\",\"contentUrl\":\"https:\/\/www.romantichoteltorino.com\/wp-content\/uploads\/sites\/10\/2025\/10\/logo_romantic_hotel_furno.png\",\"width\":810,\"height\":424,\"caption\":\"Romantic Hotel Furno\"},\"image\":{\"@id\":\"https:\/\/www.romantichoteltorino.com\/de\/#\/schema\/logo\/image\/\"},\"sameAs\":[\"https:\/\/www.facebook.com\/people\/Romantic-Hotel-Furno\/100063757070053\/\",\"https:\/\/www.youtube.com\/watch?v=DTL29GtdEoo\",\"https:\/\/www.tripadvisor.co.uk\/Hotel_Review-g657831-d563544-Reviews-Romantic_Hotel_Furno-San_Francesco_al_Campo_Province_of_Turin_Piedmont.html\",\"https:\/\/x.com\/#!\/search\/realtime\/romantik hotel furno\"]}]}<\/script>\n<!-- \/ Yoast SEO plugin. -->","yoast_head_json":{"title":"\"Dolce Oriente Tokyo\" Paket ~ Romantic Hotel Furno ~","description":"Aufenthalt inklusive... \u2022 \u00dcbernachtung in einer Junior Suite mit Kamin und Whirlwanne.    \u2022 Men\u00fc im Zimmer f\u00fcr 2 Personen: W\u00c4HLEN SIE IHR MEN\u00dc    \u2022 Kostenlose Nutzung der Einrichtungen des Romantischen Hotels Furno.    \u2022 \u20ac 220,00*  Aufpreis f\u00fcr das Fr\u00fchst\u00fccksbuffet \u20ac 10,00 pro Person    * Preise pro Zimmer, inklusive Mehrwertsteuer.","robots":{"index":"index","follow":"follow","max-snippet":"max-snippet:-1","max-image-preview":"max-image-preview:large","max-video-preview":"max-video-preview:-1"},"canonical":"https:\/\/www.romantichoteltorino.com\/de\/paket\/dolce-oriente-tokyo-paket\/","og_locale":"de_DE","og_type":"article","og_title":"\"Dolce Oriente Tokyo\" Paket ~ Romantic Hotel Furno ~","og_description":"Aufenthalt inklusive... \u2022 \u00dcbernachtung in einer Junior Suite mit Kamin und Whirlwanne.    \u2022 Men\u00fc im Zimmer f\u00fcr 2 Personen: W\u00c4HLEN SIE IHR MEN\u00dc    \u2022 Kostenlose Nutzung der Einrichtungen des Romantischen Hotels Furno.    \u2022 \u20ac 220,00*  Aufpreis f\u00fcr das Fr\u00fchst\u00fccksbuffet \u20ac 10,00 pro Person    * Preise pro Zimmer, inklusive Mehrwertsteuer.","og_url":"https:\/\/www.romantichoteltorino.com\/de\/paket\/dolce-oriente-tokyo-paket\/","og_site_name":"Romantic Hotel Furno","article_publisher":"https:\/\/www.facebook.com\/people\/Romantic-Hotel-Furno\/100063757070053\/","article_modified_time":"2025-10-16T13:37:30+00:00","og_image":[{"width":2069,"height":1200,"url":"https:\/\/www.romantichoteltorino.com\/wp-content\/uploads\/sites\/10\/2025\/11\/hotel-furno-hotel.jpg","type":"image\/jpeg"}],"twitter_card":"summary_large_image","twitter_misc":{"Est. reading time":"1\u00a0Minute"},"schema":{"@context":"https:\/\/schema.org","@graph":[{"@type":"WebPage","@id":"https:\/\/www.romantichoteltorino.com\/de\/paket\/dolce-oriente-tokyo-paket\/","url":"https:\/\/www.romantichoteltorino.com\/de\/paket\/dolce-oriente-tokyo-paket\/","name":"\"Dolce Oriente Tokyo\" Paket ~ Romantic Hotel Furno ~","isPartOf":{"@id":"https:\/\/www.romantichoteltorino.com\/de\/#website"},"datePublished":"2025-10-09T10:18:28+00:00","dateModified":"2025-10-16T13:37:30+00:00","description":"Aufenthalt inklusive... \u2022 \u00dcbernachtung in einer Junior Suite mit Kamin und Whirlwanne. \u2022 Men\u00fc im Zimmer f\u00fcr 2 Personen: W\u00c4HLEN SIE IHR MEN\u00dc \u2022 Kostenlose Nutzung der Einrichtungen des Romantischen Hotels Furno. \u2022 \u20ac 220,00* Aufpreis f\u00fcr das Fr\u00fchst\u00fccksbuffet \u20ac 10,00 pro Person * Preise pro Zimmer, inklusive Mehrwertsteuer.","breadcrumb":{"@id":"https:\/\/www.romantichoteltorino.com\/de\/paket\/dolce-oriente-tokyo-paket\/#breadcrumb"},"inLanguage":"de","potentialAction":[{"@type":"ReadAction","target":["https:\/\/www.romantichoteltorino.com\/de\/paket\/dolce-oriente-tokyo-paket\/"]}]},{"@type":"BreadcrumbList","@id":"https:\/\/www.romantichoteltorino.com\/de\/paket\/dolce-oriente-tokyo-paket\/#breadcrumb","itemListElement":[{"@type":"ListItem","position":1,"name":"Home","item":"https:\/\/www.romantichoteltorino.com\/de\/"},{"@type":"ListItem","position":2,"name":"Paket","item":"https:\/\/www.romantichoteltorino.com\/de\/pacchetti\/"},{"@type":"ListItem","position":3,"name":"&#8220;Dolce Oriente Tokyo&#8221; Paket"}]},{"@type":"WebSite","@id":"https:\/\/www.romantichoteltorino.com\/de\/#website","url":"https:\/\/www.romantichoteltorino.com\/de\/","name":"Romantic Hotel Furno","description":"","publisher":{"@id":"https:\/\/www.romantichoteltorino.com\/de\/#organization"},"potentialAction":[{"@type":"SearchAction","target":{"@type":"EntryPoint","urlTemplate":"https:\/\/www.romantichoteltorino.com\/de\/?s={search_term_string}"},"query-input":{"@type":"PropertyValueSpecification","valueRequired":true,"valueName":"search_term_string"}}],"inLanguage":"de"},{"@type":"Organization","@id":"https:\/\/www.romantichoteltorino.com\/de\/#organization","name":"Romantic Hotel Furno","alternateName":"Romantic Hotel Furno","url":"https:\/\/www.romantichoteltorino.com\/de\/","logo":{"@type":"ImageObject","inLanguage":"de","@id":"https:\/\/www.romantichoteltorino.com\/de\/#\/schema\/logo\/image\/","url":"https:\/\/www.romantichoteltorino.com\/wp-content\/uploads\/sites\/10\/2025\/10\/logo_romantic_hotel_furno.png","contentUrl":"https:\/\/www.romantichoteltorino.com\/wp-content\/uploads\/sites\/10\/2025\/10\/logo_romantic_hotel_furno.png","width":810,"height":424,"caption":"Romantic Hotel Furno"},"image":{"@id":"https:\/\/www.romantichoteltorino.com\/de\/#\/schema\/logo\/image\/"},"sameAs":["https:\/\/www.facebook.com\/people\/Romantic-Hotel-Furno\/100063757070053\/","https:\/\/www.youtube.com\/watch?v=DTL29GtdEoo","https:\/\/www.tripadvisor.co.uk\/Hotel_Review-g657831-d563544-Reviews-Romantic_Hotel_Furno-San_Francesco_al_Campo_Province_of_Turin_Piedmont.html","https:\/\/x.com\/#!\/search\/realtime\/romantik hotel furno"]}]}},"acf":[],"_links":{"self":[{"href":"https:\/\/www.romantichoteltorino.com\/de\/wp-json\/wp\/v2\/pages\/316","targetHints":{"allow":["GET"]}}],"collection":[{"href":"https:\/\/www.romantichoteltorino.com\/de\/wp-json\/wp\/v2\/pages"}],"about":[{"href":"https:\/\/www.romantichoteltorino.com\/de\/wp-json\/wp\/v2\/types\/page"}],"author":[{"embeddable":true,"href":"https:\/\/www.romantichoteltorino.com\/de\/wp-json\/wp\/v2\/users\/6"}],"replies":[{"embeddable":true,"href":"https:\/\/www.romantichoteltorino.com\/de\/wp-json\/wp\/v2\/comments?post=316"}],"version-history":[{"count":0,"href":"https:\/\/www.romantichoteltorino.com\/de\/wp-json\/wp\/v2\/pages\/316\/revisions"}],"up":[{"embeddable":true,"href":"https:\/\/www.romantichoteltorino.com\/de\/wp-json\/wp\/v2\/pages\/315"}],"wp:attachment":[{"href":"https:\/\/www.romantichoteltorino.com\/de\/wp-json\/wp\/v2\/media?parent=316"}],"curies":[{"name":"wp","href":"https:\/\/api.w.org\/{rel}","templated":true}]}}