{"id":309,"date":"2025-10-09T10:17:53","date_gmt":"2025-10-09T10:17:53","guid":{"rendered":"https:\/\/romantichotelfurno.ms3.decms.eu\/?page_id=309"},"modified":"2025-10-16T15:04:09","modified_gmt":"2025-10-16T15:04:09","slug":"junior-suiten","status":"publish","type":"page","link":"https:\/\/www.romantichoteltorino.com\/de\/zimmer-und-suiten\/junior-suiten\/","title":{"rendered":"Junior Suiten"},"content":{"rendered":"<p>Alle unsere Junior-Suiten befinden sich zwischen der ersten und zweiten Etage und haben einen direkten Fensterzugang zu unserem Innenhof.<\/p>\n<p>Die Junior-Suiten sind ca. 28 m\u00b2 gro\u00df, aber jedes Zimmer ist individuell eingerichtet, so dass unsere G\u00e4ste die Atmosph\u00e4re vergangener Zeiten genie\u00dfen k\u00f6nnen, umgeben von einer Einrichtung, die an die Tradition erinnert.<\/p>\n<p>Alle Zimmer verf\u00fcgen \u00fcber ein Schlafsofa, ein gro\u00dfes Badezimmer mit Whirlpool und einen beheizten Kamin.<\/p>\n","protected":false},"excerpt":{"rendered":"<p>Alle unsere Junior-Suiten befinden sich zwischen der ersten und zweiten Etage und haben einen direkten Fensterzugang zu unserem Innenhof. Die Junior-Suiten sind ca. 28 m\u00b2 gro\u00df, aber jedes Zimmer ist individuell eingerichtet, so dass unsere G\u00e4ste die Atmosph\u00e4re vergangener Zeiten genie\u00dfen k\u00f6nnen, umgeben von einer Einrichtung, die an die Tradition erinnert. Alle Zimmer verf\u00fcgen \u00fcber [&hellip;]<\/p>\n","protected":false},"author":6,"featured_media":0,"parent":284,"menu_order":30,"comment_status":"closed","ping_status":"closed","template":"template-single-room.php","meta":{"footnotes":""},"class_list":["post-309","page","type-page","status-publish","hentry"],"yoast_head":"<!-- This site is optimized with the Yoast SEO plugin v26.9 - https:\/\/yoast.com\/product\/yoast-seo-wordpress\/ -->\n<title>Junior Suiten ~ Romantic Hotel Furno ~<\/title>\n<meta name=\"description\" content=\"Alle unsere Junior-Suiten befinden sich zwischen der ersten und zweiten Etage und haben einen direkten Fensterzugang zu unserem Innenhof.  Die Junior-Suiten sind ca. 28 m\u00b2 gro\u00df, aber jedes Zimmer ist individuell eingerichtet, so dass unsere G\u00e4ste die Atmosph\u00e4re vergangener Zeiten genie\u00dfen k\u00f6nnen, umgeben von einer Einrichtung, die an die Tradition erinnert.  Alle Zimmer verf\u00fcgen \u00fcber ein Schlafsofa, ein gro\u00dfes Badezimmer mit Whirlpool und einen beheizten Kamin.\" \/>\n<meta name=\"robots\" content=\"index, follow, max-snippet:-1, max-image-preview:large, max-video-preview:-1\" \/>\n<link rel=\"canonical\" href=\"https:\/\/www.romantichoteltorino.com\/de\/zimmer-und-suiten\/junior-suiten\/\" \/>\n<meta property=\"og:locale\" content=\"de_DE\" \/>\n<meta property=\"og:type\" content=\"article\" \/>\n<meta property=\"og:title\" content=\"Junior Suiten ~ Romantic Hotel Furno ~\" \/>\n<meta property=\"og:description\" content=\"Alle unsere Junior-Suiten befinden sich zwischen der ersten und zweiten Etage und haben einen direkten Fensterzugang zu unserem Innenhof.  Die Junior-Suiten sind ca. 28 m\u00b2 gro\u00df, aber jedes Zimmer ist individuell eingerichtet, so dass unsere G\u00e4ste die Atmosph\u00e4re vergangener Zeiten genie\u00dfen k\u00f6nnen, umgeben von einer Einrichtung, die an die Tradition erinnert.  Alle Zimmer verf\u00fcgen \u00fcber ein Schlafsofa, ein gro\u00dfes Badezimmer mit Whirlpool und einen beheizten Kamin.\" \/>\n<meta property=\"og:url\" content=\"https:\/\/www.romantichoteltorino.com\/de\/zimmer-und-suiten\/junior-suiten\/\" \/>\n<meta property=\"og:site_name\" content=\"Romantic Hotel Furno\" \/>\n<meta property=\"article:publisher\" content=\"https:\/\/www.facebook.com\/people\/Romantic-Hotel-Furno\/100063757070053\/\" \/>\n<meta property=\"article:modified_time\" content=\"2025-10-16T15:04:09+00:00\" \/>\n<meta property=\"og:image\" content=\"https:\/\/www.romantichoteltorino.com\/wp-content\/uploads\/sites\/10\/2025\/11\/hotel-furno-hotel.jpg\" \/>\n\t<meta property=\"og:image:width\" content=\"2069\" \/>\n\t<meta property=\"og:image:height\" content=\"1200\" \/>\n\t<meta property=\"og:image:type\" content=\"image\/jpeg\" \/>\n<meta name=\"twitter:card\" content=\"summary_large_image\" \/>\n<meta name=\"twitter:label1\" content=\"Est. reading time\" \/>\n\t<meta name=\"twitter:data1\" content=\"1\u00a0Minute\" \/>\n<script type=\"application\/ld+json\" class=\"yoast-schema-graph\">{\"@context\":\"https:\/\/schema.org\",\"@graph\":[{\"@type\":\"WebPage\",\"@id\":\"https:\/\/www.romantichoteltorino.com\/de\/zimmer-und-suiten\/junior-suiten\/\",\"url\":\"https:\/\/www.romantichoteltorino.com\/de\/zimmer-und-suiten\/junior-suiten\/\",\"name\":\"Junior Suiten ~ Romantic Hotel Furno ~\",\"isPartOf\":{\"@id\":\"https:\/\/www.romantichoteltorino.com\/de\/#website\"},\"datePublished\":\"2025-10-09T10:17:53+00:00\",\"dateModified\":\"2025-10-16T15:04:09+00:00\",\"description\":\"Alle unsere Junior-Suiten befinden sich zwischen der ersten und zweiten Etage und haben einen direkten Fensterzugang zu unserem Innenhof. Die Junior-Suiten sind ca. 28 m\u00b2 gro\u00df, aber jedes Zimmer ist individuell eingerichtet, so dass unsere G\u00e4ste die Atmosph\u00e4re vergangener Zeiten genie\u00dfen k\u00f6nnen, umgeben von einer Einrichtung, die an die Tradition erinnert. Alle Zimmer verf\u00fcgen \u00fcber ein Schlafsofa, ein gro\u00dfes Badezimmer mit Whirlpool und einen beheizten Kamin.\",\"breadcrumb\":{\"@id\":\"https:\/\/www.romantichoteltorino.com\/de\/zimmer-und-suiten\/junior-suiten\/#breadcrumb\"},\"inLanguage\":\"de\",\"potentialAction\":[{\"@type\":\"ReadAction\",\"target\":[\"https:\/\/www.romantichoteltorino.com\/de\/zimmer-und-suiten\/junior-suiten\/\"]}]},{\"@type\":\"BreadcrumbList\",\"@id\":\"https:\/\/www.romantichoteltorino.com\/de\/zimmer-und-suiten\/junior-suiten\/#breadcrumb\",\"itemListElement\":[{\"@type\":\"ListItem\",\"position\":1,\"name\":\"Home\",\"item\":\"https:\/\/www.romantichoteltorino.com\/de\/\"},{\"@type\":\"ListItem\",\"position\":2,\"name\":\"Zimmer und Suiten\",\"item\":\"https:\/\/www.romantichoteltorino.com\/de\/camere-e-suites\/\"},{\"@type\":\"ListItem\",\"position\":3,\"name\":\"Junior Suiten\"}]},{\"@type\":\"WebSite\",\"@id\":\"https:\/\/www.romantichoteltorino.com\/de\/#website\",\"url\":\"https:\/\/www.romantichoteltorino.com\/de\/\",\"name\":\"Romantic Hotel Furno\",\"description\":\"\",\"publisher\":{\"@id\":\"https:\/\/www.romantichoteltorino.com\/de\/#organization\"},\"potentialAction\":[{\"@type\":\"SearchAction\",\"target\":{\"@type\":\"EntryPoint\",\"urlTemplate\":\"https:\/\/www.romantichoteltorino.com\/de\/?s={search_term_string}\"},\"query-input\":{\"@type\":\"PropertyValueSpecification\",\"valueRequired\":true,\"valueName\":\"search_term_string\"}}],\"inLanguage\":\"de\"},{\"@type\":\"Organization\",\"@id\":\"https:\/\/www.romantichoteltorino.com\/de\/#organization\",\"name\":\"Romantic Hotel Furno\",\"alternateName\":\"Romantic Hotel Furno\",\"url\":\"https:\/\/www.romantichoteltorino.com\/de\/\",\"logo\":{\"@type\":\"ImageObject\",\"inLanguage\":\"de\",\"@id\":\"https:\/\/www.romantichoteltorino.com\/de\/#\/schema\/logo\/image\/\",\"url\":\"https:\/\/www.romantichoteltorino.com\/wp-content\/uploads\/sites\/10\/2025\/10\/logo_romantic_hotel_furno.png\",\"contentUrl\":\"https:\/\/www.romantichoteltorino.com\/wp-content\/uploads\/sites\/10\/2025\/10\/logo_romantic_hotel_furno.png\",\"width\":810,\"height\":424,\"caption\":\"Romantic Hotel Furno\"},\"image\":{\"@id\":\"https:\/\/www.romantichoteltorino.com\/de\/#\/schema\/logo\/image\/\"},\"sameAs\":[\"https:\/\/www.facebook.com\/people\/Romantic-Hotel-Furno\/100063757070053\/\",\"https:\/\/www.youtube.com\/watch?v=DTL29GtdEoo\",\"https:\/\/www.tripadvisor.co.uk\/Hotel_Review-g657831-d563544-Reviews-Romantic_Hotel_Furno-San_Francesco_al_Campo_Province_of_Turin_Piedmont.html\",\"https:\/\/x.com\/#!\/search\/realtime\/romantik hotel furno\"]}]}<\/script>\n<!-- \/ Yoast SEO plugin. -->","yoast_head_json":{"title":"Junior Suiten ~ Romantic Hotel Furno ~","description":"Alle unsere Junior-Suiten befinden sich zwischen der ersten und zweiten Etage und haben einen direkten Fensterzugang zu unserem Innenhof.  Die Junior-Suiten sind ca. 28 m\u00b2 gro\u00df, aber jedes Zimmer ist individuell eingerichtet, so dass unsere G\u00e4ste die Atmosph\u00e4re vergangener Zeiten genie\u00dfen k\u00f6nnen, umgeben von einer Einrichtung, die an die Tradition erinnert.  Alle Zimmer verf\u00fcgen \u00fcber ein Schlafsofa, ein gro\u00dfes Badezimmer mit Whirlpool und einen beheizten Kamin.","robots":{"index":"index","follow":"follow","max-snippet":"max-snippet:-1","max-image-preview":"max-image-preview:large","max-video-preview":"max-video-preview:-1"},"canonical":"https:\/\/www.romantichoteltorino.com\/de\/zimmer-und-suiten\/junior-suiten\/","og_locale":"de_DE","og_type":"article","og_title":"Junior Suiten ~ Romantic Hotel Furno ~","og_description":"Alle unsere Junior-Suiten befinden sich zwischen der ersten und zweiten Etage und haben einen direkten Fensterzugang zu unserem Innenhof.  Die Junior-Suiten sind ca. 28 m\u00b2 gro\u00df, aber jedes Zimmer ist individuell eingerichtet, so dass unsere G\u00e4ste die Atmosph\u00e4re vergangener Zeiten genie\u00dfen k\u00f6nnen, umgeben von einer Einrichtung, die an die Tradition erinnert.  Alle Zimmer verf\u00fcgen \u00fcber ein Schlafsofa, ein gro\u00dfes Badezimmer mit Whirlpool und einen beheizten Kamin.","og_url":"https:\/\/www.romantichoteltorino.com\/de\/zimmer-und-suiten\/junior-suiten\/","og_site_name":"Romantic Hotel Furno","article_publisher":"https:\/\/www.facebook.com\/people\/Romantic-Hotel-Furno\/100063757070053\/","article_modified_time":"2025-10-16T15:04:09+00:00","og_image":[{"width":2069,"height":1200,"url":"https:\/\/www.romantichoteltorino.com\/wp-content\/uploads\/sites\/10\/2025\/11\/hotel-furno-hotel.jpg","type":"image\/jpeg"}],"twitter_card":"summary_large_image","twitter_misc":{"Est. reading time":"1\u00a0Minute"},"schema":{"@context":"https:\/\/schema.org","@graph":[{"@type":"WebPage","@id":"https:\/\/www.romantichoteltorino.com\/de\/zimmer-und-suiten\/junior-suiten\/","url":"https:\/\/www.romantichoteltorino.com\/de\/zimmer-und-suiten\/junior-suiten\/","name":"Junior Suiten ~ Romantic Hotel Furno ~","isPartOf":{"@id":"https:\/\/www.romantichoteltorino.com\/de\/#website"},"datePublished":"2025-10-09T10:17:53+00:00","dateModified":"2025-10-16T15:04:09+00:00","description":"Alle unsere Junior-Suiten befinden sich zwischen der ersten und zweiten Etage und haben einen direkten Fensterzugang zu unserem Innenhof. Die Junior-Suiten sind ca. 28 m\u00b2 gro\u00df, aber jedes Zimmer ist individuell eingerichtet, so dass unsere G\u00e4ste die Atmosph\u00e4re vergangener Zeiten genie\u00dfen k\u00f6nnen, umgeben von einer Einrichtung, die an die Tradition erinnert. Alle Zimmer verf\u00fcgen \u00fcber ein Schlafsofa, ein gro\u00dfes Badezimmer mit Whirlpool und einen beheizten Kamin.","breadcrumb":{"@id":"https:\/\/www.romantichoteltorino.com\/de\/zimmer-und-suiten\/junior-suiten\/#breadcrumb"},"inLanguage":"de","potentialAction":[{"@type":"ReadAction","target":["https:\/\/www.romantichoteltorino.com\/de\/zimmer-und-suiten\/junior-suiten\/"]}]},{"@type":"BreadcrumbList","@id":"https:\/\/www.romantichoteltorino.com\/de\/zimmer-und-suiten\/junior-suiten\/#breadcrumb","itemListElement":[{"@type":"ListItem","position":1,"name":"Home","item":"https:\/\/www.romantichoteltorino.com\/de\/"},{"@type":"ListItem","position":2,"name":"Zimmer und Suiten","item":"https:\/\/www.romantichoteltorino.com\/de\/camere-e-suites\/"},{"@type":"ListItem","position":3,"name":"Junior Suiten"}]},{"@type":"WebSite","@id":"https:\/\/www.romantichoteltorino.com\/de\/#website","url":"https:\/\/www.romantichoteltorino.com\/de\/","name":"Romantic Hotel Furno","description":"","publisher":{"@id":"https:\/\/www.romantichoteltorino.com\/de\/#organization"},"potentialAction":[{"@type":"SearchAction","target":{"@type":"EntryPoint","urlTemplate":"https:\/\/www.romantichoteltorino.com\/de\/?s={search_term_string}"},"query-input":{"@type":"PropertyValueSpecification","valueRequired":true,"valueName":"search_term_string"}}],"inLanguage":"de"},{"@type":"Organization","@id":"https:\/\/www.romantichoteltorino.com\/de\/#organization","name":"Romantic Hotel Furno","alternateName":"Romantic Hotel Furno","url":"https:\/\/www.romantichoteltorino.com\/de\/","logo":{"@type":"ImageObject","inLanguage":"de","@id":"https:\/\/www.romantichoteltorino.com\/de\/#\/schema\/logo\/image\/","url":"https:\/\/www.romantichoteltorino.com\/wp-content\/uploads\/sites\/10\/2025\/10\/logo_romantic_hotel_furno.png","contentUrl":"https:\/\/www.romantichoteltorino.com\/wp-content\/uploads\/sites\/10\/2025\/10\/logo_romantic_hotel_furno.png","width":810,"height":424,"caption":"Romantic Hotel Furno"},"image":{"@id":"https:\/\/www.romantichoteltorino.com\/de\/#\/schema\/logo\/image\/"},"sameAs":["https:\/\/www.facebook.com\/people\/Romantic-Hotel-Furno\/100063757070053\/","https:\/\/www.youtube.com\/watch?v=DTL29GtdEoo","https:\/\/www.tripadvisor.co.uk\/Hotel_Review-g657831-d563544-Reviews-Romantic_Hotel_Furno-San_Francesco_al_Campo_Province_of_Turin_Piedmont.html","https:\/\/x.com\/#!\/search\/realtime\/romantik hotel furno"]}]}},"acf":[],"_links":{"self":[{"href":"https:\/\/www.romantichoteltorino.com\/de\/wp-json\/wp\/v2\/pages\/309","targetHints":{"allow":["GET"]}}],"collection":[{"href":"https:\/\/www.romantichoteltorino.com\/de\/wp-json\/wp\/v2\/pages"}],"about":[{"href":"https:\/\/www.romantichoteltorino.com\/de\/wp-json\/wp\/v2\/types\/page"}],"author":[{"embeddable":true,"href":"https:\/\/www.romantichoteltorino.com\/de\/wp-json\/wp\/v2\/users\/6"}],"replies":[{"embeddable":true,"href":"https:\/\/www.romantichoteltorino.com\/de\/wp-json\/wp\/v2\/comments?post=309"}],"version-history":[{"count":0,"href":"https:\/\/www.romantichoteltorino.com\/de\/wp-json\/wp\/v2\/pages\/309\/revisions"}],"up":[{"embeddable":true,"href":"https:\/\/www.romantichoteltorino.com\/de\/wp-json\/wp\/v2\/pages\/284"}],"wp:attachment":[{"href":"https:\/\/www.romantichoteltorino.com\/de\/wp-json\/wp\/v2\/media?parent=309"}],"curies":[{"name":"wp","href":"https:\/\/api.w.org\/{rel}","templated":true}]}}