{"id":284,"date":"2025-10-09T10:14:51","date_gmt":"2025-10-09T10:14:51","guid":{"rendered":"https:\/\/romantichotelfurno.ms3.decms.eu\/?page_id=284"},"modified":"2025-10-15T15:35:22","modified_gmt":"2025-10-15T15:35:22","slug":"zimmer-und-suiten","status":"publish","type":"page","link":"https:\/\/www.romantichoteltorino.com\/de\/zimmer-und-suiten\/","title":{"rendered":"Zimmer und Suiten"},"content":{"rendered":"<p>Das Hotel verf\u00fcgt \u00fcber 21 Standard Zimmer, 7 Deluxe Zimmer mit Whirlpool und 8 Junior Suiten mit Whirlpool und Kamin. Unsere Zimmer sind mit Geschmack eingerichtet, bis in die kleinsten Details ausgew\u00e4hlt und jedes weist seinen eigenen und einzigartigen Stil auf. Das Geb\u00e4ude ist aus der gelungenen Restaurierung eines alten Landgutes hervorgegangen und wird mit feinsten Innenausstattungen bereichert, wobei einige noch die alten Ziegel an den W\u00e4nden und die Originalholzbalken an der Decke aufweisen. Alle Zimmer verf\u00fcgen \u00fcber den modernsten Komfort: LCD DGTV Fernseher, Telefon mit direkter Linie, Klimaanlage, individuell regulierbare Heizung, F\u00f6hn, gro\u00dfer Tresor, Hausschuhe, Hygieneset, Mini-Bar, Wireless und schneller Internetzugang. F\u00fcr jene G\u00e4ste, die in der Junior Suite n\u00e4chtigen, stehen au\u00dferdem weiche Badem\u00e4ntel zur Verf\u00fcgung.<\/p>\n<p>Zwei Zimmer sind behindertengerecht ausgestattet.<\/p>\n<p>Wenn Sie sich in einem unserer Zimmer aufhalten, werden Sie den Eindruck haben, in einer traditionellen und historischen Umgebung die Luft einer anderen Zeit einzuatmen, ohne auf die modernsten Technologien verzichten zu m\u00fcssen.<\/p>\n","protected":false},"excerpt":{"rendered":"<p>Das Hotel verf\u00fcgt \u00fcber 21 Standard Zimmer, 7 Deluxe Zimmer mit Whirlpool und 8 Junior Suiten mit Whirlpool und Kamin. Unsere Zimmer sind mit Geschmack eingerichtet, bis in die kleinsten Details ausgew\u00e4hlt und jedes weist seinen eigenen und einzigartigen Stil auf. Das Geb\u00e4ude ist aus der gelungenen Restaurierung eines alten Landgutes hervorgegangen und wird mit [&hellip;]<\/p>\n","protected":false},"author":6,"featured_media":0,"parent":0,"menu_order":20,"comment_status":"closed","ping_status":"closed","template":"template-rooms.php","meta":{"footnotes":""},"class_list":["post-284","page","type-page","status-publish","hentry"],"yoast_head":"<!-- This site is optimized with the Yoast SEO plugin v26.9 - https:\/\/yoast.com\/product\/yoast-seo-wordpress\/ -->\n<title>Zimmer und Suiten ~ Romantic Hotel Furno ~<\/title>\n<meta name=\"description\" content=\"Das Hotel verf\u00fcgt \u00fcber 21 Standard Zimmer, 7 Deluxe Zimmer mit Whirlpool und 8 Junior Suiten mit Whirlpool und Kamin. Unsere Zimmer sind mit Geschmack eingerichtet, bis in die kleinsten Details ausgew\u00e4hlt und jedes weist seinen eigenen und einzigartigen Stil auf\" \/>\n<meta name=\"robots\" content=\"index, follow, max-snippet:-1, max-image-preview:large, max-video-preview:-1\" \/>\n<link rel=\"canonical\" href=\"https:\/\/www.romantichoteltorino.com\/de\/zimmer-und-suiten\/\" \/>\n<meta property=\"og:locale\" content=\"de_DE\" \/>\n<meta property=\"og:type\" content=\"article\" \/>\n<meta property=\"og:title\" content=\"Zimmer und Suiten ~ Romantic Hotel Furno ~\" \/>\n<meta property=\"og:description\" content=\"Das Hotel verf\u00fcgt \u00fcber 21 Standard Zimmer, 7 Deluxe Zimmer mit Whirlpool und 8 Junior Suiten mit Whirlpool und Kamin. Unsere Zimmer sind mit Geschmack eingerichtet, bis in die kleinsten Details ausgew\u00e4hlt und jedes weist seinen eigenen und einzigartigen Stil auf\" \/>\n<meta property=\"og:url\" content=\"https:\/\/www.romantichoteltorino.com\/de\/zimmer-und-suiten\/\" \/>\n<meta property=\"og:site_name\" content=\"Romantic Hotel Furno\" \/>\n<meta property=\"article:publisher\" content=\"https:\/\/www.facebook.com\/people\/Romantic-Hotel-Furno\/100063757070053\/\" \/>\n<meta property=\"article:modified_time\" content=\"2025-10-15T15:35:22+00:00\" \/>\n<meta property=\"og:image\" content=\"https:\/\/www.romantichoteltorino.com\/wp-content\/uploads\/sites\/10\/2025\/11\/hotel-furno-hotel.jpg\" \/>\n\t<meta property=\"og:image:width\" content=\"2069\" \/>\n\t<meta property=\"og:image:height\" content=\"1200\" \/>\n\t<meta property=\"og:image:type\" content=\"image\/jpeg\" \/>\n<meta name=\"twitter:card\" content=\"summary_large_image\" \/>\n<meta name=\"twitter:label1\" content=\"Est. reading time\" \/>\n\t<meta name=\"twitter:data1\" content=\"1\u00a0Minute\" \/>\n<script type=\"application\/ld+json\" class=\"yoast-schema-graph\">{\"@context\":\"https:\/\/schema.org\",\"@graph\":[{\"@type\":\"WebPage\",\"@id\":\"https:\/\/www.romantichoteltorino.com\/de\/zimmer-und-suiten\/\",\"url\":\"https:\/\/www.romantichoteltorino.com\/de\/zimmer-und-suiten\/\",\"name\":\"Zimmer und Suiten ~ Romantic Hotel Furno ~\",\"isPartOf\":{\"@id\":\"https:\/\/www.romantichoteltorino.com\/de\/#website\"},\"datePublished\":\"2025-10-09T10:14:51+00:00\",\"dateModified\":\"2025-10-15T15:35:22+00:00\",\"description\":\"Das Hotel verf\u00fcgt \u00fcber 21 Standard Zimmer, 7 Deluxe Zimmer mit Whirlpool und 8 Junior Suiten mit Whirlpool und Kamin. Unsere Zimmer sind mit Geschmack eingerichtet, bis in die kleinsten Details ausgew\u00e4hlt und jedes weist seinen eigenen und einzigartigen Stil auf\",\"breadcrumb\":{\"@id\":\"https:\/\/www.romantichoteltorino.com\/de\/zimmer-und-suiten\/#breadcrumb\"},\"inLanguage\":\"de\",\"potentialAction\":[{\"@type\":\"ReadAction\",\"target\":[\"https:\/\/www.romantichoteltorino.com\/de\/zimmer-und-suiten\/\"]}]},{\"@type\":\"BreadcrumbList\",\"@id\":\"https:\/\/www.romantichoteltorino.com\/de\/zimmer-und-suiten\/#breadcrumb\",\"itemListElement\":[{\"@type\":\"ListItem\",\"position\":1,\"name\":\"Home\",\"item\":\"https:\/\/www.romantichoteltorino.com\/de\/\"},{\"@type\":\"ListItem\",\"position\":2,\"name\":\"Zimmer und Suiten\"}]},{\"@type\":\"WebSite\",\"@id\":\"https:\/\/www.romantichoteltorino.com\/de\/#website\",\"url\":\"https:\/\/www.romantichoteltorino.com\/de\/\",\"name\":\"Romantic Hotel Furno\",\"description\":\"\",\"publisher\":{\"@id\":\"https:\/\/www.romantichoteltorino.com\/de\/#organization\"},\"potentialAction\":[{\"@type\":\"SearchAction\",\"target\":{\"@type\":\"EntryPoint\",\"urlTemplate\":\"https:\/\/www.romantichoteltorino.com\/de\/?s={search_term_string}\"},\"query-input\":{\"@type\":\"PropertyValueSpecification\",\"valueRequired\":true,\"valueName\":\"search_term_string\"}}],\"inLanguage\":\"de\"},{\"@type\":\"Organization\",\"@id\":\"https:\/\/www.romantichoteltorino.com\/de\/#organization\",\"name\":\"Romantic Hotel Furno\",\"alternateName\":\"Romantic Hotel Furno\",\"url\":\"https:\/\/www.romantichoteltorino.com\/de\/\",\"logo\":{\"@type\":\"ImageObject\",\"inLanguage\":\"de\",\"@id\":\"https:\/\/www.romantichoteltorino.com\/de\/#\/schema\/logo\/image\/\",\"url\":\"https:\/\/www.romantichoteltorino.com\/wp-content\/uploads\/sites\/10\/2025\/10\/logo_romantic_hotel_furno.png\",\"contentUrl\":\"https:\/\/www.romantichoteltorino.com\/wp-content\/uploads\/sites\/10\/2025\/10\/logo_romantic_hotel_furno.png\",\"width\":810,\"height\":424,\"caption\":\"Romantic Hotel Furno\"},\"image\":{\"@id\":\"https:\/\/www.romantichoteltorino.com\/de\/#\/schema\/logo\/image\/\"},\"sameAs\":[\"https:\/\/www.facebook.com\/people\/Romantic-Hotel-Furno\/100063757070053\/\",\"https:\/\/www.youtube.com\/watch?v=DTL29GtdEoo\",\"https:\/\/www.tripadvisor.co.uk\/Hotel_Review-g657831-d563544-Reviews-Romantic_Hotel_Furno-San_Francesco_al_Campo_Province_of_Turin_Piedmont.html\",\"https:\/\/x.com\/#!\/search\/realtime\/romantik hotel furno\"]}]}<\/script>\n<!-- \/ Yoast SEO plugin. -->","yoast_head_json":{"title":"Zimmer und Suiten ~ Romantic Hotel Furno ~","description":"Das Hotel verf\u00fcgt \u00fcber 21 Standard Zimmer, 7 Deluxe Zimmer mit Whirlpool und 8 Junior Suiten mit Whirlpool und Kamin. Unsere Zimmer sind mit Geschmack eingerichtet, bis in die kleinsten Details ausgew\u00e4hlt und jedes weist seinen eigenen und einzigartigen Stil auf","robots":{"index":"index","follow":"follow","max-snippet":"max-snippet:-1","max-image-preview":"max-image-preview:large","max-video-preview":"max-video-preview:-1"},"canonical":"https:\/\/www.romantichoteltorino.com\/de\/zimmer-und-suiten\/","og_locale":"de_DE","og_type":"article","og_title":"Zimmer und Suiten ~ Romantic Hotel Furno ~","og_description":"Das Hotel verf\u00fcgt \u00fcber 21 Standard Zimmer, 7 Deluxe Zimmer mit Whirlpool und 8 Junior Suiten mit Whirlpool und Kamin. Unsere Zimmer sind mit Geschmack eingerichtet, bis in die kleinsten Details ausgew\u00e4hlt und jedes weist seinen eigenen und einzigartigen Stil auf","og_url":"https:\/\/www.romantichoteltorino.com\/de\/zimmer-und-suiten\/","og_site_name":"Romantic Hotel Furno","article_publisher":"https:\/\/www.facebook.com\/people\/Romantic-Hotel-Furno\/100063757070053\/","article_modified_time":"2025-10-15T15:35:22+00:00","og_image":[{"width":2069,"height":1200,"url":"https:\/\/www.romantichoteltorino.com\/wp-content\/uploads\/sites\/10\/2025\/11\/hotel-furno-hotel.jpg","type":"image\/jpeg"}],"twitter_card":"summary_large_image","twitter_misc":{"Est. reading time":"1\u00a0Minute"},"schema":{"@context":"https:\/\/schema.org","@graph":[{"@type":"WebPage","@id":"https:\/\/www.romantichoteltorino.com\/de\/zimmer-und-suiten\/","url":"https:\/\/www.romantichoteltorino.com\/de\/zimmer-und-suiten\/","name":"Zimmer und Suiten ~ Romantic Hotel Furno ~","isPartOf":{"@id":"https:\/\/www.romantichoteltorino.com\/de\/#website"},"datePublished":"2025-10-09T10:14:51+00:00","dateModified":"2025-10-15T15:35:22+00:00","description":"Das Hotel verf\u00fcgt \u00fcber 21 Standard Zimmer, 7 Deluxe Zimmer mit Whirlpool und 8 Junior Suiten mit Whirlpool und Kamin. Unsere Zimmer sind mit Geschmack eingerichtet, bis in die kleinsten Details ausgew\u00e4hlt und jedes weist seinen eigenen und einzigartigen Stil auf","breadcrumb":{"@id":"https:\/\/www.romantichoteltorino.com\/de\/zimmer-und-suiten\/#breadcrumb"},"inLanguage":"de","potentialAction":[{"@type":"ReadAction","target":["https:\/\/www.romantichoteltorino.com\/de\/zimmer-und-suiten\/"]}]},{"@type":"BreadcrumbList","@id":"https:\/\/www.romantichoteltorino.com\/de\/zimmer-und-suiten\/#breadcrumb","itemListElement":[{"@type":"ListItem","position":1,"name":"Home","item":"https:\/\/www.romantichoteltorino.com\/de\/"},{"@type":"ListItem","position":2,"name":"Zimmer und Suiten"}]},{"@type":"WebSite","@id":"https:\/\/www.romantichoteltorino.com\/de\/#website","url":"https:\/\/www.romantichoteltorino.com\/de\/","name":"Romantic Hotel Furno","description":"","publisher":{"@id":"https:\/\/www.romantichoteltorino.com\/de\/#organization"},"potentialAction":[{"@type":"SearchAction","target":{"@type":"EntryPoint","urlTemplate":"https:\/\/www.romantichoteltorino.com\/de\/?s={search_term_string}"},"query-input":{"@type":"PropertyValueSpecification","valueRequired":true,"valueName":"search_term_string"}}],"inLanguage":"de"},{"@type":"Organization","@id":"https:\/\/www.romantichoteltorino.com\/de\/#organization","name":"Romantic Hotel Furno","alternateName":"Romantic Hotel Furno","url":"https:\/\/www.romantichoteltorino.com\/de\/","logo":{"@type":"ImageObject","inLanguage":"de","@id":"https:\/\/www.romantichoteltorino.com\/de\/#\/schema\/logo\/image\/","url":"https:\/\/www.romantichoteltorino.com\/wp-content\/uploads\/sites\/10\/2025\/10\/logo_romantic_hotel_furno.png","contentUrl":"https:\/\/www.romantichoteltorino.com\/wp-content\/uploads\/sites\/10\/2025\/10\/logo_romantic_hotel_furno.png","width":810,"height":424,"caption":"Romantic Hotel Furno"},"image":{"@id":"https:\/\/www.romantichoteltorino.com\/de\/#\/schema\/logo\/image\/"},"sameAs":["https:\/\/www.facebook.com\/people\/Romantic-Hotel-Furno\/100063757070053\/","https:\/\/www.youtube.com\/watch?v=DTL29GtdEoo","https:\/\/www.tripadvisor.co.uk\/Hotel_Review-g657831-d563544-Reviews-Romantic_Hotel_Furno-San_Francesco_al_Campo_Province_of_Turin_Piedmont.html","https:\/\/x.com\/#!\/search\/realtime\/romantik hotel furno"]}]}},"acf":[],"_links":{"self":[{"href":"https:\/\/www.romantichoteltorino.com\/de\/wp-json\/wp\/v2\/pages\/284","targetHints":{"allow":["GET"]}}],"collection":[{"href":"https:\/\/www.romantichoteltorino.com\/de\/wp-json\/wp\/v2\/pages"}],"about":[{"href":"https:\/\/www.romantichoteltorino.com\/de\/wp-json\/wp\/v2\/types\/page"}],"author":[{"embeddable":true,"href":"https:\/\/www.romantichoteltorino.com\/de\/wp-json\/wp\/v2\/users\/6"}],"replies":[{"embeddable":true,"href":"https:\/\/www.romantichoteltorino.com\/de\/wp-json\/wp\/v2\/comments?post=284"}],"version-history":[{"count":0,"href":"https:\/\/www.romantichoteltorino.com\/de\/wp-json\/wp\/v2\/pages\/284\/revisions"}],"wp:attachment":[{"href":"https:\/\/www.romantichoteltorino.com\/de\/wp-json\/wp\/v2\/media?parent=284"}],"curies":[{"name":"wp","href":"https:\/\/api.w.org\/{rel}","templated":true}]}}