{"id":281,"date":"2025-10-09T08:50:33","date_gmt":"2025-10-09T08:50:33","guid":{"rendered":"https:\/\/romantichotelfurno.ms3.decms.eu\/?page_id=281"},"modified":"2025-10-15T15:33:21","modified_gmt":"2025-10-15T15:33:21","slug":"sample-page","status":"publish","type":"page","link":"https:\/\/www.romantichoteltorino.com\/de\/","title":{"rendered":"Romantic Hotel Furno"},"content":{"rendered":"<p style=\"text-align: center;\">Willkommen im Romantic Hotel Furno, einem eleganten 4-Sterne Hotel, das aus der gelungenen Restaurierung eins alten Landgutes aus dem achtzehnten Jahrhundert hervorging. Vor den Toren von Turin, in San Francesco al Campo und in n\u00e4chster N\u00e4he zum internationalen Flughafen &#8222;Sandro Pertini&#8220; von Caselle (TRN) sowie zum renommierten Schloss Venaria Reale und dem Mandria Park empf\u00e4ngt der Komplex seine G\u00e4ste in einer entspannten Landschaft mit einem wundersch\u00f6n bl\u00fchenden Garten, einem Teich und immergr\u00fcnen B\u00e4umen. Das Hotel verf\u00fcgt \u00fcber 37 Zimmer, in Standard, Deluxe und Junior Suite Qualit\u00e4t, die geschmackvoll dekoriert sind, wobei jedes seinen eigenen Stil aufweist und mit allem Komfort ausgestattet ist. Seine reservierten S\u00e4le und der Salon mit den wundersch\u00f6nen Ziegelgew\u00f6lben machen den Aufenthalt im Hotel zu einem unvergesslichen Erlebnis.<\/p>\n<p style=\"text-align: center;\">Das Restaurant Relais ist ein vornehmes Restaurant, das in der Lage ist, die gastronomischen Freuden mit der Liebe zu den Details zu verbinden, wo eine K\u00fcche guter Schule die Werte der regionalen Gastronomie respektiert.<\/p>\n<p style=\"text-align: center;\">\nEntdecken Sie den einzigartigen Geschmack unserer Tradition in einer romantischen Atmosph\u00e4re<strong>.<\/strong><\/p>\n<p class=\"furno\" style=\"text-align: center;\">Gianfranco Furno<\/p>\n","protected":false},"excerpt":{"rendered":"<p>Willkommen im Romantic Hotel Furno, einem eleganten 4-Sterne Hotel, das aus der gelungenen Restaurierung eins alten Landgutes aus dem achtzehnten Jahrhundert hervorging. Vor den Toren von Turin, in San Francesco al Campo und in n\u00e4chster N\u00e4he zum internationalen Flughafen &#8222;Sandro Pertini&#8220; von Caselle (TRN) sowie zum renommierten Schloss Venaria Reale und dem Mandria Park empf\u00e4ngt [&hellip;]<\/p>\n","protected":false},"author":6,"featured_media":0,"parent":0,"menu_order":10,"comment_status":"closed","ping_status":"closed","template":"","meta":{"footnotes":""},"class_list":["post-281","page","type-page","status-publish","hentry"],"yoast_head":"<!-- This site is optimized with the Yoast SEO plugin v26.9 - https:\/\/yoast.com\/product\/yoast-seo-wordpress\/ -->\n<title>Romantic Hotel Furno ~ Romantic Hotel Furno ~<\/title>\n<meta name=\"description\" content=\"Willkommen im Romantic Hotel Furno, einem eleganten 4-Sterne Hotel, das aus der gelungenen Restaurierung eins alten Landgutes aus dem achtzehnten Jahrhundert hervorging. Vor den Toren von Turin, in San Francesco al Campo und in n\u00e4chster N\u00e4he zum internationalen Flughafen &quot;Sandro Pertini&quot; von Caselle (TRN) sowie zum renommierten Schloss Venaria Reale und dem Mandria Park empf\u00e4ngt der Komplex seine G\u00e4ste in einer entspannten Landschaft mit einem wundersch\u00f6n bl\u00fchenden Garten, einem Teich und immergr\u00fcnen B\u00e4umen\" \/>\n<meta name=\"robots\" content=\"index, follow, max-snippet:-1, max-image-preview:large, max-video-preview:-1\" \/>\n<link rel=\"canonical\" href=\"https:\/\/www.romantichoteltorino.com\/de\/\" \/>\n<meta property=\"og:locale\" content=\"de_DE\" \/>\n<meta property=\"og:type\" content=\"article\" \/>\n<meta property=\"og:title\" content=\"Romantic Hotel Furno ~ Romantic Hotel Furno ~\" \/>\n<meta property=\"og:description\" content=\"Willkommen im Romantic Hotel Furno, einem eleganten 4-Sterne Hotel, das aus der gelungenen Restaurierung eins alten Landgutes aus dem achtzehnten Jahrhundert hervorging. Vor den Toren von Turin, in San Francesco al Campo und in n\u00e4chster N\u00e4he zum internationalen Flughafen &quot;Sandro Pertini&quot; von Caselle (TRN) sowie zum renommierten Schloss Venaria Reale und dem Mandria Park empf\u00e4ngt der Komplex seine G\u00e4ste in einer entspannten Landschaft mit einem wundersch\u00f6n bl\u00fchenden Garten, einem Teich und immergr\u00fcnen B\u00e4umen\" \/>\n<meta property=\"og:url\" content=\"https:\/\/www.romantichoteltorino.com\/de\/\" \/>\n<meta property=\"og:site_name\" content=\"Romantic Hotel Furno\" \/>\n<meta property=\"article:publisher\" content=\"https:\/\/www.facebook.com\/people\/Romantic-Hotel-Furno\/100063757070053\/\" \/>\n<meta property=\"article:modified_time\" content=\"2025-10-15T15:33:21+00:00\" \/>\n<meta property=\"og:image\" content=\"https:\/\/www.romantichoteltorino.com\/wp-content\/uploads\/sites\/10\/2025\/11\/hotel-furno-hotel.jpg\" \/>\n\t<meta property=\"og:image:width\" content=\"2069\" \/>\n\t<meta property=\"og:image:height\" content=\"1200\" \/>\n\t<meta property=\"og:image:type\" content=\"image\/jpeg\" \/>\n<meta name=\"twitter:card\" content=\"summary_large_image\" \/>\n<meta name=\"twitter:label1\" content=\"Est. reading time\" \/>\n\t<meta name=\"twitter:data1\" content=\"1\u00a0Minute\" \/>\n<script type=\"application\/ld+json\" class=\"yoast-schema-graph\">{\"@context\":\"https:\/\/schema.org\",\"@graph\":[{\"@type\":\"WebPage\",\"@id\":\"https:\/\/www.romantichoteltorino.com\/de\/\",\"url\":\"https:\/\/www.romantichoteltorino.com\/de\/\",\"name\":\"Romantic Hotel Furno ~ Romantic Hotel Furno ~\",\"isPartOf\":{\"@id\":\"https:\/\/www.romantichoteltorino.com\/de\/#website\"},\"datePublished\":\"2025-10-09T08:50:33+00:00\",\"dateModified\":\"2025-10-15T15:33:21+00:00\",\"description\":\"Willkommen im Romantic Hotel Furno, einem eleganten 4-Sterne Hotel, das aus der gelungenen Restaurierung eins alten Landgutes aus dem achtzehnten Jahrhundert hervorging. Vor den Toren von Turin, in San Francesco al Campo und in n\u00e4chster N\u00e4he zum internationalen Flughafen \\\"Sandro Pertini\\\" von Caselle (TRN) sowie zum renommierten Schloss Venaria Reale und dem Mandria Park empf\u00e4ngt der Komplex seine G\u00e4ste in einer entspannten Landschaft mit einem wundersch\u00f6n bl\u00fchenden Garten, einem Teich und immergr\u00fcnen B\u00e4umen\",\"breadcrumb\":{\"@id\":\"https:\/\/www.romantichoteltorino.com\/de\/#breadcrumb\"},\"inLanguage\":\"de\",\"potentialAction\":[{\"@type\":\"ReadAction\",\"target\":[\"https:\/\/www.romantichoteltorino.com\/de\/\"]}]},{\"@type\":\"BreadcrumbList\",\"@id\":\"https:\/\/www.romantichoteltorino.com\/de\/#breadcrumb\",\"itemListElement\":[{\"@type\":\"ListItem\",\"position\":1,\"name\":\"Home\",\"item\":\"https:\/\/www.romantichoteltorino.com\/de\/\"},{\"@type\":\"ListItem\",\"position\":2,\"name\":\"Romantic Hotel Furno\"}]},{\"@type\":\"WebSite\",\"@id\":\"https:\/\/www.romantichoteltorino.com\/de\/#website\",\"url\":\"https:\/\/www.romantichoteltorino.com\/de\/\",\"name\":\"Romantic Hotel Furno\",\"description\":\"\",\"publisher\":{\"@id\":\"https:\/\/www.romantichoteltorino.com\/de\/#organization\"},\"potentialAction\":[{\"@type\":\"SearchAction\",\"target\":{\"@type\":\"EntryPoint\",\"urlTemplate\":\"https:\/\/www.romantichoteltorino.com\/de\/?s={search_term_string}\"},\"query-input\":{\"@type\":\"PropertyValueSpecification\",\"valueRequired\":true,\"valueName\":\"search_term_string\"}}],\"inLanguage\":\"de\"},{\"@type\":\"Organization\",\"@id\":\"https:\/\/www.romantichoteltorino.com\/de\/#organization\",\"name\":\"Romantic Hotel Furno\",\"alternateName\":\"Romantic Hotel Furno\",\"url\":\"https:\/\/www.romantichoteltorino.com\/de\/\",\"logo\":{\"@type\":\"ImageObject\",\"inLanguage\":\"de\",\"@id\":\"https:\/\/www.romantichoteltorino.com\/de\/#\/schema\/logo\/image\/\",\"url\":\"https:\/\/www.romantichoteltorino.com\/wp-content\/uploads\/sites\/10\/2025\/10\/logo_romantic_hotel_furno.png\",\"contentUrl\":\"https:\/\/www.romantichoteltorino.com\/wp-content\/uploads\/sites\/10\/2025\/10\/logo_romantic_hotel_furno.png\",\"width\":810,\"height\":424,\"caption\":\"Romantic Hotel Furno\"},\"image\":{\"@id\":\"https:\/\/www.romantichoteltorino.com\/de\/#\/schema\/logo\/image\/\"},\"sameAs\":[\"https:\/\/www.facebook.com\/people\/Romantic-Hotel-Furno\/100063757070053\/\",\"https:\/\/www.youtube.com\/watch?v=DTL29GtdEoo\",\"https:\/\/www.tripadvisor.co.uk\/Hotel_Review-g657831-d563544-Reviews-Romantic_Hotel_Furno-San_Francesco_al_Campo_Province_of_Turin_Piedmont.html\",\"https:\/\/x.com\/#!\/search\/realtime\/romantik hotel furno\"]}]}<\/script>\n<!-- \/ Yoast SEO plugin. -->","yoast_head_json":{"title":"Romantic Hotel Furno ~ Romantic Hotel Furno ~","description":"Willkommen im Romantic Hotel Furno, einem eleganten 4-Sterne Hotel, das aus der gelungenen Restaurierung eins alten Landgutes aus dem achtzehnten Jahrhundert hervorging. Vor den Toren von Turin, in San Francesco al Campo und in n\u00e4chster N\u00e4he zum internationalen Flughafen \"Sandro Pertini\" von Caselle (TRN) sowie zum renommierten Schloss Venaria Reale und dem Mandria Park empf\u00e4ngt der Komplex seine G\u00e4ste in einer entspannten Landschaft mit einem wundersch\u00f6n bl\u00fchenden Garten, einem Teich und immergr\u00fcnen B\u00e4umen","robots":{"index":"index","follow":"follow","max-snippet":"max-snippet:-1","max-image-preview":"max-image-preview:large","max-video-preview":"max-video-preview:-1"},"canonical":"https:\/\/www.romantichoteltorino.com\/de\/","og_locale":"de_DE","og_type":"article","og_title":"Romantic Hotel Furno ~ Romantic Hotel Furno ~","og_description":"Willkommen im Romantic Hotel Furno, einem eleganten 4-Sterne Hotel, das aus der gelungenen Restaurierung eins alten Landgutes aus dem achtzehnten Jahrhundert hervorging. Vor den Toren von Turin, in San Francesco al Campo und in n\u00e4chster N\u00e4he zum internationalen Flughafen \"Sandro Pertini\" von Caselle (TRN) sowie zum renommierten Schloss Venaria Reale und dem Mandria Park empf\u00e4ngt der Komplex seine G\u00e4ste in einer entspannten Landschaft mit einem wundersch\u00f6n bl\u00fchenden Garten, einem Teich und immergr\u00fcnen B\u00e4umen","og_url":"https:\/\/www.romantichoteltorino.com\/de\/","og_site_name":"Romantic Hotel Furno","article_publisher":"https:\/\/www.facebook.com\/people\/Romantic-Hotel-Furno\/100063757070053\/","article_modified_time":"2025-10-15T15:33:21+00:00","og_image":[{"width":2069,"height":1200,"url":"https:\/\/www.romantichoteltorino.com\/wp-content\/uploads\/sites\/10\/2025\/11\/hotel-furno-hotel.jpg","type":"image\/jpeg"}],"twitter_card":"summary_large_image","twitter_misc":{"Est. reading time":"1\u00a0Minute"},"schema":{"@context":"https:\/\/schema.org","@graph":[{"@type":"WebPage","@id":"https:\/\/www.romantichoteltorino.com\/de\/","url":"https:\/\/www.romantichoteltorino.com\/de\/","name":"Romantic Hotel Furno ~ Romantic Hotel Furno ~","isPartOf":{"@id":"https:\/\/www.romantichoteltorino.com\/de\/#website"},"datePublished":"2025-10-09T08:50:33+00:00","dateModified":"2025-10-15T15:33:21+00:00","description":"Willkommen im Romantic Hotel Furno, einem eleganten 4-Sterne Hotel, das aus der gelungenen Restaurierung eins alten Landgutes aus dem achtzehnten Jahrhundert hervorging. Vor den Toren von Turin, in San Francesco al Campo und in n\u00e4chster N\u00e4he zum internationalen Flughafen \"Sandro Pertini\" von Caselle (TRN) sowie zum renommierten Schloss Venaria Reale und dem Mandria Park empf\u00e4ngt der Komplex seine G\u00e4ste in einer entspannten Landschaft mit einem wundersch\u00f6n bl\u00fchenden Garten, einem Teich und immergr\u00fcnen B\u00e4umen","breadcrumb":{"@id":"https:\/\/www.romantichoteltorino.com\/de\/#breadcrumb"},"inLanguage":"de","potentialAction":[{"@type":"ReadAction","target":["https:\/\/www.romantichoteltorino.com\/de\/"]}]},{"@type":"BreadcrumbList","@id":"https:\/\/www.romantichoteltorino.com\/de\/#breadcrumb","itemListElement":[{"@type":"ListItem","position":1,"name":"Home","item":"https:\/\/www.romantichoteltorino.com\/de\/"},{"@type":"ListItem","position":2,"name":"Romantic Hotel Furno"}]},{"@type":"WebSite","@id":"https:\/\/www.romantichoteltorino.com\/de\/#website","url":"https:\/\/www.romantichoteltorino.com\/de\/","name":"Romantic Hotel Furno","description":"","publisher":{"@id":"https:\/\/www.romantichoteltorino.com\/de\/#organization"},"potentialAction":[{"@type":"SearchAction","target":{"@type":"EntryPoint","urlTemplate":"https:\/\/www.romantichoteltorino.com\/de\/?s={search_term_string}"},"query-input":{"@type":"PropertyValueSpecification","valueRequired":true,"valueName":"search_term_string"}}],"inLanguage":"de"},{"@type":"Organization","@id":"https:\/\/www.romantichoteltorino.com\/de\/#organization","name":"Romantic Hotel Furno","alternateName":"Romantic Hotel Furno","url":"https:\/\/www.romantichoteltorino.com\/de\/","logo":{"@type":"ImageObject","inLanguage":"de","@id":"https:\/\/www.romantichoteltorino.com\/de\/#\/schema\/logo\/image\/","url":"https:\/\/www.romantichoteltorino.com\/wp-content\/uploads\/sites\/10\/2025\/10\/logo_romantic_hotel_furno.png","contentUrl":"https:\/\/www.romantichoteltorino.com\/wp-content\/uploads\/sites\/10\/2025\/10\/logo_romantic_hotel_furno.png","width":810,"height":424,"caption":"Romantic Hotel Furno"},"image":{"@id":"https:\/\/www.romantichoteltorino.com\/de\/#\/schema\/logo\/image\/"},"sameAs":["https:\/\/www.facebook.com\/people\/Romantic-Hotel-Furno\/100063757070053\/","https:\/\/www.youtube.com\/watch?v=DTL29GtdEoo","https:\/\/www.tripadvisor.co.uk\/Hotel_Review-g657831-d563544-Reviews-Romantic_Hotel_Furno-San_Francesco_al_Campo_Province_of_Turin_Piedmont.html","https:\/\/x.com\/#!\/search\/realtime\/romantik hotel furno"]}]}},"acf":[],"_links":{"self":[{"href":"https:\/\/www.romantichoteltorino.com\/de\/wp-json\/wp\/v2\/pages\/281","targetHints":{"allow":["GET"]}}],"collection":[{"href":"https:\/\/www.romantichoteltorino.com\/de\/wp-json\/wp\/v2\/pages"}],"about":[{"href":"https:\/\/www.romantichoteltorino.com\/de\/wp-json\/wp\/v2\/types\/page"}],"author":[{"embeddable":true,"href":"https:\/\/www.romantichoteltorino.com\/de\/wp-json\/wp\/v2\/users\/6"}],"replies":[{"embeddable":true,"href":"https:\/\/www.romantichoteltorino.com\/de\/wp-json\/wp\/v2\/comments?post=281"}],"version-history":[{"count":0,"href":"https:\/\/www.romantichoteltorino.com\/de\/wp-json\/wp\/v2\/pages\/281\/revisions"}],"wp:attachment":[{"href":"https:\/\/www.romantichoteltorino.com\/de\/wp-json\/wp\/v2\/media?parent=281"}],"curies":[{"name":"wp","href":"https:\/\/api.w.org\/{rel}","templated":true}]}}