{"id":265,"date":"2025-10-09T10:16:54","date_gmt":"2025-10-09T10:16:54","guid":{"rendered":"https:\/\/romantichotelfurno.ms3.decms.eu\/?page_id=265"},"modified":"2025-10-22T13:56:09","modified_gmt":"2025-10-22T13:56:09","slug":"datenschutzrichtlinie","status":"publish","type":"page","link":"https:\/\/www.romantichoteltorino.com\/de\/datenschutzrichtlinie\/","title":{"rendered":"Datenschutzrichtlinie"},"content":{"rendered":"<p>INFORMATIVA PRIVACY (RE 2016\/679)<\/p>\n<p>* TITOLARE DEL TRATTAMENTO<br \/>\nIn questa sezione sono esposte le modalit\u00e0 di gestione del sito relativamente al trattamento dei dati personali degli utenti che lo consultano. Si tratta di un&#8217;informativa che \u00e8 resa anche ai sensi dell\u2019art. 13 e 14 del Regolamento (UE) 2016\/679 a coloro che interagiscono con i servizi web collegati, accessibili per via telematica a partire dall&#8217;indirizzo:<br \/>\n<a href=\"http:\/\/www.romantichoteltorino.com\">www.romantichoteltorino.com<\/a><br \/>\nQuesto documento tiene conto anche della Raccomandazione n. 2\/2001 che le autorit\u00e0 europee per la protezione dei dati personali hanno adottato per individuare i requisiti minimi per la raccolta di dati personali online.<br \/>\nL&#8217;informativa \u00e8 resa solo per il sito <a href=\"http:\/\/www.romantichoteltorino.com\">www.romantichoteltorino.com<\/a> \u00a0e non anche per altri siti web eventualmente consultati dall&#8217;utente tramite link.<br \/>\n<strong>Il Titolare del trattamento \u00e8 GIANFRANCO FURNO con sede legale in via Appia Antica 56, 72010 Torre Canne di Fasano (BR) <\/strong><\/p>\n<p>* DATI E MODALITA&#8216; DEL TRATTAMENTO<br \/>\nI trattamenti connessi ai servizi web di questo sito sono curati solo da personale tecnico del servizio incaricato del trattamento. Nessun dato derivante dal servizio web viene comunicato o diffuso. I dati personali forniti dagli utenti che inoltrano richieste di invio di materiale informativo sono utilizzati al solo fine di eseguire il servizio o la prestazione richiesta e sono comunicati a terzi nel solo caso in cui ci\u00f2 sia a tal fine necessario.<br \/>\nIl trattamento dei dati personali derivante dall\u2019installazione e dall\u2019utilizzo delle APP \u00e8 svolto per consentire di utilizzare i servizi distribuiti attraverso tale applicazione.<br \/>\nPer i clienti, alcuni dei dati raccolti dalle app (es. dati relativi alla geolocalizzazione) potranno essere anche utilizzati per finalit\u00e0 di profilazione ai fini dell\u2019offerta di prodotti e servizi, sulla base dei consensi espressi.<br \/>\nIn seguito al download e all\u2019installazione dell&#8217;app vengono rilevati automaticamente dal dispositivo mobile il modello utilizzato, nonch\u00e9 il tipo e la versione del sistema operativo usato. Queste informazioni ci aiutano a fornire le prestazioni richieste e a gestire l\u2019app, analizzare il suo uso, proteggere l\u2019app e il suo contenuto da un uso inadeguato o inappropriato e migliorare l\u2019esperienza dell\u2019utente.<br \/>\nI dati personali sono utilizzati per mettere a disposizione l&#8217;app, curarne la manutenzione e migliorarla, comunicare con gli utenti.<br \/>\nIl download dell&#8217;App viene, inoltre, utilizzato come dato numerico al solo fine di ricavare informazioni statistiche anonime circa il numero degli utenti che effettuano il download dell&#8217;app stessa.<\/p>\n<p>* MODALITA&#8216; DEL TRATTAMENTO<\/p>\n<p>I dati personali sono trattati con strumenti automatizzati per il tempo strettamente necessario a conseguire gli scopi per cui sono stati raccolti. Specifiche misure di sicurezza sono osservate per prevenire la perdita dei dati, usi illeciti o non corretti ed accessi non autorizzati.<br \/>\nSi segnala che i sistemi informatici e le procedure software preposte al funzionamento delle app (Apple Store, Google Play o Windows Phone Store) acquisiscono, nel corso del loro normale esercizio, alcuni dati comunque riferibili all\u2019utente la cui trasmissione \u00e8 implicita nell&#8217;uso dei protocolli di comunicazione internet, degli smartphone e dei dispositivi utilizzati.<br \/>\nLa banca non \u00e8 coinvolta in tali trattamenti n\u00e9 pu\u00f2 esserne considerata responsabile.<br \/>\nL&#8217;interessato potr\u00e0, comunque, consultare le informazioni sulla privacy rese disponibili sui seguenti siti:<strong><br \/>\nApple Store<\/strong>: <a href=\"https:\/\/www.apple.com\/legal\/internet-services\/itunes\/it\/terms.html\">https:\/\/www.apple.com\/legal\/internet-services\/itunes\/it\/terms.html<\/a><br \/>\n<strong>Google Play<\/strong>: <a href=\"https:\/\/play.google.com\/intl\/it_it\/about\/play-terms.html\">https:\/\/play.google.com\/intl\/it_it\/about\/play-terms.html<\/a><br \/>\n<strong>Windows Phone Store<\/strong>: <a href=\"https:\/\/privacy.microsoft.com\/it-it\/privacystatement\">https:\/\/privacy.microsoft.com\/it-it\/privacystatement<\/a><\/p>\n<p>&nbsp;<\/p>\n<p>* MODALITA&#8216; DEL TRATTAMENTO<\/p>\n<p>I sistemi informatici e le procedure software preposte al funzionamento di questo sito web acquisiscono, nel corso del loro normale esercizio e per la sola durata della connessione, alcuni dati personali la cui trasmissione \u00e8 implicita nell&#8217;uso dei protocolli di comunicazione di Internet.<br \/>\nSi tratta di informazioni che non sono raccolte per essere associate a interessati identificati, ma che per loro stessa natura potrebbero, attraverso elaborazioni ed associazioni con dati detenuti da terzi, permettere di identificare gli utenti.<br \/>\nIn questa categoria di dati rientrano gli indirizzi IP o i nomi a dominio dei computer utilizzati dagli utenti che si connettono al sito, gli indirizzi in notazione URI (Uniform Resource Identifier) delle risorse richieste, l&#8217;orario della richiesta, il metodo utilizzato nel sottoporre la richiesta al server, la dimensione del file ottenuto in risposta, il codice numerico indicante lo stato della risposta data dal server (buon fine, errore, ecc.) ed altri parametri relativi al sistema operativo e all&#8217;ambiente informatico dell&#8217;utente.<br \/>\nQuesti dati possono essere utilizzati:<\/p>\n<ul>\n<li>per adempiere a prescrizioni dettate da normative nazionali e comunitarie nonch\u00e9 a disposizioni impartite da Organi di Vigilanza e Controllo, anche in relazione agli obblighi di monitoraggio di rischi operativi;<\/li>\n<li>per l&#8217;accertamento di responsabilit\u00e0 in caso di ipotetici reati informatici ai danni del sito e per accertamenti in caso di eventuali contenziosi.<\/li>\n<\/ul>\n<p>Salvo queste eventualit\u00e0, allo stato i dati raccolti (sia mediante sito web che mediante app) persistono sui server per un periodo di 12 mesi.<br \/>\nI dati vengono inoltre utilizzati al fine di ricavare informazioni statistiche anonime sull&#8217;uso del sito e per controllarne il corretto funzionamento.<br \/>\nPer quanto attiene ai dati salvati dalla app nel keystore del device, sulla base del sistema operativo utilizzato si segnala quanto segue:<\/p>\n<ul>\n<li>Android: i dati sono salvati nelle shared preferences fino a quando il cliente non esegue \u201cCancella dati\u201d da Gestione Applicazioni oppure non disinstalla l\u2019App;<\/li>\n<li>iOS: i dati sono salvati nel keystore.<\/li>\n<li>Windows Phone: i dati sono salvati nel keystore fino a quando il cliente non disinstalla l&#8217;App.<\/li>\n<\/ul>\n<p>Il sito non \u00e8 coinvolto in tali trattamenti; per ulteriori informazioni relativamente al salvataggio e cancellazione dei dati sul device vi invitiamo a fare riferimento ai produttori dei sistemi operativi utilizzati.<\/p>\n<p>* DATI FORNITI VOLONTARIAMENTE DALL&#8217;UTENTE<\/p>\n<p>L&#8217;invio facoltativo, esplicito e volontario di posta elettronica agli indirizzi indicati su questo sito comporta la successiva acquisizione dell&#8217;indirizzo del mittente, necessario per rispondere alle richieste, nonch\u00e9 degli eventuali altri dati personali inseriti nella missiva. L&#8217;utilizzazione dei dati personali per l&#8217;eventuale invio di materiale pubblicitario, informazioni commerciali, vendita di prodotti o servizi, potr\u00e0 avvenire solo previo rilascio del consenso da parte del mittente, barrando l&#8217;apposita casella. Specifiche informative di sintesi verranno progressivamente riportate o visualizzate nelle pagine del sito predisposte per particolari servizi a richiesta<\/p>\n<p>&nbsp;<\/p>\n<p>&nbsp;<\/p>\n<p>* DIRITTI DELL\u2019INTERESSATO<\/p>\n<p><strong>Diritto di accesso<\/strong><br \/>\nLei potr\u00e0 ottenere la conferma che sia o meno in corso un trattamento dei Suoi Dati Personali e, in tal caso, ottenere l&#8217;accesso ai Dati Personali ed alle informazioni previste dall\u2019art. 15 del Regolamento, tra le quali, a titolo esemplificativo: le finalit\u00e0 del trattamento, le categorie di Dati Personali trattati etc\u2026<br \/>\n<strong>Qualora i Dati Personali siano trasferiti a un paese terzo o a un&#8217;organizzazione<\/strong><br \/>\ninternazionale, Lei ha il diritto di essere informato dell&#8217;esistenza di garanzie adeguate relative al trasferimento.<br \/>\nSe richiesto, potr\u00e0 essere fornita una copia dei Dati Personali oggetto di trattamento. Per le eventuali ulteriori copie potr\u00e0 essere addebitato un contributo spese ragionevole basato sui costi amministrativi. Se la richiesta in questione \u00e8 presentata mediante mezzi elettronici, e salvo diversa indicazione, le informazioni Le verranno fornite in un formato elettronico di uso comune.<br \/>\n<strong>Diritto di rettifica<\/strong><br \/>\nLei potr\u00e0 ottenere la rettifica dei Suoi Dati Personali che risultano inesatti come pure, tenuto conto delle finalit\u00e0 del trattamento, l\u2019integrazione degli stessi, qualora risultino incompleti, fornendo una dichiarazione integrativa.<br \/>\n<strong>Diritto alla cancellazione<\/strong><br \/>\nLei potr\u00e0 ottenere dal Titolare la cancellazione dei Suoi Dati Personali, se sussiste uno dei motivi previsti dall\u2019art. 17 del Regolamento, tra cui, a titolo esemplificativo, qualora i Dati Personali non sono pi\u00f9 necessari rispetto alle finalit\u00e0 per le quali sono stati raccolti o altrimenti trattati o qualora il consenso su cui si basa il trattamento dei Suoi Dati Personali \u00e8 stato da Lei revocato e non sussiste altro fondamento giuridico per il trattamento. La informiamo che non si potr\u00e0 procedere alla cancellazione dei Suoi Dati Personali: qualora il loro trattamento sia necessario, ad esempio, per l&#8217;adempimento di un obbligo di legge, per motivi di interesse pubblico, per l&#8217;accertamento, l&#8217;esercizio o la difesa di un diritto in sede giudiziaria.<br \/>\n<strong>Diritto di limitazione di trattamento<\/strong><br \/>\nLei potr\u00e0 ottenere la limitazione del trattamento dei Suoi Dati Personali qualora ricorra una delle ipotesi previste dall\u2019art. 18 del Regolamento, tra le quali, ad esempio: a fronte di una Sua contestazione circa l&#8217;esattezza dei Suoi Dati Personali oggetto di trattamento o qualora i Suoi Dati Personali le siano necessari per l&#8217;accertamento, l&#8217;esercizio o la difesa di un diritto in sede giudiziaria, bench\u00e9 non se ne abbia pi\u00f9 bisogno ai fini del trattamento.<br \/>\n<strong>Diritto alla portabilit\u00e0 dei dati<\/strong><br \/>\nQualora il trattamento dei Suoi Dati Personali si basi sul consenso o sia necessario per l\u2019esecuzione di un contratto o di misure precontrattuali e il trattamento sia effettuato con mezzi automatizzati, Lei potr\u00e0:<br \/>\n&#8211; richiedere di ricevere i Dati Personali da Lei forniti in un formato strutturato, di uso comune e leggibile da dispositivo automatico (esempio: computer e\/o tablet);<br \/>\n&#8211; trasmettere i Suoi Dati Personali ricevuti ad un altro soggetto Titolare del trattamento senza impedimenti.<br \/>\nPotr\u00e0 inoltre richiedere che i Suoi Dati Personali vengano trasmessi direttamente ad un altro soggetto titolare del trattamento da Lei indicato, se ci\u00f2 sia tecnicamente fattibile. In questo caso, sar\u00e0 Sua cura fornirci tutti gli estremi esatti del nuovo titolare del trattamento a cui intenda trasferire i Suoi Dati Personali, fornendoci apposita autorizzazione scritta.<\/p>\n<p>&nbsp;<\/p>\n<p><strong>Diritto di opposizione<\/strong><br \/>\nLei potr\u00e0 opporsi in qualsiasi momento al trattamento dei Suoi Dati Personali qualora il trattamento venga effettuato per l\u2019esecuzione di un\u2019attivit\u00e0 di interesse pubblico o per il perseguimento di un interesse legittimo del Titolare (compresa l\u2019attivit\u00e0 di profilazione). Qualora Lei decidesse di esercitare il diritto di opposizione qui descritto, ci si asterr\u00e0 dal trattare ulteriormente i Suoi dati personali, a meno che non vi siano motivi legittimi per procedere al trattamento (motivi prevalenti sugli interessi, sui diritti e sulle libert\u00e0 dell&#8217;interessato), oppure il trattamento sia necessario per l&#8217;accertamento, l&#8217;esercizio o la difesa in giudizio di un diritto.<br \/>\n<strong>Processo decisionale automatizzato relativo alle persone fisiche, compresa la profilazione<\/strong><br \/>\nNon vengono eseguiti trattamenti di questo tipo<br \/>\n<strong>Diritto di proporre un reclamo all\u2019Autorit\u00e0 Garante per la protezione dei dati personali<\/strong><br \/>\nFatto salvo il Suo diritto di ricorrere in ogni altra sede amministrativa o giurisdizionale, qualora ritenesse che il trattamento dei Suoi Dati Personali da parte del Titolare avvenga in violazione del Regolamento e\/o della normativa applicabile potr\u00e0 proporre reclamo all\u2019Autorit\u00e0 Garante per la Protezione dei dati personali competente.<\/p>\n<p>Per tutte le questioni relative al trattamento dei Suoi Dati Personali e\/o per esercitare i diritti previsti dal Regolamento, pu\u00f2 fare riferimento a:<br \/>\nAlessandro Furno\u00a0<a href=\"mailto:info@romantikhotelfurno.it\">info@romantikhotelfurno.it<\/a>\u00a0Conferimento di consenso ai sensi dell&#8217;art. 23 del D.Lgs. 196\/03<\/p>\n","protected":false},"excerpt":{"rendered":"<p>INFORMATIVA PRIVACY (RE 2016\/679) * TITOLARE DEL TRATTAMENTO In questa sezione sono esposte le modalit\u00e0 di gestione del sito relativamente al trattamento dei dati personali degli utenti che lo consultano. Si tratta di un&#8217;informativa che \u00e8 resa anche ai sensi dell\u2019art. 13 e 14 del Regolamento (UE) 2016\/679 a coloro che interagiscono con i servizi [&hellip;]<\/p>\n","protected":false},"author":6,"featured_media":0,"parent":0,"menu_order":120,"comment_status":"closed","ping_status":"closed","template":"template-default-4.php","meta":{"footnotes":""},"class_list":["post-265","page","type-page","status-publish","hentry"],"yoast_head":"<!-- This site is optimized with the Yoast SEO plugin v26.9 - https:\/\/yoast.com\/product\/yoast-seo-wordpress\/ -->\n<title>Datenschutzrichtlinie ~ Romantic Hotel Furno ~<\/title>\n<meta name=\"description\" content=\"INFORMATIVA PRIVACY (RE 2016\/679)  * TITOLARE DEL TRATTAMENTO In questa sezione sono esposte le modalit\u00e0 di gestione del sito relativamente al trattamento dei dati personali degli utenti che lo consultano. Si tratta di un&#039;informativa che \u00e8 resa anche ai sensi dell\u2019art\" \/>\n<meta name=\"robots\" content=\"index, follow, max-snippet:-1, max-image-preview:large, max-video-preview:-1\" \/>\n<link rel=\"canonical\" href=\"https:\/\/www.romantichoteltorino.com\/de\/datenschutzrichtlinie\/\" \/>\n<meta property=\"og:locale\" content=\"de_DE\" \/>\n<meta property=\"og:type\" content=\"article\" \/>\n<meta property=\"og:title\" content=\"Datenschutzrichtlinie ~ Romantic Hotel Furno ~\" \/>\n<meta property=\"og:description\" content=\"INFORMATIVA PRIVACY (RE 2016\/679)  * TITOLARE DEL TRATTAMENTO In questa sezione sono esposte le modalit\u00e0 di gestione del sito relativamente al trattamento dei dati personali degli utenti che lo consultano. Si tratta di un&#039;informativa che \u00e8 resa anche ai sensi dell\u2019art\" \/>\n<meta property=\"og:url\" content=\"https:\/\/www.romantichoteltorino.com\/de\/datenschutzrichtlinie\/\" \/>\n<meta property=\"og:site_name\" content=\"Romantic Hotel Furno\" \/>\n<meta property=\"article:publisher\" content=\"https:\/\/www.facebook.com\/people\/Romantic-Hotel-Furno\/100063757070053\/\" \/>\n<meta property=\"article:modified_time\" content=\"2025-10-22T13:56:09+00:00\" \/>\n<meta property=\"og:image\" content=\"https:\/\/www.romantichoteltorino.com\/wp-content\/uploads\/sites\/10\/2025\/11\/hotel-furno-hotel.jpg\" \/>\n\t<meta property=\"og:image:width\" content=\"2069\" \/>\n\t<meta property=\"og:image:height\" content=\"1200\" \/>\n\t<meta property=\"og:image:type\" content=\"image\/jpeg\" \/>\n<meta name=\"twitter:card\" content=\"summary_large_image\" \/>\n<meta name=\"twitter:label1\" content=\"Est. reading time\" \/>\n\t<meta name=\"twitter:data1\" content=\"8\u00a0Minuten\" \/>\n<script type=\"application\/ld+json\" class=\"yoast-schema-graph\">{\"@context\":\"https:\/\/schema.org\",\"@graph\":[{\"@type\":\"WebPage\",\"@id\":\"https:\/\/www.romantichoteltorino.com\/de\/datenschutzrichtlinie\/\",\"url\":\"https:\/\/www.romantichoteltorino.com\/de\/datenschutzrichtlinie\/\",\"name\":\"Datenschutzrichtlinie ~ Romantic Hotel Furno ~\",\"isPartOf\":{\"@id\":\"https:\/\/www.romantichoteltorino.com\/de\/#website\"},\"datePublished\":\"2025-10-09T10:16:54+00:00\",\"dateModified\":\"2025-10-22T13:56:09+00:00\",\"description\":\"INFORMATIVA PRIVACY (RE 2016\/679) * TITOLARE DEL TRATTAMENTO In questa sezione sono esposte le modalit\u00e0 di gestione del sito relativamente al trattamento dei dati personali degli utenti che lo consultano. Si tratta di un'informativa che \u00e8 resa anche ai sensi dell\u2019art\",\"breadcrumb\":{\"@id\":\"https:\/\/www.romantichoteltorino.com\/de\/datenschutzrichtlinie\/#breadcrumb\"},\"inLanguage\":\"de\",\"potentialAction\":[{\"@type\":\"ReadAction\",\"target\":[\"https:\/\/www.romantichoteltorino.com\/de\/datenschutzrichtlinie\/\"]}]},{\"@type\":\"BreadcrumbList\",\"@id\":\"https:\/\/www.romantichoteltorino.com\/de\/datenschutzrichtlinie\/#breadcrumb\",\"itemListElement\":[{\"@type\":\"ListItem\",\"position\":1,\"name\":\"Home\",\"item\":\"https:\/\/www.romantichoteltorino.com\/de\/\"},{\"@type\":\"ListItem\",\"position\":2,\"name\":\"Datenschutzrichtlinie\"}]},{\"@type\":\"WebSite\",\"@id\":\"https:\/\/www.romantichoteltorino.com\/de\/#website\",\"url\":\"https:\/\/www.romantichoteltorino.com\/de\/\",\"name\":\"Romantic Hotel Furno\",\"description\":\"\",\"publisher\":{\"@id\":\"https:\/\/www.romantichoteltorino.com\/de\/#organization\"},\"potentialAction\":[{\"@type\":\"SearchAction\",\"target\":{\"@type\":\"EntryPoint\",\"urlTemplate\":\"https:\/\/www.romantichoteltorino.com\/de\/?s={search_term_string}\"},\"query-input\":{\"@type\":\"PropertyValueSpecification\",\"valueRequired\":true,\"valueName\":\"search_term_string\"}}],\"inLanguage\":\"de\"},{\"@type\":\"Organization\",\"@id\":\"https:\/\/www.romantichoteltorino.com\/de\/#organization\",\"name\":\"Romantic Hotel Furno\",\"alternateName\":\"Romantic Hotel Furno\",\"url\":\"https:\/\/www.romantichoteltorino.com\/de\/\",\"logo\":{\"@type\":\"ImageObject\",\"inLanguage\":\"de\",\"@id\":\"https:\/\/www.romantichoteltorino.com\/de\/#\/schema\/logo\/image\/\",\"url\":\"https:\/\/www.romantichoteltorino.com\/wp-content\/uploads\/sites\/10\/2025\/10\/logo_romantic_hotel_furno.png\",\"contentUrl\":\"https:\/\/www.romantichoteltorino.com\/wp-content\/uploads\/sites\/10\/2025\/10\/logo_romantic_hotel_furno.png\",\"width\":810,\"height\":424,\"caption\":\"Romantic Hotel Furno\"},\"image\":{\"@id\":\"https:\/\/www.romantichoteltorino.com\/de\/#\/schema\/logo\/image\/\"},\"sameAs\":[\"https:\/\/www.facebook.com\/people\/Romantic-Hotel-Furno\/100063757070053\/\",\"https:\/\/www.youtube.com\/watch?v=DTL29GtdEoo\",\"https:\/\/www.tripadvisor.co.uk\/Hotel_Review-g657831-d563544-Reviews-Romantic_Hotel_Furno-San_Francesco_al_Campo_Province_of_Turin_Piedmont.html\",\"https:\/\/x.com\/#!\/search\/realtime\/romantik hotel furno\"]}]}<\/script>\n<!-- \/ Yoast SEO plugin. -->","yoast_head_json":{"title":"Datenschutzrichtlinie ~ Romantic Hotel Furno ~","description":"INFORMATIVA PRIVACY (RE 2016\/679)  * TITOLARE DEL TRATTAMENTO In questa sezione sono esposte le modalit\u00e0 di gestione del sito relativamente al trattamento dei dati personali degli utenti che lo consultano. Si tratta di un'informativa che \u00e8 resa anche ai sensi dell\u2019art","robots":{"index":"index","follow":"follow","max-snippet":"max-snippet:-1","max-image-preview":"max-image-preview:large","max-video-preview":"max-video-preview:-1"},"canonical":"https:\/\/www.romantichoteltorino.com\/de\/datenschutzrichtlinie\/","og_locale":"de_DE","og_type":"article","og_title":"Datenschutzrichtlinie ~ Romantic Hotel Furno ~","og_description":"INFORMATIVA PRIVACY (RE 2016\/679)  * TITOLARE DEL TRATTAMENTO In questa sezione sono esposte le modalit\u00e0 di gestione del sito relativamente al trattamento dei dati personali degli utenti che lo consultano. Si tratta di un'informativa che \u00e8 resa anche ai sensi dell\u2019art","og_url":"https:\/\/www.romantichoteltorino.com\/de\/datenschutzrichtlinie\/","og_site_name":"Romantic Hotel Furno","article_publisher":"https:\/\/www.facebook.com\/people\/Romantic-Hotel-Furno\/100063757070053\/","article_modified_time":"2025-10-22T13:56:09+00:00","og_image":[{"width":2069,"height":1200,"url":"https:\/\/www.romantichoteltorino.com\/wp-content\/uploads\/sites\/10\/2025\/11\/hotel-furno-hotel.jpg","type":"image\/jpeg"}],"twitter_card":"summary_large_image","twitter_misc":{"Est. reading time":"8\u00a0Minuten"},"schema":{"@context":"https:\/\/schema.org","@graph":[{"@type":"WebPage","@id":"https:\/\/www.romantichoteltorino.com\/de\/datenschutzrichtlinie\/","url":"https:\/\/www.romantichoteltorino.com\/de\/datenschutzrichtlinie\/","name":"Datenschutzrichtlinie ~ Romantic Hotel Furno ~","isPartOf":{"@id":"https:\/\/www.romantichoteltorino.com\/de\/#website"},"datePublished":"2025-10-09T10:16:54+00:00","dateModified":"2025-10-22T13:56:09+00:00","description":"INFORMATIVA PRIVACY (RE 2016\/679) * TITOLARE DEL TRATTAMENTO In questa sezione sono esposte le modalit\u00e0 di gestione del sito relativamente al trattamento dei dati personali degli utenti che lo consultano. Si tratta di un'informativa che \u00e8 resa anche ai sensi dell\u2019art","breadcrumb":{"@id":"https:\/\/www.romantichoteltorino.com\/de\/datenschutzrichtlinie\/#breadcrumb"},"inLanguage":"de","potentialAction":[{"@type":"ReadAction","target":["https:\/\/www.romantichoteltorino.com\/de\/datenschutzrichtlinie\/"]}]},{"@type":"BreadcrumbList","@id":"https:\/\/www.romantichoteltorino.com\/de\/datenschutzrichtlinie\/#breadcrumb","itemListElement":[{"@type":"ListItem","position":1,"name":"Home","item":"https:\/\/www.romantichoteltorino.com\/de\/"},{"@type":"ListItem","position":2,"name":"Datenschutzrichtlinie"}]},{"@type":"WebSite","@id":"https:\/\/www.romantichoteltorino.com\/de\/#website","url":"https:\/\/www.romantichoteltorino.com\/de\/","name":"Romantic Hotel Furno","description":"","publisher":{"@id":"https:\/\/www.romantichoteltorino.com\/de\/#organization"},"potentialAction":[{"@type":"SearchAction","target":{"@type":"EntryPoint","urlTemplate":"https:\/\/www.romantichoteltorino.com\/de\/?s={search_term_string}"},"query-input":{"@type":"PropertyValueSpecification","valueRequired":true,"valueName":"search_term_string"}}],"inLanguage":"de"},{"@type":"Organization","@id":"https:\/\/www.romantichoteltorino.com\/de\/#organization","name":"Romantic Hotel Furno","alternateName":"Romantic Hotel Furno","url":"https:\/\/www.romantichoteltorino.com\/de\/","logo":{"@type":"ImageObject","inLanguage":"de","@id":"https:\/\/www.romantichoteltorino.com\/de\/#\/schema\/logo\/image\/","url":"https:\/\/www.romantichoteltorino.com\/wp-content\/uploads\/sites\/10\/2025\/10\/logo_romantic_hotel_furno.png","contentUrl":"https:\/\/www.romantichoteltorino.com\/wp-content\/uploads\/sites\/10\/2025\/10\/logo_romantic_hotel_furno.png","width":810,"height":424,"caption":"Romantic Hotel Furno"},"image":{"@id":"https:\/\/www.romantichoteltorino.com\/de\/#\/schema\/logo\/image\/"},"sameAs":["https:\/\/www.facebook.com\/people\/Romantic-Hotel-Furno\/100063757070053\/","https:\/\/www.youtube.com\/watch?v=DTL29GtdEoo","https:\/\/www.tripadvisor.co.uk\/Hotel_Review-g657831-d563544-Reviews-Romantic_Hotel_Furno-San_Francesco_al_Campo_Province_of_Turin_Piedmont.html","https:\/\/x.com\/#!\/search\/realtime\/romantik hotel furno"]}]}},"acf":[],"_links":{"self":[{"href":"https:\/\/www.romantichoteltorino.com\/de\/wp-json\/wp\/v2\/pages\/265","targetHints":{"allow":["GET"]}}],"collection":[{"href":"https:\/\/www.romantichoteltorino.com\/de\/wp-json\/wp\/v2\/pages"}],"about":[{"href":"https:\/\/www.romantichoteltorino.com\/de\/wp-json\/wp\/v2\/types\/page"}],"author":[{"embeddable":true,"href":"https:\/\/www.romantichoteltorino.com\/de\/wp-json\/wp\/v2\/users\/6"}],"replies":[{"embeddable":true,"href":"https:\/\/www.romantichoteltorino.com\/de\/wp-json\/wp\/v2\/comments?post=265"}],"version-history":[{"count":0,"href":"https:\/\/www.romantichoteltorino.com\/de\/wp-json\/wp\/v2\/pages\/265\/revisions"}],"wp:attachment":[{"href":"https:\/\/www.romantichoteltorino.com\/de\/wp-json\/wp\/v2\/media?parent=265"}],"curies":[{"name":"wp","href":"https:\/\/api.w.org\/{rel}","templated":true}]}}